{"id":28850,"date":"2015-12-29T11:39:39","date_gmt":"2015-12-29T11:39:39","guid":{"rendered":"http:\/\/carnescofetacasa.com\/Producte\/xoric-fresc\/"},"modified":"2025-04-10T10:33:20","modified_gmt":"2025-04-10T08:33:20","slug":"xoric-fresc","status":"publish","type":"product","link":"https:\/\/escofetoliver.com\/es\/tienda\/elaborados\/frescos-es\/xoric-fresc\/","title":{"rendered":"Chorizo fresco &#8211; 2 unidades &#8211; 140 g"},"content":{"rendered":"<p>Chorizo fresco de gran sabor y m\u00e1xima calidad. Elaborado artesanalment por Escofe Oliver. Embutido en tripa natural.<\/p>\n<p><strong>Al\u00e9rgenos\u00a0<\/strong>Derivados de la LECHE.<\/p>\n<p><strong>Ingredientes<\/strong><\/p>\n<p>Carne de cerdo, agua, sal, piment\u00f3n, dextrina de ma\u00edz, prote\u00edna de leche, lactosa, estabilizantes (E-450 y E-452); ajo, dextrosa, antioxidante (E-301); colorantes (E-120 y E-160 c); conservantes (E-224, E-252 y E-262); oleorresina de piment\u00f3n (E-160 c), especias y tripa natural.<\/p>\n<p><strong>Caducidad<\/strong>: Envase abierta; conservar entre 0\u00baC y 4\u00baC 2 d\u00edas.<\/p>\n","protected":false},"excerpt":{"rendered":"<p>Bandeja con 2 piezas entera de aproximadamente 140 g de peso.<\/p>\n","protected":false},"featured_media":28848,"comment_status":"open","ping_status":"closed","template":"","meta":{"_acf_changed":false},"product_brand":[],"product_cat":[5858,5946],"product_tag":[7556,7741,8744,7495,7535],"class_list":{"0":"post-28850","1":"product","2":"type-product","3":"status-publish","4":"has-post-thumbnail","6":"product_cat-elaborados","7":"product_cat-frescos-es","8":"product_tag-carn-barcelona-es","9":"product_tag-brou-es","10":"product_tag-xoric-es","11":"product_tag-escofet-oliver-es","12":"product_tag-carnisseria-online-es","13":"pa_preciokg-1790-es","14":"pa_promotional-no-es-2","16":"first","17":"instock","18":"taxable","19":"shipping-taxable","20":"purchasable","21":"product-type-simple"},"acf":[],"_links":{"self":[{"href":"https:\/\/escofetoliver.com\/es\/wp-json\/wp\/v2\/product\/28850","targetHints":{"allow":["GET"]}}],"collection":[{"href":"https:\/\/escofetoliver.com\/es\/wp-json\/wp\/v2\/product"}],"about":[{"href":"https:\/\/escofetoliver.com\/es\/wp-json\/wp\/v2\/types\/product"}],"replies":[{"embeddable":true,"href":"https:\/\/escofetoliver.com\/es\/wp-json\/wp\/v2\/comments?post=28850"}],"wp:featuredmedia":[{"embeddable":true,"href":"https:\/\/escofetoliver.com\/es\/wp-json\/wp\/v2\/media\/28848"}],"wp:attachment":[{"href":"https:\/\/escofetoliver.com\/es\/wp-json\/wp\/v2\/media?parent=28850"}],"wp:term":[{"taxonomy":"product_brand","embeddable":true,"href":"https:\/\/escofetoliver.com\/es\/wp-json\/wp\/v2\/product_brand?post=28850"},{"taxonomy":"product_cat","embeddable":true,"href":"https:\/\/escofetoliver.com\/es\/wp-json\/wp\/v2\/product_cat?post=28850"},{"taxonomy":"product_tag","embeddable":true,"href":"https:\/\/escofetoliver.com\/es\/wp-json\/wp\/v2\/product_tag?post=28850"}],"curies":[{"name":"wp","href":"https:\/\/api.w.org\/{rel}","templated":true}]}}