{"id":28836,"date":"2015-12-29T11:17:57","date_gmt":"2015-12-29T11:17:57","guid":{"rendered":"http:\/\/carnescofetacasa.com\/Producte\/botifarro-ceba\/"},"modified":"2025-02-05T16:10:41","modified_gmt":"2025-02-05T15:10:41","slug":"botifarro-ceba","status":"publish","type":"product","link":"https:\/\/escofetoliver.com\/es\/tienda\/elaborados\/frescos-es\/botifarro-ceba\/","title":{"rendered":"Morcilla de cebolla &#8211; 4 unidades &#8211; 460 g"},"content":{"rendered":"<p>Morcilla de cebolla, ideal para hacer a la plancha o a la brasa.<\/p>\n<p>Al\u00e9rgenos: GLUTEN, frutos secos.<\/p>\n<p>Ingredientes<\/p>\n<p>Cebolla (35%), Sangre, Tocino y cortezas de cerdo, Harina de arroz y ma\u00edz, Almid\u00f3n de ma\u00edz, Sal, Pi\u00f1ones(1%), Mezcla de especias, Dextrosa, Antioxidante (E-326), Estabilizante (E-471), Conservantes (E-262, E-270).<\/p>\n<p>Caducidad: Una vez abierto consumir antes de 5 d\u00edas<\/p>\n","protected":false},"excerpt":{"rendered":"<p>Bandeja con 4 piezas de aproximadamente 460 g de peso.<\/p>\n","protected":false},"featured_media":28834,"comment_status":"open","ping_status":"closed","template":"","meta":{"_acf_changed":false},"product_brand":[],"product_cat":[5858,5946],"product_tag":[7495,7535,7544,8754],"class_list":{"0":"post-28836","1":"product","2":"type-product","3":"status-publish","4":"has-post-thumbnail","6":"product_cat-elaborados","7":"product_cat-frescos-es","8":"product_tag-escofet-oliver-es","9":"product_tag-carnisseria-online-es","10":"product_tag-carn-es","11":"product_tag-morcilla-es","12":"pa_preciokg-8631","13":"pa_promotional-no-es-2","15":"first","16":"instock","17":"taxable","18":"shipping-taxable","19":"purchasable","20":"product-type-simple"},"acf":[],"_links":{"self":[{"href":"https:\/\/escofetoliver.com\/es\/wp-json\/wp\/v2\/product\/28836","targetHints":{"allow":["GET"]}}],"collection":[{"href":"https:\/\/escofetoliver.com\/es\/wp-json\/wp\/v2\/product"}],"about":[{"href":"https:\/\/escofetoliver.com\/es\/wp-json\/wp\/v2\/types\/product"}],"replies":[{"embeddable":true,"href":"https:\/\/escofetoliver.com\/es\/wp-json\/wp\/v2\/comments?post=28836"}],"wp:featuredmedia":[{"embeddable":true,"href":"https:\/\/escofetoliver.com\/es\/wp-json\/wp\/v2\/media\/28834"}],"wp:attachment":[{"href":"https:\/\/escofetoliver.com\/es\/wp-json\/wp\/v2\/media?parent=28836"}],"wp:term":[{"taxonomy":"product_brand","embeddable":true,"href":"https:\/\/escofetoliver.com\/es\/wp-json\/wp\/v2\/product_brand?post=28836"},{"taxonomy":"product_cat","embeddable":true,"href":"https:\/\/escofetoliver.com\/es\/wp-json\/wp\/v2\/product_cat?post=28836"},{"taxonomy":"product_tag","embeddable":true,"href":"https:\/\/escofetoliver.com\/es\/wp-json\/wp\/v2\/product_tag?post=28836"}],"curies":[{"name":"wp","href":"https:\/\/api.w.org\/{rel}","templated":true}]}}