{"id":28826,"date":"2015-12-23T10:48:42","date_gmt":"2015-12-23T10:48:42","guid":{"rendered":"http:\/\/carnescofetacasa.com\/Producte\/llibret-sobrassada-i-formatge\/"},"modified":"2025-04-17T11:45:22","modified_gmt":"2025-04-17T09:45:22","slug":"libritos-sobrasada-queso","status":"publish","type":"product","link":"https:\/\/escofetoliver.com\/es\/tienda\/elaborados\/rebozados\/libritos-sobrasada-queso\/","title":{"rendered":"Libritos de lomo con sobrasada y queso- 2 unidades &#8211; 240 g"},"content":{"rendered":"<p><span>Los libritos de lomo de cerdo son una delicia gastron\u00f3mica elaborada con lomo de cerdo fileteado, rellenado con sobrasada y queso fuera, y rebozado por una textura crujiente.<\/span><\/p>\n<p><span>Adem\u00e1s de su sabor exquisito, la carne de cerdo aporta prote\u00ednas, hierro y vitaminas esenciales, siendo una opci\u00f3n nutritiva en una dieta equilibrada.<\/span><\/p>\n<p><span>Para disfrutar, solo hay que fre\u00edrlos en aceite muy caliente y acompa\u00f1arlos con una ensalada fresca o patatas fritas. \u00a1Un plato sabroso y f\u00e1cil de preparar!<\/span><\/p>\n","protected":false},"excerpt":{"rendered":"<p>Dos libritos de lomo de cerdo con sobrasada y queso, que pesan unos 240 g aproximadamente. El precio final variar\u00e1 dependiendo de lo que acabe pesando cada unidad.<\/p>\n","protected":false},"featured_media":28824,"comment_status":"open","ping_status":"closed","template":"","meta":{"_acf_changed":false},"product_brand":[],"product_cat":[5858,5950],"product_tag":[7556,7684,7685,7817,6014,7818,7495,7519,11058,7528,7530,7533,7535],"class_list":{"0":"post-28826","1":"product","2":"type-product","3":"status-publish","4":"has-post-thumbnail","6":"product_cat-elaborados","7":"product_cat-rebozados","8":"product_tag-carn-barcelona-es","9":"product_tag-llibrets-de-llom-es","10":"product_tag-libritos-lomo-es","11":"product_tag-llibrets-de-mallorca-es","12":"product_tag-carn-online","13":"product_tag-libritos-de-mallorca-es","14":"product_tag-escofet-oliver-es","15":"product_tag-carniceria-online-es","16":"product_tag-libritos-es-2","17":"product_tag-venta-carne-es","18":"product_tag-carne-online-es","19":"product_tag-venta-carn-es","20":"product_tag-carnisseria-online-es","21":"pa_preciokg-1490-es","23":"first","24":"instock","25":"taxable","26":"shipping-taxable","27":"purchasable","28":"product-type-simple"},"acf":[],"_links":{"self":[{"href":"https:\/\/escofetoliver.com\/es\/wp-json\/wp\/v2\/product\/28826","targetHints":{"allow":["GET"]}}],"collection":[{"href":"https:\/\/escofetoliver.com\/es\/wp-json\/wp\/v2\/product"}],"about":[{"href":"https:\/\/escofetoliver.com\/es\/wp-json\/wp\/v2\/types\/product"}],"replies":[{"embeddable":true,"href":"https:\/\/escofetoliver.com\/es\/wp-json\/wp\/v2\/comments?post=28826"}],"wp:featuredmedia":[{"embeddable":true,"href":"https:\/\/escofetoliver.com\/es\/wp-json\/wp\/v2\/media\/28824"}],"wp:attachment":[{"href":"https:\/\/escofetoliver.com\/es\/wp-json\/wp\/v2\/media?parent=28826"}],"wp:term":[{"taxonomy":"product_brand","embeddable":true,"href":"https:\/\/escofetoliver.com\/es\/wp-json\/wp\/v2\/product_brand?post=28826"},{"taxonomy":"product_cat","embeddable":true,"href":"https:\/\/escofetoliver.com\/es\/wp-json\/wp\/v2\/product_cat?post=28826"},{"taxonomy":"product_tag","embeddable":true,"href":"https:\/\/escofetoliver.com\/es\/wp-json\/wp\/v2\/product_tag?post=28826"}],"curies":[{"name":"wp","href":"https:\/\/api.w.org\/{rel}","templated":true}]}}