{"id":28802,"date":"2015-07-17T09:24:05","date_gmt":"2015-07-17T09:24:05","guid":{"rendered":"http:\/\/carnescofetacasa.com\/Producte\/escalopavedella\/"},"modified":"2025-04-08T11:49:03","modified_gmt":"2025-04-08T09:49:03","slug":"escalopavedella","status":"publish","type":"product","link":"https:\/\/escofetoliver.com\/es\/tienda\/elaborados\/rebozados\/escalopavedella\/","title":{"rendered":"Escalopa de Ternera rebozada &#8211; 2 cortes &#8211; 280 g"},"content":{"rendered":"<p>La <strong>Escalopa de Ternera<\/strong> es un elaborado de primera calidad, que proviene de ternera criada en granjas de Catalu\u00f1a. El rebozado est\u00e0 elaborado con huevos pasteurizados y pan rallado.<\/p>\n<p>La <strong>Ternera<\/strong> es un alimento esencial para una dieta sana y equilibrada, destacando por las prote\u00ednas de alta digestibilidad y gran valor biol\u00f3gico, ya que aportan amino\u00e1cidos necesarios por nuestro crecimiento y la reparaci\u00f3n de tejidos del organismo. Tambi\u00e9n es rica en vitaminas (del grupo B) y es una gran fuente de minerales como son el f\u00f3sforo, calcio, magnesio y hierro.<\/p>\n<p><strong>Ingredientes<\/strong><\/p>\n<p>Carne de ternera (tapa plana), pan rallado, encolante y sal.<\/p>\n<p><strong>Al\u00e9rgenos<\/strong>: GLUTEN y HUEVO.<\/p>\n<p><span style=\"font-size: 8pt;\">Nombre del operador: ESCO FRESC S.L.Uno<\/span><br \/>\n<span style=\"font-size: 8pt;\">Direcci\u00f3n del operador:\u00a0CL\/LAS\u00a0PLANES,1,\u00a0NAVE-C, Sant Joan Desp\u00ed<\/span><br \/>\n<span style=\"font-size: 8pt;\">C\u00f3digo: B63206825<\/span><\/p>\n<p>&nbsp;<\/p>\n","protected":false},"excerpt":{"rendered":"<p>La presentaci\u00f3n es una bandeja con 2 unidades, de aproximadamente 140g cada una.<\/p>\n","protected":false},"featured_media":28800,"comment_status":"open","ping_status":"closed","template":"","meta":{"_acf_changed":false},"product_brand":[],"product_cat":[5858,5950],"product_tag":[7530,7556,7495,7515,7516],"class_list":{"0":"post-28802","1":"product","2":"type-product","3":"status-publish","4":"has-post-thumbnail","6":"product_cat-elaborados","7":"product_cat-rebozados","8":"product_tag-carne-online-es","9":"product_tag-carn-barcelona-es","10":"product_tag-escofet-oliver-es","11":"product_tag-compra-carn-es","12":"product_tag-compra-carne-es","13":"pa_preciokg-2650-es","14":"pa_promotional-no-es-2","16":"first","17":"instock","18":"taxable","19":"shipping-taxable","20":"purchasable","21":"product-type-simple"},"acf":[],"_links":{"self":[{"href":"https:\/\/escofetoliver.com\/es\/wp-json\/wp\/v2\/product\/28802","targetHints":{"allow":["GET"]}}],"collection":[{"href":"https:\/\/escofetoliver.com\/es\/wp-json\/wp\/v2\/product"}],"about":[{"href":"https:\/\/escofetoliver.com\/es\/wp-json\/wp\/v2\/types\/product"}],"replies":[{"embeddable":true,"href":"https:\/\/escofetoliver.com\/es\/wp-json\/wp\/v2\/comments?post=28802"}],"wp:featuredmedia":[{"embeddable":true,"href":"https:\/\/escofetoliver.com\/es\/wp-json\/wp\/v2\/media\/28800"}],"wp:attachment":[{"href":"https:\/\/escofetoliver.com\/es\/wp-json\/wp\/v2\/media?parent=28802"}],"wp:term":[{"taxonomy":"product_brand","embeddable":true,"href":"https:\/\/escofetoliver.com\/es\/wp-json\/wp\/v2\/product_brand?post=28802"},{"taxonomy":"product_cat","embeddable":true,"href":"https:\/\/escofetoliver.com\/es\/wp-json\/wp\/v2\/product_cat?post=28802"},{"taxonomy":"product_tag","embeddable":true,"href":"https:\/\/escofetoliver.com\/es\/wp-json\/wp\/v2\/product_tag?post=28802"}],"curies":[{"name":"wp","href":"https:\/\/api.w.org\/{rel}","templated":true}]}}