{"id":28682,"date":"2011-10-07T17:45:01","date_gmt":"2011-10-07T17:45:01","guid":{"rendered":"http:\/\/carnescofetacasa.com\/Producte\/hamburgueses-foie\/"},"modified":"2025-04-07T12:28:05","modified_gmt":"2025-04-07T10:28:05","slug":"hamburgueses-foie","status":"publish","type":"product","link":"https:\/\/escofetoliver.com\/es\/tienda\/elaborados\/hamburguesas\/hamburgueses-foie\/","title":{"rendered":"Hamburguesas de Ternera con Foie de Pato &#8211; 2 u &#8211; 250 g"},"content":{"rendered":"<p>Hamburguesas elaboradas con carne de ternera de primera calidad y foie de pato que le da un sabor exquisito y muy original. La carne proviene de animales criados en granjas de Catalu\u00f1a. Las elaboramos a partir de la mejor carne magra de ternera que reduce el nivel de grasa del producto y tiene una delicioso sabor juntamente con el foie de pato, condimentadas con sal y especies.<\/p>\n<p>La carne de ternera es un alimento completo y esencial para una dieta sana y equilibrada, destacando por su alto nivel proteico. Las prote\u00ednas c\u00e1rnicas son de una alta digestibilidad y de gran valor biol\u00f3gico, ya que aportan amino\u00e1cidos esenciales que son necesarios para las funciones de crecimiento y reparaci\u00f3n de tejidos del organismo. Tambi\u00e9n es rica en vitaminas del grupo B y es una gran fuente de minerales como son el f\u00f3sforo, calcio, magnesio y hierro.<\/p>\n<p>Estas hamburguesas son fant\u00e1sticas tanto a la plancha como a la parrilla. Ideales para los m\u00e1s gourmets de la casa.<\/p>\n<p>&nbsp;<\/p>\n<div style=\"width: 640px;\" class=\"wp-video\"><video class=\"wp-video-shortcode\" id=\"video-28682-1\" width=\"640\" height=\"360\" preload=\"metadata\" controls=\"controls\"><source type=\"video\/mp4\" src=\"https:\/\/escofetoliver.com\/wp-content\/uploads\/2025\/02\/Burgers-Castellano.mp4?_=1\" \/><a href=\"https:\/\/escofetoliver.com\/wp-content\/uploads\/2025\/02\/Burgers-Castellano.mp4\">https:\/\/escofetoliver.com\/wp-content\/uploads\/2025\/02\/Burgers-Castellano.mp4<\/a><\/video><\/div>\n<p>&nbsp;<\/p>\n<p><span style=\"font-size: 17px;\"><strong>Elaborado con preparado de carne.<\/strong><\/span><\/p>\n","protected":false},"excerpt":{"rendered":"<p>La presentaci\u00f3n es en una bandeja con 2 piezas de aproximadamente 125 g cada una.<\/p>\n","protected":false},"featured_media":28678,"comment_status":"open","ping_status":"closed","template":"","meta":{"_acf_changed":false},"product_brand":[],"product_cat":[5858,5948],"product_tag":[7495,11089,7509,7510,7523,7530,7737,7738,7739,7740,5985,6014],"class_list":{"0":"post-28682","1":"product","2":"type-product","3":"status-publish","4":"has-post-thumbnail","6":"product_cat-elaborados","7":"product_cat-hamburguesas","8":"product_tag-escofet-oliver-es","9":"product_tag-con-preparado-ternera","10":"product_tag-vedella-es","11":"product_tag-ternera-es","12":"product_tag-carn-escofet-es","13":"product_tag-carne-online-es","14":"product_tag-hamburgueses-es","15":"product_tag-hamburguesas-es","16":"product_tag-foie-es","17":"product_tag-pato-es","18":"product_tag-carniceria-barcelona","19":"product_tag-carn-online","20":"pa_preciokg-2450-es","21":"pa_promotional-no-es-2","23":"first","24":"instock","25":"taxable","26":"shipping-taxable","27":"purchasable","28":"product-type-simple"},"acf":[],"_links":{"self":[{"href":"https:\/\/escofetoliver.com\/es\/wp-json\/wp\/v2\/product\/28682","targetHints":{"allow":["GET"]}}],"collection":[{"href":"https:\/\/escofetoliver.com\/es\/wp-json\/wp\/v2\/product"}],"about":[{"href":"https:\/\/escofetoliver.com\/es\/wp-json\/wp\/v2\/types\/product"}],"replies":[{"embeddable":true,"href":"https:\/\/escofetoliver.com\/es\/wp-json\/wp\/v2\/comments?post=28682"}],"wp:featuredmedia":[{"embeddable":true,"href":"https:\/\/escofetoliver.com\/es\/wp-json\/wp\/v2\/media\/28678"}],"wp:attachment":[{"href":"https:\/\/escofetoliver.com\/es\/wp-json\/wp\/v2\/media?parent=28682"}],"wp:term":[{"taxonomy":"product_brand","embeddable":true,"href":"https:\/\/escofetoliver.com\/es\/wp-json\/wp\/v2\/product_brand?post=28682"},{"taxonomy":"product_cat","embeddable":true,"href":"https:\/\/escofetoliver.com\/es\/wp-json\/wp\/v2\/product_cat?post=28682"},{"taxonomy":"product_tag","embeddable":true,"href":"https:\/\/escofetoliver.com\/es\/wp-json\/wp\/v2\/product_tag?post=28682"}],"curies":[{"name":"wp","href":"https:\/\/api.w.org\/{rel}","templated":true}]}}