{"id":28672,"date":"2011-10-07T16:44:21","date_gmt":"2011-10-07T16:44:21","guid":{"rendered":"http:\/\/carnescofetacasa.com\/Producte\/hamburguesa-mini\/"},"modified":"2025-03-11T12:12:41","modified_gmt":"2025-03-11T11:12:41","slug":"hamburguesa-mini","status":"publish","type":"product","link":"https:\/\/escofetoliver.com\/es\/tienda\/elaborados\/hamburguesas\/hamburguesa-mini\/","title":{"rendered":"Hamburguesas de Ternera Minis &#8211; 4 unidades &#8211; 250 g"},"content":{"rendered":"<p>Hamburguesas elaboradas con carne de ternera de primera calidad, esta carne proviene de animales criados en granjas de Catalu\u00f1a. Las elaboramos a partir de la mejor carne magra de ternera que reduce el nivel de grasa del producto y tiene una delicioso sabor, condimentadas con sal y especies. Ideales para los ni\u00f1os de la casa<\/p>\n<p>La carne de ternera es un alimento completo y esencial para una dieta sana y equilibrada, destacando por su alto nivel proteico. Las prote\u00ednas c\u00e1rnicas son de una alta digestibilidad y de gran valor biol\u00f3gico, ya que aportan amino\u00e1cidos esenciales que son necesarios para las funciones de crecimiento y reparaci\u00f3n de tejidos del organismo. Tambi\u00e9n es rica en vitaminas del grupo B y es una gran fuente de minerales como son el f\u00f3sforo, calcio, magnesio y hierro.<\/p>\n<p>Las hamburguesas de ternera destacan por su textura suave, perfectas para preparar al plancha como a la parrilla.<\/p>\n<p>&nbsp;<\/p>\n<div style=\"width: 640px;\" class=\"wp-video\"><video class=\"wp-video-shortcode\" id=\"video-28672-1\" width=\"640\" height=\"360\" preload=\"metadata\" controls=\"controls\"><source type=\"video\/mp4\" src=\"https:\/\/escofetoliver.com\/wp-content\/uploads\/2025\/02\/Burgers-Castellano.mp4?_=1\" \/><a href=\"https:\/\/escofetoliver.com\/wp-content\/uploads\/2025\/02\/Burgers-Castellano.mp4\">https:\/\/escofetoliver.com\/wp-content\/uploads\/2025\/02\/Burgers-Castellano.mp4<\/a><\/video><\/div>\n<p>&nbsp;<\/p>\n<p><span style=\"font-size: 17px;\"><strong>Elaborado con preparado de carne.<\/strong><\/span><\/p>\n","protected":false},"excerpt":{"rendered":"<p>La presentaci\u00f3n es en una bandeja con 4 unidades de aproximadamente 60 g cada una.<\/p>\n","protected":false},"featured_media":28670,"comment_status":"open","ping_status":"closed","template":"","meta":{"_acf_changed":false},"product_brand":[],"product_cat":[5858,5948],"product_tag":[11060,5985,6014,7495,7523,7530,7733,7734],"class_list":{"0":"post-28672","1":"product","2":"type-product","3":"status-publish","4":"has-post-thumbnail","6":"product_cat-elaborados","7":"product_cat-hamburguesas","8":"product_tag-seleccion-barbacoa","9":"product_tag-carniceria-barcelona","10":"product_tag-carn-online","11":"product_tag-escofet-oliver-es","12":"product_tag-carn-escofet-es","13":"product_tag-carne-online-es","14":"product_tag-hamburgueses-de-vedella-es","15":"product_tag-hamburguesa-de-ternera-es","16":"product_shipping_class-entrega-en-domicilio","17":"pa_promotional-no-es-2","19":"first","20":"instock","21":"taxable","22":"shipping-taxable","23":"purchasable","24":"product-type-simple"},"acf":[],"_links":{"self":[{"href":"https:\/\/escofetoliver.com\/es\/wp-json\/wp\/v2\/product\/28672","targetHints":{"allow":["GET"]}}],"collection":[{"href":"https:\/\/escofetoliver.com\/es\/wp-json\/wp\/v2\/product"}],"about":[{"href":"https:\/\/escofetoliver.com\/es\/wp-json\/wp\/v2\/types\/product"}],"replies":[{"embeddable":true,"href":"https:\/\/escofetoliver.com\/es\/wp-json\/wp\/v2\/comments?post=28672"}],"wp:featuredmedia":[{"embeddable":true,"href":"https:\/\/escofetoliver.com\/es\/wp-json\/wp\/v2\/media\/28670"}],"wp:attachment":[{"href":"https:\/\/escofetoliver.com\/es\/wp-json\/wp\/v2\/media?parent=28672"}],"wp:term":[{"taxonomy":"product_brand","embeddable":true,"href":"https:\/\/escofetoliver.com\/es\/wp-json\/wp\/v2\/product_brand?post=28672"},{"taxonomy":"product_cat","embeddable":true,"href":"https:\/\/escofetoliver.com\/es\/wp-json\/wp\/v2\/product_cat?post=28672"},{"taxonomy":"product_tag","embeddable":true,"href":"https:\/\/escofetoliver.com\/es\/wp-json\/wp\/v2\/product_tag?post=28672"}],"curies":[{"name":"wp","href":"https:\/\/api.w.org\/{rel}","templated":true}]}}