{"id":28664,"date":"2011-10-07T10:38:37","date_gmt":"2011-10-07T08:38:37","guid":{"rendered":"http:\/\/carnescofetacasa.com\/Producte\/salsitxes-pollastre\/"},"modified":"2025-03-26T14:41:19","modified_gmt":"2025-03-26T13:41:19","slug":"salsitxes-pollastre","status":"publish","type":"product","link":"https:\/\/escofetoliver.com\/es\/tienda\/elaborados\/frescos-es\/salsitxes-pollastre\/","title":{"rendered":"Salchichas de Pollo &#8211; 10 unidades &#8211; 400 g"},"content":{"rendered":"<p>Las salchichas de pollo son un elaborado fresco a partir de carne de la mejor calidad salpimentada. Las elaboramos siguiendo la receta tradicional con carne pollo, condimentada con sal y especias, embutida dentro de una tripa natural.<\/p>\n<p>El pollo es una animal con carne muy rica en prote\u00ednas. Aporta gran cantidad de vitaminas del grupo B al organismo. Es una buena fuente de hierro, f\u00f3sforo y zinc. Adem\u00e1s, si se como sin piel, el pollo es un alimento bajo en colesterol.<\/p>\n<p>Es un producto perfecto para cocinar a la plancha. Se puede acompa\u00f1ar con todo tipo de guarniciones como: patatas, verduras, pasta, legumbres&#8230;<\/p>\n<p>&nbsp;<\/p>\n<div style=\"width: 640px;\" class=\"wp-video\"><video class=\"wp-video-shortcode\" id=\"video-28664-1\" width=\"640\" height=\"360\" preload=\"metadata\" controls=\"controls\"><source type=\"video\/mp4\" src=\"https:\/\/escofetoliver.com\/wp-content\/uploads\/2025\/02\/Salchichas-100-frescas.mp4?_=1\" \/><a href=\"https:\/\/escofetoliver.com\/wp-content\/uploads\/2025\/02\/Salchichas-100-frescas.mp4\">https:\/\/escofetoliver.com\/wp-content\/uploads\/2025\/02\/Salchichas-100-frescas.mp4<\/a><\/video><\/div>\n<p>&nbsp;<\/p>\n<p>&nbsp;<\/p>\n<p>&nbsp;<\/p>\n","protected":false},"excerpt":{"rendered":"<p>Bandeja con 10 piezas de salchichas de 50 g cada una aproximadamente (400 g en total).<\/p>\n","protected":false},"featured_media":28660,"comment_status":"open","ping_status":"closed","template":"","meta":{"_acf_changed":false},"product_brand":[],"product_cat":[5858,5946],"product_tag":[5985,6014,7523,7530,7729,7730,11249],"class_list":{"0":"post-28664","1":"product","2":"type-product","3":"status-publish","4":"has-post-thumbnail","6":"product_cat-elaborados","7":"product_cat-frescos-es","8":"product_tag-carniceria-barcelona","9":"product_tag-carn-online","10":"product_tag-carn-escofet-es","11":"product_tag-carne-online-es","12":"product_tag-salsitxes-de-pollastre-es","13":"product_tag-salchichas-pollo-es","14":"product_tag-proteinas-escofet-oliver","15":"product_shipping_class-entrega-en-domicilio","16":"pa_preciokg-8631","18":"first","19":"instock","20":"taxable","21":"shipping-taxable","22":"purchasable","23":"product-type-simple"},"acf":[],"_links":{"self":[{"href":"https:\/\/escofetoliver.com\/es\/wp-json\/wp\/v2\/product\/28664","targetHints":{"allow":["GET"]}}],"collection":[{"href":"https:\/\/escofetoliver.com\/es\/wp-json\/wp\/v2\/product"}],"about":[{"href":"https:\/\/escofetoliver.com\/es\/wp-json\/wp\/v2\/types\/product"}],"replies":[{"embeddable":true,"href":"https:\/\/escofetoliver.com\/es\/wp-json\/wp\/v2\/comments?post=28664"}],"wp:featuredmedia":[{"embeddable":true,"href":"https:\/\/escofetoliver.com\/es\/wp-json\/wp\/v2\/media\/28660"}],"wp:attachment":[{"href":"https:\/\/escofetoliver.com\/es\/wp-json\/wp\/v2\/media?parent=28664"}],"wp:term":[{"taxonomy":"product_brand","embeddable":true,"href":"https:\/\/escofetoliver.com\/es\/wp-json\/wp\/v2\/product_brand?post=28664"},{"taxonomy":"product_cat","embeddable":true,"href":"https:\/\/escofetoliver.com\/es\/wp-json\/wp\/v2\/product_cat?post=28664"},{"taxonomy":"product_tag","embeddable":true,"href":"https:\/\/escofetoliver.com\/es\/wp-json\/wp\/v2\/product_tag?post=28664"}],"curies":[{"name":"wp","href":"https:\/\/api.w.org\/{rel}","templated":true}]}}