{"id":28616,"date":"2021-11-23T12:22:05","date_gmt":"2021-11-23T11:22:05","guid":{"rendered":"http:\/\/carnescofetacasa.com\/?post_type=product&#038;p=28616"},"modified":"2025-12-24T11:53:16","modified_gmt":"2025-12-24T10:53:16","slug":"capon","status":"publish","type":"product","link":"https:\/\/escofetoliver.com\/es\/tienda\/especial-navidad\/capon\/","title":{"rendered":"Cap\u00f3n de pay\u00e9s con relleno de Navidad &#8211; 7\/8 raciones"},"content":{"rendered":"<p style=\"margin: 6.0pt 0cm .0001pt 0cm;\"><span>Cap\u00f3 de pay\u00e9s relleno de salchichas\u00a0<\/span><span>trufadas<\/span><span>, manzana, ciruelas,\u00a0<\/span><span>niscalos<\/span><span>, pasas y pi\u00f1ones. (A\u00f1adimos una bolsita de salsa de cocci\u00f3n).<\/span><\/p>\n","protected":false},"excerpt":{"rendered":"<p>&nbsp;<\/p>\n<p><span><strong>Estas fiestas, Escofet Oliver te lleva a casa la mejor cocina tradicional.<\/strong><\/span><\/p>\n<p><span><strong>\u2013 Fin de a\u00f1o<\/strong>: la fecha l\u00edmite par hacer los encargos de nuestros platos especiales es el\u00a0<strong>27 de diciembre<\/strong><\/span><\/p>\n<p><span>y las fechas de entrega son los d\u00edas\u00a0<strong>30 y 31 de diciembre<\/strong>.<\/span><\/p>\n<p><span><strong>\u2013 Reyes<\/strong>: la fecha l\u00edmite para hacer los encargos de nuestros platos especiales es el\u00a0<strong>31 de diciembre<\/strong><\/span><\/p>\n<p><span>y la fecha de entrega es el d\u00eda\u00a0<strong>5 de enero<\/strong>.<\/span><\/p>\n<p><span>* Antes de las fechas detalladas NO se puede servir.\u00a0<\/span><\/p>\n<p>&nbsp;<\/p>\n","protected":false},"featured_media":28614,"comment_status":"open","ping_status":"closed","template":"","meta":{"_acf_changed":false},"product_brand":[],"product_cat":[10107],"product_tag":[7495,7515,7516,7519,7528,7533,7535,7556,7710],"class_list":{"0":"post-28616","1":"product","2":"type-product","3":"status-publish","4":"has-post-thumbnail","6":"product_cat-especial-navidad","7":"product_tag-escofet-oliver-es","8":"product_tag-compra-carn-es","9":"product_tag-compra-carne-es","10":"product_tag-carniceria-online-es","11":"product_tag-venta-carne-es","12":"product_tag-venta-carn-es","13":"product_tag-carnisseria-online-es","14":"product_tag-carn-barcelona-es","15":"product_tag-plats-de-nadal-es","16":"pa_caracteristicas-marca_escofresc_cast-es","17":"pa_promotional-no-es-2","19":"first","20":"outofstock","21":"taxable","22":"shipping-taxable","23":"purchasable","24":"product-type-simple"},"acf":[],"_links":{"self":[{"href":"https:\/\/escofetoliver.com\/es\/wp-json\/wp\/v2\/product\/28616","targetHints":{"allow":["GET"]}}],"collection":[{"href":"https:\/\/escofetoliver.com\/es\/wp-json\/wp\/v2\/product"}],"about":[{"href":"https:\/\/escofetoliver.com\/es\/wp-json\/wp\/v2\/types\/product"}],"replies":[{"embeddable":true,"href":"https:\/\/escofetoliver.com\/es\/wp-json\/wp\/v2\/comments?post=28616"}],"wp:featuredmedia":[{"embeddable":true,"href":"https:\/\/escofetoliver.com\/es\/wp-json\/wp\/v2\/media\/28614"}],"wp:attachment":[{"href":"https:\/\/escofetoliver.com\/es\/wp-json\/wp\/v2\/media?parent=28616"}],"wp:term":[{"taxonomy":"product_brand","embeddable":true,"href":"https:\/\/escofetoliver.com\/es\/wp-json\/wp\/v2\/product_brand?post=28616"},{"taxonomy":"product_cat","embeddable":true,"href":"https:\/\/escofetoliver.com\/es\/wp-json\/wp\/v2\/product_cat?post=28616"},{"taxonomy":"product_tag","embeddable":true,"href":"https:\/\/escofetoliver.com\/es\/wp-json\/wp\/v2\/product_tag?post=28616"}],"curies":[{"name":"wp","href":"https:\/\/api.w.org\/{rel}","templated":true}]}}