{"id":28594,"date":"2010-11-06T11:39:23","date_gmt":"2010-11-06T11:39:23","guid":{"rendered":"http:\/\/carnescofetacasa.com\/Producte\/pernil-de-terol\/"},"modified":"2024-05-07T19:11:14","modified_gmt":"2024-05-07T17:11:14","slug":"jamon-serrano","status":"publish","type":"product","link":"https:\/\/escofetoliver.com\/es\/tienda\/embutidos\/curados\/jamon-serrano\/","title":{"rendered":"Jam\u00f3n del pa\u00eds en lonchas &#8211; 100 g"},"content":{"rendered":"<p>Jam\u00f3n de teruel de la mejor calidad, con la garant\u00eda de Escofet Oliver.<\/p>\n<p><strong>Sin al\u00e9rgenos.\u00a0<\/strong><\/p>\n","protected":false},"excerpt":{"rendered":"<p>Bolsa al vac\u00edo con 100 g aproximadamente de jam\u00f3n cortado.<\/p>\n","protected":false},"featured_media":28592,"comment_status":"open","ping_status":"closed","template":"","meta":{"_acf_changed":false},"product_brand":[],"product_cat":[5860,5924],"product_tag":[7556,7691,6014,11079,7495,7518,7528,7530,7533,7534],"class_list":{"0":"post-28594","1":"product","2":"type-product","3":"status-publish","4":"has-post-thumbnail","6":"product_cat-embutidos","7":"product_cat-curados","8":"product_tag-carn-barcelona-es","9":"product_tag-pernil-de-terol-es","10":"product_tag-carn-online","11":"product_tag-vuelta-cole","12":"product_tag-escofet-oliver-es","13":"product_tag-compra-carn-barcelona-es","14":"product_tag-venta-carne-es","15":"product_tag-carne-online-es","16":"product_tag-venta-carn-es","17":"product_tag-venta-carn-barcelona-es","18":"pa_preciokg-8927","19":"pa_promotional-no-es-2","21":"first","22":"instock","23":"taxable","24":"shipping-taxable","25":"purchasable","26":"product-type-simple"},"acf":[],"_links":{"self":[{"href":"https:\/\/escofetoliver.com\/es\/wp-json\/wp\/v2\/product\/28594","targetHints":{"allow":["GET"]}}],"collection":[{"href":"https:\/\/escofetoliver.com\/es\/wp-json\/wp\/v2\/product"}],"about":[{"href":"https:\/\/escofetoliver.com\/es\/wp-json\/wp\/v2\/types\/product"}],"replies":[{"embeddable":true,"href":"https:\/\/escofetoliver.com\/es\/wp-json\/wp\/v2\/comments?post=28594"}],"wp:featuredmedia":[{"embeddable":true,"href":"https:\/\/escofetoliver.com\/es\/wp-json\/wp\/v2\/media\/28592"}],"wp:attachment":[{"href":"https:\/\/escofetoliver.com\/es\/wp-json\/wp\/v2\/media?parent=28594"}],"wp:term":[{"taxonomy":"product_brand","embeddable":true,"href":"https:\/\/escofetoliver.com\/es\/wp-json\/wp\/v2\/product_brand?post=28594"},{"taxonomy":"product_cat","embeddable":true,"href":"https:\/\/escofetoliver.com\/es\/wp-json\/wp\/v2\/product_cat?post=28594"},{"taxonomy":"product_tag","embeddable":true,"href":"https:\/\/escofetoliver.com\/es\/wp-json\/wp\/v2\/product_tag?post=28594"}],"curies":[{"name":"wp","href":"https:\/\/api.w.org\/{rel}","templated":true}]}}