{"id":28586,"date":"2010-11-05T11:31:42","date_gmt":"2010-11-05T11:31:42","guid":{"rendered":"http:\/\/carnescofetacasa.com\/Producte\/hamburgueses-de-ceba\/"},"modified":"2025-04-08T11:54:03","modified_gmt":"2025-04-08T09:54:03","slug":"hamburgueses-de-ceba","status":"publish","type":"product","link":"https:\/\/escofetoliver.com\/es\/tienda\/elaborados\/hamburguesas\/hamburgueses-de-ceba\/","title":{"rendered":"Hamburguesas de Ternera con Cebolla Confitada &#8211; 2 u &#8211; 250 g"},"content":{"rendered":"<p>Hamburguesas elaboradas con carne de ternera de primera calidad y cebolla confitada cocinada por nosotros. La carne proviene de animales criados en granjas de Catalu\u00f1a. Las elaboramos a partir de la mejor carne magra de ternera que reduce el nivel de grasa del producto y tiene una delicioso sabor, con cebolla confitada que le da un sabor ,muy especil y una textura m\u00e1s melosa, condimentadas con sal y especies.<\/p>\n<p>La carne de ternera es un alimento completo y esencial para una dieta sana y equilibrada, destacando por su alto nivel proteico. Las prote\u00ednas c\u00e1rnicas son de una alta digestibilidad y de gran valor biol\u00f3gico, ya que aportan amino\u00e1cidos esenciales que son necesarios para las funciones de crecimiento y reparaci\u00f3n de tejidos del organismo. Tambi\u00e9n es rica en vitaminas del grupo B y es una gran fuente de minerales como son el f\u00f3sforo, calcio, magnesio y hierro.<\/p>\n<p>Estas hamburguesas son fant\u00e1sticas tanto a la plancha como a la parrilla.<\/p>\n<p>&nbsp;<\/p>\n<div style=\"width: 640px;\" class=\"wp-video\"><video class=\"wp-video-shortcode\" id=\"video-28586-1\" width=\"640\" height=\"360\" preload=\"metadata\" controls=\"controls\"><source type=\"video\/mp4\" src=\"https:\/\/escofetoliver.com\/wp-content\/uploads\/2025\/02\/Burgers-Castellano.mp4?_=1\" \/><a href=\"https:\/\/escofetoliver.com\/wp-content\/uploads\/2025\/02\/Burgers-Castellano.mp4\">https:\/\/escofetoliver.com\/wp-content\/uploads\/2025\/02\/Burgers-Castellano.mp4<\/a><\/video><\/div>\n<p>&nbsp;<\/p>\n<p><span style=\"font-size: 17px;\"><strong>Elaborado con preparado de carne.<\/strong><\/span><\/p>\n","protected":false},"excerpt":{"rendered":"<p>La presentaci\u00f3n es en una bandeja con 2 piezas de aproximadamente 120 g cada una.<\/p>\n","protected":false},"featured_media":28582,"comment_status":"open","ping_status":"closed","template":"","meta":{"_acf_changed":false},"product_brand":[],"product_cat":[5858,5948],"product_tag":[7688,6014,7495,11089,7515,7516,7528,7530,7533,7556,7687],"class_list":{"0":"post-28586","1":"product","2":"type-product","3":"status-publish","4":"has-post-thumbnail","6":"product_cat-elaborados","7":"product_cat-hamburguesas","8":"product_tag-hamburgesas-de-cebolla-es","9":"product_tag-carn-online","10":"product_tag-escofet-oliver-es","11":"product_tag-con-preparado-ternera","12":"product_tag-compra-carn-es","13":"product_tag-compra-carne-es","14":"product_tag-venta-carne-es","15":"product_tag-carne-online-es","16":"product_tag-venta-carn-es","17":"product_tag-carn-barcelona-es","18":"product_tag-hamburgueses-de-ceba-es","19":"pa_preciokg-10050","20":"pa_promotional-no-es-2","22":"first","23":"instock","24":"taxable","25":"shipping-taxable","26":"purchasable","27":"product-type-simple"},"acf":[],"_links":{"self":[{"href":"https:\/\/escofetoliver.com\/es\/wp-json\/wp\/v2\/product\/28586","targetHints":{"allow":["GET"]}}],"collection":[{"href":"https:\/\/escofetoliver.com\/es\/wp-json\/wp\/v2\/product"}],"about":[{"href":"https:\/\/escofetoliver.com\/es\/wp-json\/wp\/v2\/types\/product"}],"replies":[{"embeddable":true,"href":"https:\/\/escofetoliver.com\/es\/wp-json\/wp\/v2\/comments?post=28586"}],"wp:featuredmedia":[{"embeddable":true,"href":"https:\/\/escofetoliver.com\/es\/wp-json\/wp\/v2\/media\/28582"}],"wp:attachment":[{"href":"https:\/\/escofetoliver.com\/es\/wp-json\/wp\/v2\/media?parent=28586"}],"wp:term":[{"taxonomy":"product_brand","embeddable":true,"href":"https:\/\/escofetoliver.com\/es\/wp-json\/wp\/v2\/product_brand?post=28586"},{"taxonomy":"product_cat","embeddable":true,"href":"https:\/\/escofetoliver.com\/es\/wp-json\/wp\/v2\/product_cat?post=28586"},{"taxonomy":"product_tag","embeddable":true,"href":"https:\/\/escofetoliver.com\/es\/wp-json\/wp\/v2\/product_tag?post=28586"}],"curies":[{"name":"wp","href":"https:\/\/api.w.org\/{rel}","templated":true}]}}