{"id":28580,"date":"2010-10-20T15:23:40","date_gmt":"2010-10-20T15:23:40","guid":{"rendered":"http:\/\/carnescofetacasa.com\/Producte\/llibrets-de-llom\/"},"modified":"2025-04-17T11:43:50","modified_gmt":"2025-04-17T09:43:50","slug":"libritos-jamon-queso","status":"publish","type":"product","link":"https:\/\/escofetoliver.com\/es\/tienda\/elaborados\/rebozados\/libritos-jamon-queso\/","title":{"rendered":"Libritos de lomo con jam\u00f3n cocido y queso &#8211; 2 unidades &#8211; 375 g"},"content":{"rendered":"<div class=\"traductor-textarea form-group\">\n<div class=\"textarea-desti col-xs-12 col-sm-6\">\n<div class=\"form-control second-textarea\">\n<p>Los libritos de lomo de cerdo con jam\u00f3n cocido y queso son una receta cl\u00e1sica, ideal para cualquier ocasi\u00f3n. Elaborados con lomo de cerdo fileteado, rellenoo con jam\u00f3n cocido de calidad y queso fundido, y bien rebozados, consiguen una textura crujiente y un interior meloso.<\/p>\n<p>Adem\u00e1s de su delicioso sabor, el lomo de cerdo es una gran fuente de prote\u00ednas, hierro y vitamina B12, conteniendo una proporci\u00f3n destacada de \u00e1cidos grasos<span>\u00a0<\/span><span>monoinsaturados<\/span><span>\u00a0<\/span>y vitamina B1, siendo una opci\u00f3n perfecta para una dieta equilibrada.<\/p>\n<p>Solo hace falta calentar el aceite en una paella y fre\u00edr los libritos hasta que queden bien dorados y crujientes. S\u00edrvelos con una ensalada fresca o unas patatas fritas para disfrutar de una comida completa y sabrosa. \u00a1Una receta sencilla, deliciosa y perfecta para compartir!<\/p>\n<\/div>\n<\/div>\n<\/div>\n<div class=\"traductor-checkbox form-group\">\n<div class=\"row\">\n<div class=\"col-sm-5\"><\/div>\n<\/div>\n<\/div>\n<p>&nbsp;<\/p>\n<p>&nbsp;<\/p>\n<p>&nbsp;<\/p>\n","protected":false},"excerpt":{"rendered":"<p>Dos libritos de lomo de cerdo con jam\u00f3n y queso, que pesan unos 240 g aproximadamente. El precio final variar\u00e1 dependiendo de lo que acabe pesando cada unidad.<\/p>\n","protected":false},"featured_media":28578,"comment_status":"open","ping_status":"closed","template":"","meta":{"_acf_changed":false},"product_brand":[],"product_cat":[5858,5950],"product_tag":[7530,7533,7535,7556,7684,7685,6014,7495,11058,7519,7528],"class_list":{"0":"post-28580","1":"product","2":"type-product","3":"status-publish","4":"has-post-thumbnail","6":"product_cat-elaborados","7":"product_cat-rebozados","8":"product_tag-carne-online-es","9":"product_tag-venta-carn-es","10":"product_tag-carnisseria-online-es","11":"product_tag-carn-barcelona-es","12":"product_tag-llibrets-de-llom-es","13":"product_tag-libritos-lomo-es","14":"product_tag-carn-online","15":"product_tag-escofet-oliver-es","16":"product_tag-libritos-es-2","17":"product_tag-carniceria-online-es","18":"product_tag-venta-carne-es","19":"product_shipping_class-entrega-en-domicilio","20":"pa_preciokg-1490-es","22":"first","23":"instock","24":"taxable","25":"shipping-taxable","26":"purchasable","27":"product-type-simple"},"acf":[],"_links":{"self":[{"href":"https:\/\/escofetoliver.com\/es\/wp-json\/wp\/v2\/product\/28580","targetHints":{"allow":["GET"]}}],"collection":[{"href":"https:\/\/escofetoliver.com\/es\/wp-json\/wp\/v2\/product"}],"about":[{"href":"https:\/\/escofetoliver.com\/es\/wp-json\/wp\/v2\/types\/product"}],"replies":[{"embeddable":true,"href":"https:\/\/escofetoliver.com\/es\/wp-json\/wp\/v2\/comments?post=28580"}],"wp:featuredmedia":[{"embeddable":true,"href":"https:\/\/escofetoliver.com\/es\/wp-json\/wp\/v2\/media\/28578"}],"wp:attachment":[{"href":"https:\/\/escofetoliver.com\/es\/wp-json\/wp\/v2\/media?parent=28580"}],"wp:term":[{"taxonomy":"product_brand","embeddable":true,"href":"https:\/\/escofetoliver.com\/es\/wp-json\/wp\/v2\/product_brand?post=28580"},{"taxonomy":"product_cat","embeddable":true,"href":"https:\/\/escofetoliver.com\/es\/wp-json\/wp\/v2\/product_cat?post=28580"},{"taxonomy":"product_tag","embeddable":true,"href":"https:\/\/escofetoliver.com\/es\/wp-json\/wp\/v2\/product_tag?post=28580"}],"curies":[{"name":"wp","href":"https:\/\/api.w.org\/{rel}","templated":true}]}}