{"id":28554,"date":"2010-03-02T17:30:35","date_gmt":"2010-03-02T16:30:35","guid":{"rendered":"http:\/\/carnescofetacasa.com\/Producte\/filet-de-vedella-tall-gruixut\/"},"modified":"2026-03-20T12:02:11","modified_gmt":"2026-03-20T11:02:11","slug":"solomillo-de-ternera-corte-grueso-2-cortes-300-g","status":"publish","type":"product","link":"https:\/\/escofetoliver.com\/es\/tienda\/carniceria\/ternera\/solomillo-de-ternera-corte-grueso-2-cortes-300-g\/","title":{"rendered":"Solomillo de Ternera de corte grueso &#8211; 2 cortes &#8211; 300 g"},"content":{"rendered":"<p><span>La <strong>Ternera<\/strong><\/span><span>\u00a0es una de las carnes rojas m\u00e1s consumidas por su gusto, textura y propiedades nutricionales, y estos bistecs provienen de la parte m\u00e1s magra y tierno.<\/span><\/p>\n<p><span>Es una fuente de hierro, vitaminas B12 y B2, potasio, calcio y magnesio. Tiene un alto contenido en prote\u00ednas y amino\u00e1cidos esenciales por nuestro cuerpo.<\/span><\/p>\n<p>&nbsp;<\/p>\n<p>&nbsp;<\/p>\n<p>&nbsp;<\/p>\n<p><iframe loading=\"lazy\" title=\"Receta Filete con roquefort\" width=\"640\" height=\"360\" src=\"https:\/\/www.youtube.com\/embed\/c1Z8SineHkI?feature=oembed\" frameborder=\"0\" allow=\"accelerometer; autoplay; clipboard-write; encrypted-media; gyroscope; picture-in-picture; web-share\" referrerpolicy=\"strict-origin-when-cross-origin\" allowfullscreen><\/iframe><\/p>\n<p><span style=\"font-size: 13px;\"><strong>\u00a1Te recomendamos probar esta receta de FILETE CON ROQUEFORT!<\/strong><\/span><\/p>\n<p><span style=\"font-size: 13px;\"><strong>\u2013 INGREDIENTES \u2013<\/strong><\/span><\/p>\n<p><span style=\"font-size: 13px;\"><strong>\u2022 Filete<\/strong><\/span><br \/>\n<span style=\"font-size: 13px;\"><strong>\u2022 Boniato<\/strong><\/span><br \/>\n<span style=\"font-size: 13px;\"><strong>\u2022 Tomillo<\/strong><\/span><br \/>\n<span style=\"font-size: 13px;\"><strong>\u2022 Aceite de oliva virgen extra y sal<\/strong><\/span><\/p>\n<p><span style=\"font-size: 13px;\"><strong>\u2013 TIPS \u2013<\/strong><\/span><\/p>\n<p><span style=\"font-size: 13px;\"><strong>Pide nuestros filetes tiernos de ternera, y el roquefort, en las tiendas.<\/strong><\/span><br \/>\n<span style=\"font-size: 13px;\"><strong>Y acomp\u00e1\u00f1alos de buenos chips de boniato (tambi\u00e9n los puedes preparar al horno).<\/strong><\/span><\/p>\n<p><span style=\"font-size: 13px;\"><strong>Con la colaboraci\u00f3n de Meri Lemmons.<\/strong><\/span><\/p>\n<p>&nbsp;<\/p>\n<p>&nbsp;<\/p>\n<p>&nbsp;<\/p>\n<p>&nbsp;<\/p>\n","protected":false},"excerpt":{"rendered":"<p>La presentaci\u00f3n es en una bandeja con 2 cortes de aproximadamente 150g.<\/p>\n<p>Nuestro Filete de Ternera (con denominaci\u00f3n de m\u00e1xima calidad, Marca\u00a0<span class=\"hiddenSpellError\" onkeypress=\"MORFOLOGIK_RULE_ES---#---undefined---#---Se ha encontrado un posible error ortogr\u00e1fico.---#---Escores#Encofres#Enc\u00f3frese#Esc\u00f3rese---#---Escofresc\">Escofresc<\/span>) est\u00e1 presentado en sabrosos filetes, m\u00e1s gruesos y jugosos que otros cortes.<\/p>\n","protected":false},"featured_media":54741,"comment_status":"open","ping_status":"closed","template":"","meta":{"_acf_changed":false},"product_brand":[],"product_cat":[5854,5886],"product_tag":[7519,7668,7528,7669,7530,7533,6014,7535,7495,7544,7507,7557,7515,7611,7516,7665,7517,7666,7518,7667],"class_list":{"0":"post-28554","1":"product","2":"type-product","3":"status-publish","4":"has-post-thumbnail","6":"product_cat-carniceria","7":"product_cat-ternera","8":"product_tag-carniceria-online-es","9":"product_tag-compra-filet-es","10":"product_tag-venta-carne-es","11":"product_tag-compra-filete-es","12":"product_tag-carne-online-es","13":"product_tag-venta-carn-es","14":"product_tag-carn-online","15":"product_tag-carnisseria-online-es","16":"product_tag-escofet-oliver-es","17":"product_tag-carn-es","18":"product_tag-filet-es","19":"product_tag-venta-carn-online-es","20":"product_tag-compra-carn-es","21":"product_tag-venta-carne-online-es","22":"product_tag-compra-carne-es","23":"product_tag-filete-es","24":"product_tag-compra-carne-barcelona-es","25":"product_tag-filet-vedella-es","26":"product_tag-compra-carn-barcelona-es","27":"product_tag-filete-ternera-es","28":"product_shipping_class-entrega-en-domicilio","29":"pa_preciokg-5850-es","30":"pa_presentacio-safata-2","31":"pa_promotional-no-es-2","33":"first","34":"instock","35":"taxable","36":"shipping-taxable","37":"purchasable","38":"product-type-simple"},"acf":[],"_links":{"self":[{"href":"https:\/\/escofetoliver.com\/es\/wp-json\/wp\/v2\/product\/28554","targetHints":{"allow":["GET"]}}],"collection":[{"href":"https:\/\/escofetoliver.com\/es\/wp-json\/wp\/v2\/product"}],"about":[{"href":"https:\/\/escofetoliver.com\/es\/wp-json\/wp\/v2\/types\/product"}],"replies":[{"embeddable":true,"href":"https:\/\/escofetoliver.com\/es\/wp-json\/wp\/v2\/comments?post=28554"}],"wp:featuredmedia":[{"embeddable":true,"href":"https:\/\/escofetoliver.com\/es\/wp-json\/wp\/v2\/media\/54741"}],"wp:attachment":[{"href":"https:\/\/escofetoliver.com\/es\/wp-json\/wp\/v2\/media?parent=28554"}],"wp:term":[{"taxonomy":"product_brand","embeddable":true,"href":"https:\/\/escofetoliver.com\/es\/wp-json\/wp\/v2\/product_brand?post=28554"},{"taxonomy":"product_cat","embeddable":true,"href":"https:\/\/escofetoliver.com\/es\/wp-json\/wp\/v2\/product_cat?post=28554"},{"taxonomy":"product_tag","embeddable":true,"href":"https:\/\/escofetoliver.com\/es\/wp-json\/wp\/v2\/product_tag?post=28554"}],"curies":[{"name":"wp","href":"https:\/\/api.w.org\/{rel}","templated":true}]}}