{"id":28538,"date":"2010-03-02T16:53:48","date_gmt":"2010-03-02T15:53:48","guid":{"rendered":"http:\/\/carnescofetacasa.com\/Producte\/salmo-fumat\/"},"modified":"2024-01-03T15:39:40","modified_gmt":"2024-01-03T14:39:40","slug":"salmo-fumat","status":"publish","type":"product","link":"https:\/\/escofetoliver.com\/es\/tienda\/embutidos\/salmon\/salmo-fumat\/","title":{"rendered":"Salm\u00f3n ahumado premium Summum &#8211; 100 g"},"content":{"rendered":"<p>Salm\u00f3n ahumado de primera calidad.<br \/>\nPara asegurar la excelente calidad de nuestro salm\u00f3n ahumado, seleccionamos \u00fanicamente los mejores ejemplares de la especie Salmo salar, que recibimos enteros y frescos semanalmente desde Noruega.<br \/>\nElaborado con la f\u00f3rmula tradicional escandinava, nuestro proceso de ahumado mantiene un perfecto equilibrio entre tecnolog\u00eda y artesan\u00eda.<br \/>\nSalm\u00f3n Noruego de calidad superior de carne sedosa y consistente. Con un aroma ahumado de bosque de roble y haya.<br \/>\nIdeal para entrantes y canap\u00e9s, se puede ali\u00f1ar con vinagreta dulce o mayonesa ligera.<\/p>\n","protected":false},"excerpt":{"rendered":"<p>Bolsa al vac\u00edo con 100 g de producto.<\/p>\n","protected":false},"featured_media":52811,"comment_status":"open","ping_status":"closed","template":"","meta":{"_acf_changed":false},"product_brand":[],"product_cat":[5942],"product_tag":[11205,11249],"class_list":{"0":"post-28538","1":"product","2":"type-product","3":"status-publish","4":"has-post-thumbnail","6":"product_cat-salmon","7":"product_tag-comete-el-verano","8":"product_tag-proteina-escofet-oliver-esp","10":"first","11":"instock","12":"taxable","13":"shipping-taxable","14":"purchasable","15":"product-type-simple"},"acf":[],"_links":{"self":[{"href":"https:\/\/escofetoliver.com\/es\/wp-json\/wp\/v2\/product\/28538","targetHints":{"allow":["GET"]}}],"collection":[{"href":"https:\/\/escofetoliver.com\/es\/wp-json\/wp\/v2\/product"}],"about":[{"href":"https:\/\/escofetoliver.com\/es\/wp-json\/wp\/v2\/types\/product"}],"replies":[{"embeddable":true,"href":"https:\/\/escofetoliver.com\/es\/wp-json\/wp\/v2\/comments?post=28538"}],"wp:featuredmedia":[{"embeddable":true,"href":"https:\/\/escofetoliver.com\/es\/wp-json\/wp\/v2\/media\/52811"}],"wp:attachment":[{"href":"https:\/\/escofetoliver.com\/es\/wp-json\/wp\/v2\/media?parent=28538"}],"wp:term":[{"taxonomy":"product_brand","embeddable":true,"href":"https:\/\/escofetoliver.com\/es\/wp-json\/wp\/v2\/product_brand?post=28538"},{"taxonomy":"product_cat","embeddable":true,"href":"https:\/\/escofetoliver.com\/es\/wp-json\/wp\/v2\/product_cat?post=28538"},{"taxonomy":"product_tag","embeddable":true,"href":"https:\/\/escofetoliver.com\/es\/wp-json\/wp\/v2\/product_tag?post=28538"}],"curies":[{"name":"wp","href":"https:\/\/api.w.org\/{rel}","templated":true}]}}