{"id":28534,"date":"2010-03-02T15:18:29","date_gmt":"2010-03-02T15:18:29","guid":{"rendered":"http:\/\/carnescofetacasa.com\/Producte\/formatge-torta-del-casar\/"},"modified":"2025-01-17T10:12:56","modified_gmt":"2025-01-17T09:12:56","slug":"formatge-torta-del-casar","status":"publish","type":"product","link":"https:\/\/escofetoliver.com\/es\/tienda\/quesos-yogures\/queso-pieza\/formatge-torta-del-casar\/","title":{"rendered":"Torta del Casar &#8211; 1 unidad  &#8211; 380 g"},"content":{"rendered":"<p>La\u00a0<strong>Torta del Casar<\/strong> es un queso de la provincia de C\u00e1ceres que se elabora a partir de leche cruda de oveja, madur\u00e1ndolo durante sesenta d\u00edas para conseguir una pasta cremosa que, en el paladar genera un delicioso toque de acido. Un formato ideal para compartir entre 4 personas.<\/p>\n<p><b>Maduraci\u00f3n: <\/b>Sesenta d\u00edas.<\/p>\n<p><strong>Al\u00e9rgenos<\/strong>: Derivados de LECHE.<\/p>\n<p><strong>Ingredientes<\/strong>:<\/p>\n<p>Leche cruda de oveja, cuajo vegetal y sal.<\/p>\n<p><strong>Caducidad:\u00a0<\/strong>30 dias.<\/p>\n","protected":false},"excerpt":{"rendered":"<p>Caja con pieza de 380 g aproximadamente.<\/p>\n","protected":false},"featured_media":28530,"comment_status":"open","ping_status":"closed","template":"","meta":{"_acf_changed":false},"product_brand":[],"product_cat":[5862,5890],"product_tag":[8189,8190,8196,8201,8444,8097,8107],"class_list":{"0":"post-28534","1":"product","2":"type-product","3":"status-publish","4":"has-post-thumbnail","6":"product_cat-quesos-yogures","7":"product_cat-queso-pieza","8":"product_tag-formatge-es","9":"product_tag-llet-de-vaca-es","10":"product_tag-queso-es","11":"product_tag-ovella-es","12":"product_tag-oveja-es","13":"product_tag-leche-es","14":"product_tag-quesos-es","15":"product_shipping_class-entrega-en-domicilio","16":"pa_caracteristicas-denom_origen_cast-es","17":"pa_promotional-no-es-2","19":"first","20":"instock","21":"taxable","22":"shipping-taxable","23":"purchasable","24":"product-type-simple"},"acf":[],"_links":{"self":[{"href":"https:\/\/escofetoliver.com\/es\/wp-json\/wp\/v2\/product\/28534","targetHints":{"allow":["GET"]}}],"collection":[{"href":"https:\/\/escofetoliver.com\/es\/wp-json\/wp\/v2\/product"}],"about":[{"href":"https:\/\/escofetoliver.com\/es\/wp-json\/wp\/v2\/types\/product"}],"replies":[{"embeddable":true,"href":"https:\/\/escofetoliver.com\/es\/wp-json\/wp\/v2\/comments?post=28534"}],"wp:featuredmedia":[{"embeddable":true,"href":"https:\/\/escofetoliver.com\/es\/wp-json\/wp\/v2\/media\/28530"}],"wp:attachment":[{"href":"https:\/\/escofetoliver.com\/es\/wp-json\/wp\/v2\/media?parent=28534"}],"wp:term":[{"taxonomy":"product_brand","embeddable":true,"href":"https:\/\/escofetoliver.com\/es\/wp-json\/wp\/v2\/product_brand?post=28534"},{"taxonomy":"product_cat","embeddable":true,"href":"https:\/\/escofetoliver.com\/es\/wp-json\/wp\/v2\/product_cat?post=28534"},{"taxonomy":"product_tag","embeddable":true,"href":"https:\/\/escofetoliver.com\/es\/wp-json\/wp\/v2\/product_tag?post=28534"}],"curies":[{"name":"wp","href":"https:\/\/api.w.org\/{rel}","templated":true}]}}