{"id":28516,"date":"2010-03-02T12:28:32","date_gmt":"2010-03-02T12:28:32","guid":{"rendered":"http:\/\/carnescofetacasa.com\/Producte\/baco-fumat-semi-cuit\/"},"modified":"2024-03-05T09:38:41","modified_gmt":"2024-03-05T08:38:41","slug":"bacon-ahumado","status":"publish","type":"product","link":"https:\/\/escofetoliver.com\/es\/tienda\/embutidos\/cocidos\/bacon-ahumado\/","title":{"rendered":"Beicon ahumado semicocido &#8211; 150 g"},"content":{"rendered":"<p><span>Bacon<\/span><span>\u00a0ahumado\u00a0<\/span><span>semicocido<\/span><span>, tiene un sutil aroma y sabor natural a madera. Lo presentamos, cortado a tiras. Ideal, si lo cocinamos bien a la plancha, para los bocadillos, ensaladas, pastas&#8230; Como siempre con toda la calidad de la charcuter\u00eda de\u00a0<\/span><span>Escofet<\/span><span>\u00a0Oliver.<\/span><\/p>\n<p><span>&#8212;<\/span><\/p>\n<p><span>La\u00a0<\/span>carne de cerdo<span>\u00a0es rica en prote\u00ednas, hierro y vitamina B12 y baja en grasas. Adem\u00e1s, tiene una proporci\u00f3n de \u00e1cidos grasos monoinsaturados y de vitamina B1 superior a otras carnes. Es una carne muy deliciosa y necesaria para cualquier tipo de dieta equilibrada y tiene una textura y sabor diferenciales. Por eso es una de las m\u00e1s consumidas.\u00a0<\/span><\/p>\n<p>Al\u00e9rgenos: Contiene LACTOSA.<\/p>\n<p>Ingredientes: Panceta de cerdo, sal, az\u00facar, lactosa, estabilizador (E-450), especias, antioxidante (E-301), conservante (E-250) y aroma.<\/p>\n<p>Conservaci\u00f3n: 90 d\u00edas.<\/p>\n<p>&nbsp;<\/p>\n","protected":false},"excerpt":{"rendered":"<p>1 bolsa al vac\u00edo con aproximadamente 150 g de producto.<\/p>\n","protected":false},"featured_media":28512,"comment_status":"open","ping_status":"closed","template":"","meta":{"_acf_changed":false},"product_brand":[],"product_cat":[5860,5920],"product_tag":[],"class_list":{"0":"post-28516","1":"product","2":"type-product","3":"status-publish","4":"has-post-thumbnail","6":"product_cat-embutidos","7":"product_cat-cocidos","8":"product_shipping_class-entrega-en-domicilio","9":"pa_preciokg-1990-es","10":"pa_promotional-no-es-2","12":"first","13":"instock","14":"taxable","15":"shipping-taxable","16":"purchasable","17":"product-type-simple"},"acf":[],"_links":{"self":[{"href":"https:\/\/escofetoliver.com\/es\/wp-json\/wp\/v2\/product\/28516","targetHints":{"allow":["GET"]}}],"collection":[{"href":"https:\/\/escofetoliver.com\/es\/wp-json\/wp\/v2\/product"}],"about":[{"href":"https:\/\/escofetoliver.com\/es\/wp-json\/wp\/v2\/types\/product"}],"replies":[{"embeddable":true,"href":"https:\/\/escofetoliver.com\/es\/wp-json\/wp\/v2\/comments?post=28516"}],"wp:featuredmedia":[{"embeddable":true,"href":"https:\/\/escofetoliver.com\/es\/wp-json\/wp\/v2\/media\/28512"}],"wp:attachment":[{"href":"https:\/\/escofetoliver.com\/es\/wp-json\/wp\/v2\/media?parent=28516"}],"wp:term":[{"taxonomy":"product_brand","embeddable":true,"href":"https:\/\/escofetoliver.com\/es\/wp-json\/wp\/v2\/product_brand?post=28516"},{"taxonomy":"product_cat","embeddable":true,"href":"https:\/\/escofetoliver.com\/es\/wp-json\/wp\/v2\/product_cat?post=28516"},{"taxonomy":"product_tag","embeddable":true,"href":"https:\/\/escofetoliver.com\/es\/wp-json\/wp\/v2\/product_tag?post=28516"}],"curies":[{"name":"wp","href":"https:\/\/api.w.org\/{rel}","templated":true}]}}