{"id":28470,"date":"2010-03-02T11:14:41","date_gmt":"2010-03-02T11:14:41","guid":{"rendered":"http:\/\/carnescofetacasa.com\/Producte\/coll-de-porc-tallat\/"},"modified":"2025-05-14T15:38:29","modified_gmt":"2025-05-14T13:38:29","slug":"cuello-cerdo","status":"publish","type":"product","link":"https:\/\/escofetoliver.com\/es\/tienda\/carniceria\/cerdo\/cuello-cerdo\/","title":{"rendered":"Cuello de Cerdo cortado &#8211; 4 cortes &#8211; 450 g"},"content":{"rendered":"<p><span>El <strong>cuello de cerdo<\/strong> o papada es un corte de carne fresco, muy adecuado para hacer rebozados en casa. Esta es una carne muy magra.<\/span><\/p>\n<p><span data-contrast=\"none\" xml:lang=\"ES-ES\" lang=\"ES-ES\" class=\"TextRun SCXW34431259 BCX0\"><span class=\"NormalTextRun SCXW34431259 BCX0\">La <\/span><\/span><strong><span data-contrast=\"none\" xml:lang=\"ES-ES\" lang=\"ES-ES\" class=\"TextRun SCXW34431259 BCX0\"><span class=\"NormalTextRun SCXW34431259 BCX0\">carne de cerdo<\/span><\/span><\/strong><span data-contrast=\"none\" xml:lang=\"ES-ES\" lang=\"ES-ES\" class=\"TextRun SCXW34431259 BCX0\"><span class=\"NormalTextRun SCXW34431259 BCX0\"> es rica en prote\u00ednas, hierro y vitamina B12 y baja en grasas. Adem\u00e1s, tiene una proporci\u00f3n de \u00e1cidos grasos monoinsaturados y de vitamina B1 superior a otras carnes. Es una carne muy deliciosa y necesaria para cualquier tipo de dieta equilibrada y tiene una textura y sabor diferenciales. Por eso es una de las m\u00e1s consumidas. Es perfecta para cocinar a la plancha o asar.<\/span><\/span><span class=\"EOP SCXW34431259 BCX0\" data-ccp-props=\"{&quot;201341983&quot;:0,&quot;335559739&quot;:160,&quot;335559740&quot;:259}\">\u00a0<\/span><\/p>\n<p><strong>Sin al\u00e9rgenos.<\/strong><\/p>\n","protected":false},"excerpt":{"rendered":"<p>Bandeja con 4 piezas de aproximadamente 110 g cada una.<\/p>\n","protected":false},"featured_media":51094,"comment_status":"open","ping_status":"closed","template":"","meta":{"_acf_changed":false},"product_brand":[],"product_cat":[5854,5906],"product_tag":[7536,10200,7544,10201,7546,7679,8141,8320,9019,6074,10198,7495,10199],"class_list":{"0":"post-28470","1":"product","2":"type-product","3":"status-publish","4":"has-post-thumbnail","6":"product_cat-carniceria","7":"product_cat-cerdo","8":"product_tag-carns-escofet-es","9":"product_tag-precio-es","10":"product_tag-carn-es","11":"product_tag-vitamina-es","12":"product_tag-porc-es","13":"product_tag-salsitxes-es","14":"product_tag-artesanal-es","15":"product_tag-cocina-es","16":"product_tag-platos-es","17":"product_tag-salchichas","18":"product_tag-lomo-de-cerdo-guisado-es","19":"product_tag-escofet-oliver-es","20":"product_tag-costillas-de-cerdo-es","21":"product_shipping_class-entrega-en-domicilio","22":"pa_preciokg-1200-es","23":"pa_promotional-no-es-2","25":"first","26":"instock","27":"taxable","28":"shipping-taxable","29":"purchasable","30":"product-type-simple"},"acf":[],"_links":{"self":[{"href":"https:\/\/escofetoliver.com\/es\/wp-json\/wp\/v2\/product\/28470","targetHints":{"allow":["GET"]}}],"collection":[{"href":"https:\/\/escofetoliver.com\/es\/wp-json\/wp\/v2\/product"}],"about":[{"href":"https:\/\/escofetoliver.com\/es\/wp-json\/wp\/v2\/types\/product"}],"replies":[{"embeddable":true,"href":"https:\/\/escofetoliver.com\/es\/wp-json\/wp\/v2\/comments?post=28470"}],"wp:featuredmedia":[{"embeddable":true,"href":"https:\/\/escofetoliver.com\/es\/wp-json\/wp\/v2\/media\/51094"}],"wp:attachment":[{"href":"https:\/\/escofetoliver.com\/es\/wp-json\/wp\/v2\/media?parent=28470"}],"wp:term":[{"taxonomy":"product_brand","embeddable":true,"href":"https:\/\/escofetoliver.com\/es\/wp-json\/wp\/v2\/product_brand?post=28470"},{"taxonomy":"product_cat","embeddable":true,"href":"https:\/\/escofetoliver.com\/es\/wp-json\/wp\/v2\/product_cat?post=28470"},{"taxonomy":"product_tag","embeddable":true,"href":"https:\/\/escofetoliver.com\/es\/wp-json\/wp\/v2\/product_tag?post=28470"}],"curies":[{"name":"wp","href":"https:\/\/api.w.org\/{rel}","templated":true}]}}