{"id":28464,"date":"2010-03-02T10:39:52","date_gmt":"2010-03-02T10:39:52","guid":{"rendered":"http:\/\/carnescofetacasa.com\/Producte\/filet-de-porc-tac\/"},"modified":"2024-01-29T09:44:03","modified_gmt":"2024-01-29T08:44:03","slug":"cerdo-medallones","status":"publish","type":"product","link":"https:\/\/escofetoliver.com\/es\/tienda\/carniceria\/cerdo\/cerdo-medallones\/","title":{"rendered":"Solomillo de Cerdo cortado a medallones &#8211; 1 unidad &#8211; 450 g"},"content":{"rendered":"<p>El solomillo de cerdo es una carne muy tierna y magra de primera calidad, con poca grasa. Por eso, el solomillo se considera en la cocina una pieza selecta y muy vers\u00e1til.<br \/>\nLa carne de cerdo es rica en prote\u00ednas, hierro y vitamina B12. El cerdo contiene una proporci\u00f3n de \u00e1cidos grasos monoinsaturados i de vitamina B1 superior a otro tipo de carnes. Es una carne muy sabrosa necesaria para cualquier tipo de dieta equilibrada. Adem\u00e1s, tambi\u00e9n es una de las m\u00e1s consumidas por su sabor, textura y propiedades nutricionales.<br \/>\nEs un producto perfecto para cocinar tanto a la plancha como rustido, se deshar\u00e1 en la boca.<\/p>\n","protected":false},"excerpt":{"rendered":"<p>Una bandeja con 1 solomillo de cerdo cortado a tacos. Cada pieza pesa 450 g aproximadamente.<\/p>\n","protected":false},"featured_media":51048,"comment_status":"open","ping_status":"closed","template":"","meta":{"_acf_changed":false},"product_brand":[],"product_cat":[5854,5906],"product_tag":[6014,11249,7495,7515,7516,7528,7533,7535,7556,7652],"class_list":{"0":"post-28464","1":"product","2":"type-product","3":"status-publish","4":"has-post-thumbnail","6":"product_cat-carniceria","7":"product_cat-cerdo","8":"product_tag-carn-online","9":"product_tag-proteina-escofet-oliver-esp","10":"product_tag-escofet-oliver-es","11":"product_tag-compra-carn-es","12":"product_tag-compra-carne-es","13":"product_tag-venta-carne-es","14":"product_tag-venta-carn-es","15":"product_tag-carnisseria-online-es","16":"product_tag-carn-barcelona-es","17":"product_tag-solomillo-cerdo-es","18":"product_shipping_class-entrega-en-domicilio","19":"pa_preciokg-1600-es","21":"first","22":"instock","23":"taxable","24":"shipping-taxable","25":"purchasable","26":"product-type-simple"},"acf":[],"_links":{"self":[{"href":"https:\/\/escofetoliver.com\/es\/wp-json\/wp\/v2\/product\/28464","targetHints":{"allow":["GET"]}}],"collection":[{"href":"https:\/\/escofetoliver.com\/es\/wp-json\/wp\/v2\/product"}],"about":[{"href":"https:\/\/escofetoliver.com\/es\/wp-json\/wp\/v2\/types\/product"}],"replies":[{"embeddable":true,"href":"https:\/\/escofetoliver.com\/es\/wp-json\/wp\/v2\/comments?post=28464"}],"wp:featuredmedia":[{"embeddable":true,"href":"https:\/\/escofetoliver.com\/es\/wp-json\/wp\/v2\/media\/51048"}],"wp:attachment":[{"href":"https:\/\/escofetoliver.com\/es\/wp-json\/wp\/v2\/media?parent=28464"}],"wp:term":[{"taxonomy":"product_brand","embeddable":true,"href":"https:\/\/escofetoliver.com\/es\/wp-json\/wp\/v2\/product_brand?post=28464"},{"taxonomy":"product_cat","embeddable":true,"href":"https:\/\/escofetoliver.com\/es\/wp-json\/wp\/v2\/product_cat?post=28464"},{"taxonomy":"product_tag","embeddable":true,"href":"https:\/\/escofetoliver.com\/es\/wp-json\/wp\/v2\/product_tag?post=28464"}],"curies":[{"name":"wp","href":"https:\/\/api.w.org\/{rel}","templated":true}]}}