{"id":28394,"date":"2009-12-16T02:20:51","date_gmt":"2009-12-16T02:20:51","guid":{"rendered":"http:\/\/carnescofetacasa.com\/Producte\/gruyere\/"},"modified":"2024-02-15T10:58:10","modified_gmt":"2024-02-15T09:58:10","slug":"gruyere","status":"publish","type":"product","link":"https:\/\/escofetoliver.com\/es\/tienda\/quesos-yogures\/queso-loncha\/gruyere\/","title":{"rendered":"Gruyere suizo loncheado &#8211; 150 g"},"content":{"rendered":"<p>Queso de leche de vaca de sabor suave, procedente de Suiza, y cortado en cu\u00f1as para servir en tablas o como acompa\u00f1ante de platos.<\/p>\n<p>El<strong> Gruy\u00e8re<\/strong> es una delicia con identidad. Una identidad a base de sabores a\u00f1ejos, tostados y especiados, los cuales persisten en nuestro paladar de forma agradable. Para conseguir este resultado se elabora con leche entera de vaca, y con una pasta bien prensada y cocida.<\/p>\n<p>Es vers\u00e1til, ya que tambi\u00e9n es fondue, y sirve como postre, acompa\u00f1ante de pan o elemento de algunos platos calientes.<\/p>\n<p><strong>Maduraci\u00f3n<\/strong>: Quince meses.<\/p>\n<p><strong>Al\u00e9rgenos<\/strong>: Derivados de la LECHE.<\/p>\n","protected":false},"excerpt":{"rendered":"<p>Bolsa al vac\u00edo con aproximadamente 150 g de producto cortado.<\/p>\n","protected":false},"featured_media":28390,"comment_status":"open","ping_status":"closed","template":"","meta":{"_acf_changed":false},"product_brand":[],"product_cat":[5862,5878],"product_tag":[8196,8458,9058,8096,9059,8097,8098,8107,8189],"class_list":{"0":"post-28394","1":"product","2":"type-product","3":"status-publish","4":"has-post-thumbnail","6":"product_cat-quesos-yogures","7":"product_cat-queso-loncha","8":"product_tag-queso-es","9":"product_tag-suiza-es","10":"product_tag-suizo-es","11":"product_tag-llet-es","12":"product_tag-suis-es","13":"product_tag-leche-es","14":"product_tag-vaca-es","15":"product_tag-quesos-es","16":"product_tag-formatge-es","17":"product_shipping_class-entrega-en-domicilio","18":"pa_caracteristicas-denom_origen_cast-es","19":"pa_preciokg-3690-es","20":"pa_promotional-no-es-2","22":"first","23":"instock","24":"taxable","25":"shipping-taxable","26":"purchasable","27":"product-type-simple"},"acf":[],"_links":{"self":[{"href":"https:\/\/escofetoliver.com\/es\/wp-json\/wp\/v2\/product\/28394","targetHints":{"allow":["GET"]}}],"collection":[{"href":"https:\/\/escofetoliver.com\/es\/wp-json\/wp\/v2\/product"}],"about":[{"href":"https:\/\/escofetoliver.com\/es\/wp-json\/wp\/v2\/types\/product"}],"replies":[{"embeddable":true,"href":"https:\/\/escofetoliver.com\/es\/wp-json\/wp\/v2\/comments?post=28394"}],"wp:featuredmedia":[{"embeddable":true,"href":"https:\/\/escofetoliver.com\/es\/wp-json\/wp\/v2\/media\/28390"}],"wp:attachment":[{"href":"https:\/\/escofetoliver.com\/es\/wp-json\/wp\/v2\/media?parent=28394"}],"wp:term":[{"taxonomy":"product_brand","embeddable":true,"href":"https:\/\/escofetoliver.com\/es\/wp-json\/wp\/v2\/product_brand?post=28394"},{"taxonomy":"product_cat","embeddable":true,"href":"https:\/\/escofetoliver.com\/es\/wp-json\/wp\/v2\/product_cat?post=28394"},{"taxonomy":"product_tag","embeddable":true,"href":"https:\/\/escofetoliver.com\/es\/wp-json\/wp\/v2\/product_tag?post=28394"}],"curies":[{"name":"wp","href":"https:\/\/api.w.org\/{rel}","templated":true}]}}