{"id":28332,"date":"2009-12-16T02:20:27","date_gmt":"2009-12-16T02:20:27","guid":{"rendered":"http:\/\/carnescofetacasa.com\/Producte\/pack-broquetes-escofet\/"},"modified":"2023-05-23T10:14:10","modified_gmt":"2023-05-23T08:14:10","slug":"pack-broquetes-escofet","status":"publish","type":"product","link":"https:\/\/escofetoliver.com\/es\/tienda\/elaborados\/frescos-es\/pack-broquetes-escofet\/","title":{"rendered":"Pack Brochetas Escofet"},"content":{"rendered":"<p>En Escofet Oliver hemos preparado un pack de brochetas que combinan diferentes tipos de carne. Para disfrutar al m\u00e1ximo de una buena variedad de sabores. Una manera de combinar una buena alimentaci\u00f3n y una degustaci\u00f3n interesante.<\/p>\n<p><strong>Sin al\u00e9rgenos<\/strong>.<\/p>\n","protected":false},"excerpt":{"rendered":"<p>Bandeja con 1 brocheta de ternera, 1 brocheta de pollo, 1 brocheta barbacoa.<\/p>\n","protected":false},"featured_media":28328,"comment_status":"open","ping_status":"closed","template":"","meta":{"_acf_changed":false},"product_brand":[],"product_cat":[5858,5946],"product_tag":[7626],"class_list":{"0":"post-28332","1":"product","2":"type-product","3":"status-publish","4":"has-post-thumbnail","6":"product_cat-elaborados","7":"product_cat-frescos-es","8":"product_tag-barbacoa-es","9":"pa_promotional-no-es-2","11":"first","12":"instock","13":"taxable","14":"shipping-taxable","15":"purchasable","16":"product-type-simple"},"acf":[],"_links":{"self":[{"href":"https:\/\/escofetoliver.com\/es\/wp-json\/wp\/v2\/product\/28332","targetHints":{"allow":["GET"]}}],"collection":[{"href":"https:\/\/escofetoliver.com\/es\/wp-json\/wp\/v2\/product"}],"about":[{"href":"https:\/\/escofetoliver.com\/es\/wp-json\/wp\/v2\/types\/product"}],"replies":[{"embeddable":true,"href":"https:\/\/escofetoliver.com\/es\/wp-json\/wp\/v2\/comments?post=28332"}],"wp:featuredmedia":[{"embeddable":true,"href":"https:\/\/escofetoliver.com\/es\/wp-json\/wp\/v2\/media\/28328"}],"wp:attachment":[{"href":"https:\/\/escofetoliver.com\/es\/wp-json\/wp\/v2\/media?parent=28332"}],"wp:term":[{"taxonomy":"product_brand","embeddable":true,"href":"https:\/\/escofetoliver.com\/es\/wp-json\/wp\/v2\/product_brand?post=28332"},{"taxonomy":"product_cat","embeddable":true,"href":"https:\/\/escofetoliver.com\/es\/wp-json\/wp\/v2\/product_cat?post=28332"},{"taxonomy":"product_tag","embeddable":true,"href":"https:\/\/escofetoliver.com\/es\/wp-json\/wp\/v2\/product_tag?post=28332"}],"curies":[{"name":"wp","href":"https:\/\/api.w.org\/{rel}","templated":true}]}}