{"id":28296,"date":"2009-12-16T02:20:07","date_gmt":"2009-12-16T02:20:07","guid":{"rendered":"http:\/\/carnescofetacasa.com\/Producte\/fuet-escofet\/"},"modified":"2024-02-23T10:50:12","modified_gmt":"2024-02-23T09:50:12","slug":"fuet-escofet","status":"publish","type":"product","link":"https:\/\/escofetoliver.com\/es\/tienda\/embutidos\/curados\/fuet-escofet\/","title":{"rendered":"Fuet extra &#8211; 1 unidad &#8211; 215 g"},"content":{"rendered":"<p><span>Embutido de fuet t\u00edpico catal\u00e1n, de gran sabor y calidad. Para aperitivos, acompa\u00f1antes o almuerzos, entre otros.<\/span><\/p>\n<p><strong>Al\u00e9rgenos: <\/strong>Derivados de la LECHE. Contiene sulfitos<\/p>\n<p><strong>Ingredientes: <\/strong><\/p>\n<p>Magro y panceta de cerdo, sal, dextrina, dextrosa, vino, especias, conservantes (E-252, E-326), antioxidantes (E-316, E-331) y colorante<br \/>\n(E-120). Tripa natural.<\/p>\n<p>Caducidad: Conservar en ligar fresco y seco.<\/p>\n<p>&nbsp;<\/p>\n","protected":false},"excerpt":{"rendered":"<p>1 pieza entera de aproximadamente 215 g de peso.<\/p>\n","protected":false},"featured_media":28292,"comment_status":"open","ping_status":"closed","template":"","meta":{"_acf_changed":false},"product_brand":[],"product_cat":[5860,5924],"product_tag":[7609,7610,7612,6014,7615,7495,7519,7523,7530,7535,7556,7595],"class_list":{"0":"post-28296","1":"product","2":"type-product","3":"status-publish","4":"has-post-thumbnail","6":"product_cat-embutidos","7":"product_cat-curados","8":"product_tag-compra-carne-online-es","9":"product_tag-compra-carn-online-es","10":"product_tag-fuet-escofet-es","11":"product_tag-carn-online","12":"product_tag-escofet-barcelona-es","13":"product_tag-escofet-oliver-es","14":"product_tag-carniceria-online-es","15":"product_tag-carn-escofet-es","16":"product_tag-carne-online-es","17":"product_tag-carnisseria-online-es","18":"product_tag-carn-barcelona-es","19":"product_tag-fuet-es","20":"pa_preciokg-2150-es","21":"pa_promotional-no-es-2","23":"first","24":"instock","25":"taxable","26":"shipping-taxable","27":"purchasable","28":"product-type-simple"},"acf":[],"_links":{"self":[{"href":"https:\/\/escofetoliver.com\/es\/wp-json\/wp\/v2\/product\/28296","targetHints":{"allow":["GET"]}}],"collection":[{"href":"https:\/\/escofetoliver.com\/es\/wp-json\/wp\/v2\/product"}],"about":[{"href":"https:\/\/escofetoliver.com\/es\/wp-json\/wp\/v2\/types\/product"}],"replies":[{"embeddable":true,"href":"https:\/\/escofetoliver.com\/es\/wp-json\/wp\/v2\/comments?post=28296"}],"wp:featuredmedia":[{"embeddable":true,"href":"https:\/\/escofetoliver.com\/es\/wp-json\/wp\/v2\/media\/28292"}],"wp:attachment":[{"href":"https:\/\/escofetoliver.com\/es\/wp-json\/wp\/v2\/media?parent=28296"}],"wp:term":[{"taxonomy":"product_brand","embeddable":true,"href":"https:\/\/escofetoliver.com\/es\/wp-json\/wp\/v2\/product_brand?post=28296"},{"taxonomy":"product_cat","embeddable":true,"href":"https:\/\/escofetoliver.com\/es\/wp-json\/wp\/v2\/product_cat?post=28296"},{"taxonomy":"product_tag","embeddable":true,"href":"https:\/\/escofetoliver.com\/es\/wp-json\/wp\/v2\/product_tag?post=28296"}],"curies":[{"name":"wp","href":"https:\/\/api.w.org\/{rel}","templated":true}]}}