{"id":28290,"date":"2009-12-16T02:20:03","date_gmt":"2009-12-16T02:20:03","guid":{"rendered":"http:\/\/carnescofetacasa.com\/Producte\/longaniza\/"},"modified":"2024-02-23T10:49:53","modified_gmt":"2024-02-23T09:49:53","slug":"longaniza","status":"publish","type":"product","link":"https:\/\/escofetoliver.com\/es\/tienda\/embutidos\/curados\/longaniza\/","title":{"rendered":"Longaniza de pay\u00e9s &#8211; 100 g"},"content":{"rendered":"<p>Embutido de longaniza de Pay\u00e9s, con todo el sabor tradicional, envasado al vac\u00edo para garantizar su conservaci\u00f3n.<\/p>\n<p>&nbsp;<\/p>\n<p>Al\u00e9rgenos: Contiene sulfitos y lactosa.<\/p>\n<p>Ingredientes: Magro de cerdo, sal, lactosa, prote\u00ednas de la leche, especias, estabilizante (E452 i), antioxidantes (E-300, E-301), dextrosa, colorante (cochinilla), y conservantes (E250, E-252). Elaborado con tripa natural de buey.<\/p>\n<p>Caducidad: A los 120 d\u00edas.<\/p>\n<p>&nbsp;<\/p>\n","protected":false},"excerpt":{"rendered":"<p>Bolsa al vac\u00edo con aproximadamente 100 g de longaniza de pay\u00e9s loncheada.<\/p>\n","protected":false},"featured_media":28286,"comment_status":"open","ping_status":"closed","template":"","meta":{"_acf_changed":false},"product_brand":[],"product_cat":[5860,5924],"product_tag":[7591,7515,7592,7516,7593,7517,7594,7518,7595,7519,7528,7530,11079,7533,7535,6014,7556,7495],"class_list":{"0":"post-28290","1":"product","2":"type-product","3":"status-publish","4":"has-post-thumbnail","6":"product_cat-embutidos","7":"product_cat-curados","8":"product_tag-llonganissa-es","9":"product_tag-compra-carn-es","10":"product_tag-salchichon-es","11":"product_tag-compra-carne-es","12":"product_tag-embotit-es","13":"product_tag-compra-carne-barcelona-es","14":"product_tag-embutido-es","15":"product_tag-compra-carn-barcelona-es","16":"product_tag-fuet-es","17":"product_tag-carniceria-online-es","18":"product_tag-venta-carne-es","19":"product_tag-carne-online-es","20":"product_tag-vuelta-cole","21":"product_tag-venta-carn-es","22":"product_tag-carnisseria-online-es","23":"product_tag-carn-online","24":"product_tag-carn-barcelona-es","25":"product_tag-escofet-oliver-es","26":"pa_preciokg-3650-es","27":"pa_promotional-no-es-2","29":"first","30":"instock","31":"featured","32":"taxable","33":"shipping-taxable","34":"purchasable","35":"product-type-simple"},"acf":[],"_links":{"self":[{"href":"https:\/\/escofetoliver.com\/es\/wp-json\/wp\/v2\/product\/28290","targetHints":{"allow":["GET"]}}],"collection":[{"href":"https:\/\/escofetoliver.com\/es\/wp-json\/wp\/v2\/product"}],"about":[{"href":"https:\/\/escofetoliver.com\/es\/wp-json\/wp\/v2\/types\/product"}],"replies":[{"embeddable":true,"href":"https:\/\/escofetoliver.com\/es\/wp-json\/wp\/v2\/comments?post=28290"}],"wp:featuredmedia":[{"embeddable":true,"href":"https:\/\/escofetoliver.com\/es\/wp-json\/wp\/v2\/media\/28286"}],"wp:attachment":[{"href":"https:\/\/escofetoliver.com\/es\/wp-json\/wp\/v2\/media?parent=28290"}],"wp:term":[{"taxonomy":"product_brand","embeddable":true,"href":"https:\/\/escofetoliver.com\/es\/wp-json\/wp\/v2\/product_brand?post=28290"},{"taxonomy":"product_cat","embeddable":true,"href":"https:\/\/escofetoliver.com\/es\/wp-json\/wp\/v2\/product_cat?post=28290"},{"taxonomy":"product_tag","embeddable":true,"href":"https:\/\/escofetoliver.com\/es\/wp-json\/wp\/v2\/product_tag?post=28290"}],"curies":[{"name":"wp","href":"https:\/\/api.w.org\/{rel}","templated":true}]}}