{"id":28256,"date":"2009-12-16T02:19:46","date_gmt":"2009-12-16T02:19:46","guid":{"rendered":"http:\/\/carnescofetacasa.com\/Producte\/mortadela-italiana\/"},"modified":"2025-05-26T12:34:13","modified_gmt":"2025-05-26T10:34:13","slug":"mortadela-italiana","status":"publish","type":"product","link":"https:\/\/escofetoliver.com\/es\/tienda\/embutidos\/cocidos\/mortadela-italiana\/","title":{"rendered":"Mortadela Italiana &#8211; 150 g"},"content":{"rendered":"<p>Mortadela italiana aut\u00e9ntica de Boulogne, un embutido gourmet que se presenta cortado y envasado al vac\u00edo, para garantizar su conservaci\u00f3n.<\/p>\n<p>Producto con denominaci\u00f3n IGP in Vescica mezza con pistachos. Elaborada con carne magra de cerdo italiano de alta gama, Guanciale (grasa de papada a dados), especies y pistachos.<\/p>\n<p>Un ideal de la charcuter\u00eda que podemos disfrutar a diferentes comidas, aperitivos y almuerzos.<\/p>\n<p><a href=\"https:\/\/www.mortadellabologna.com\/mortadella-bologna-igp\">https:\/\/www.mortadellabologna.com\/mortadella-bologna-igp<\/a><\/p>\n<p>Ingredientes<\/p>\n<p>Carne de cerdo, estomago de cerdo, sal, pistacho, sacarosa, esaltador de sabor<br \/>\n(glutamato mono s\u00f3dico), aromas naturales, especias, antioxidante (sodio ascorbato), conservante (nitrito de sodio).<\/p>\n<p>Al\u00e9rgenos\u00a0Frutos secos.\u00a0CONTIENE PISTACHO adem\u00e1s de nueces, HUEVO, LECHE (y\u00a0derivados) y pescado.<\/p>\n<p>&nbsp;<\/p>\n<p>&nbsp;<\/p>\n","protected":false},"excerpt":{"rendered":"<p>Bolsa al vac\u00edo con aproximadamente 150 g de producto cortado.<\/p>\n","protected":false},"featured_media":28252,"comment_status":"open","ping_status":"closed","template":"","meta":{"_acf_changed":false},"product_brand":[],"product_cat":[5860,5920],"product_tag":[7529,7530,7534,7535,7602,7603,6014,7604,7495,7605,7517,7518,7519],"class_list":{"0":"post-28256","1":"product","2":"type-product","3":"status-publish","4":"has-post-thumbnail","6":"product_cat-embutidos","7":"product_cat-cocidos","8":"product_tag-venta-carne-barcelona-es","9":"product_tag-carne-online-es","10":"product_tag-venta-carn-barcelona-es","11":"product_tag-carnisseria-online-es","12":"product_tag-mortadel-la-es","13":"product_tag-mortadela-es","14":"product_tag-carn-online","15":"product_tag-mortadel-la-italiana-es","16":"product_tag-escofet-oliver-es","17":"product_tag-mortadela-italiana-es","18":"product_tag-compra-carne-barcelona-es","19":"product_tag-compra-carn-barcelona-es","20":"product_tag-carniceria-online-es","21":"product_shipping_class-entrega-en-domicilio","22":"pa_promotional-no-es-2","24":"first","25":"instock","26":"taxable","27":"shipping-taxable","28":"purchasable","29":"product-type-simple"},"acf":[],"_links":{"self":[{"href":"https:\/\/escofetoliver.com\/es\/wp-json\/wp\/v2\/product\/28256","targetHints":{"allow":["GET"]}}],"collection":[{"href":"https:\/\/escofetoliver.com\/es\/wp-json\/wp\/v2\/product"}],"about":[{"href":"https:\/\/escofetoliver.com\/es\/wp-json\/wp\/v2\/types\/product"}],"replies":[{"embeddable":true,"href":"https:\/\/escofetoliver.com\/es\/wp-json\/wp\/v2\/comments?post=28256"}],"wp:featuredmedia":[{"embeddable":true,"href":"https:\/\/escofetoliver.com\/es\/wp-json\/wp\/v2\/media\/28252"}],"wp:attachment":[{"href":"https:\/\/escofetoliver.com\/es\/wp-json\/wp\/v2\/media?parent=28256"}],"wp:term":[{"taxonomy":"product_brand","embeddable":true,"href":"https:\/\/escofetoliver.com\/es\/wp-json\/wp\/v2\/product_brand?post=28256"},{"taxonomy":"product_cat","embeddable":true,"href":"https:\/\/escofetoliver.com\/es\/wp-json\/wp\/v2\/product_cat?post=28256"},{"taxonomy":"product_tag","embeddable":true,"href":"https:\/\/escofetoliver.com\/es\/wp-json\/wp\/v2\/product_tag?post=28256"}],"curies":[{"name":"wp","href":"https:\/\/api.w.org\/{rel}","templated":true}]}}