{"id":28238,"date":"2009-12-16T02:19:35","date_gmt":"2009-12-16T02:19:35","guid":{"rendered":"http:\/\/carnescofetacasa.com\/Producte\/jamon-cocido\/"},"modified":"2025-06-23T09:11:13","modified_gmt":"2025-06-23T07:11:13","slug":"jamon-cocido-lonchas","status":"publish","type":"product","link":"https:\/\/escofetoliver.com\/es\/tienda\/embutidos\/cocidos\/jamon-cocido-lonchas\/","title":{"rendered":"Jam\u00f3n cocido \u00abExtra\u00bb loncheado &#8211; 150 g"},"content":{"rendered":"<p><span>Un alimento siempre natural, saludable y muy aut\u00e9ntico, que puedes encontrar en nuestra charcuter\u00eda. El jam\u00f3n cocido Extra, est\u00e1 elaborado con unos jamones de cerdo de primera calidad. Una carne de ganader\u00eda muy alimentada a base de cereales y pocas grasas. Es un jam\u00f3n tierno, meloso y con una alta aportaci\u00f3n de prote\u00ednas y un nivel cal\u00f3rico equilibrado, puesto que tiene menos grasas en su composici\u00f3n.<\/span><\/p>\n<p>\u2014<\/p>\n<p><span>La\u00a0<\/span>carne de cerdo<span>\u00a0es rica en prote\u00ednas, hierro y vitamina B12 y baja en grasas. Adem\u00e1s, tiene una proporci\u00f3n de \u00e1cidos grasos monoinsaturados y de vitamina B1 superior a otras carnes. Es una carne muy deliciosa y necesaria para cualquier tipo de dieta equilibrada y tiene una textura y sabor diferenciales. Por eso es una de las m\u00e1s consumidas.\u00a0<\/span><\/p>\n<p>Ingredientes<\/p>\n<p>Jam\u00f3n, agua, sal, dextrosa, extractos de levadura, gelificante (E-407, E-508), estabilizantes (E-451 i, E-450 y E-415), antioxidante (E-301), conservante (E-250), aroma natural.<\/p>\n<p>Al\u00e9rgenos: No contiene ni gluten ni lactosa.<\/p>\n<p>Caducidad: Refrigeraci\u00f3n; conservar entre 0\u202f\u00b0C y 4\u202f\u00b0C veinte d\u00edas. Envase abierto; conservar entre 0\u202f\u00b0C y 4\u202f\u00b0C dos d\u00edas.<\/p>\n<p>&nbsp;<\/p>\n","protected":false},"excerpt":{"rendered":"<p>Bolsa al vac\u00edo con aproximadamente 150 g de producto cortado.<\/p>\n","protected":false},"featured_media":28230,"comment_status":"open","ping_status":"closed","template":"","meta":{"_acf_changed":false},"product_brand":[],"product_cat":[5860,5920],"product_tag":[7556,7588,7596,7597,7598,7495,7515,7533,11079,7534,7535],"class_list":{"0":"post-28238","1":"product","2":"type-product","3":"status-publish","4":"has-post-thumbnail","6":"product_cat-embutidos","7":"product_cat-cocidos","8":"product_tag-carn-barcelona-es","9":"product_tag-compra-pernil-es","10":"product_tag-pernil-cuit-es","11":"product_tag-compra-pernil-barcelona-es","12":"product_tag-venta-pernil-cuit-es","13":"product_tag-escofet-oliver-es","14":"product_tag-compra-carn-es","15":"product_tag-venta-carn-es","16":"product_tag-vuelta-cole","17":"product_tag-venta-carn-barcelona-es","18":"product_tag-carnisseria-online-es","19":"product_shipping_class-entrega-en-domicilio","20":"pa_preciokg-1640-es","21":"pa_promotional-no-es-2","23":"first","24":"instock","25":"taxable","26":"shipping-taxable","27":"purchasable","28":"product-type-simple"},"acf":[],"_links":{"self":[{"href":"https:\/\/escofetoliver.com\/es\/wp-json\/wp\/v2\/product\/28238","targetHints":{"allow":["GET"]}}],"collection":[{"href":"https:\/\/escofetoliver.com\/es\/wp-json\/wp\/v2\/product"}],"about":[{"href":"https:\/\/escofetoliver.com\/es\/wp-json\/wp\/v2\/types\/product"}],"replies":[{"embeddable":true,"href":"https:\/\/escofetoliver.com\/es\/wp-json\/wp\/v2\/comments?post=28238"}],"wp:featuredmedia":[{"embeddable":true,"href":"https:\/\/escofetoliver.com\/es\/wp-json\/wp\/v2\/media\/28230"}],"wp:attachment":[{"href":"https:\/\/escofetoliver.com\/es\/wp-json\/wp\/v2\/media?parent=28238"}],"wp:term":[{"taxonomy":"product_brand","embeddable":true,"href":"https:\/\/escofetoliver.com\/es\/wp-json\/wp\/v2\/product_brand?post=28238"},{"taxonomy":"product_cat","embeddable":true,"href":"https:\/\/escofetoliver.com\/es\/wp-json\/wp\/v2\/product_cat?post=28238"},{"taxonomy":"product_tag","embeddable":true,"href":"https:\/\/escofetoliver.com\/es\/wp-json\/wp\/v2\/product_tag?post=28238"}],"curies":[{"name":"wp","href":"https:\/\/api.w.org\/{rel}","templated":true}]}}