{"id":28216,"date":"2009-12-16T02:19:25","date_gmt":"2009-12-16T01:19:25","guid":{"rendered":"http:\/\/carnescofetacasa.com\/Producte\/28\/"},"modified":"2025-04-07T10:00:42","modified_gmt":"2025-04-07T08:00:42","slug":"lomo-embutido-iberico","status":"publish","type":"product","link":"https:\/\/escofetoliver.com\/es\/tienda\/embutidos\/ibericos\/lomo-embutido-iberico\/","title":{"rendered":"Lomo embutido Ib\u00e9rico de bellota loncheado &#8211; 100 g"},"content":{"rendered":"<p><span>Lomo de ca\u00f1a cortado. De\u00a0<\/span><span class=\"hiddenSpellError\" onkeypress=\"MORFOLOGIK_RULE_ES---#---undefined---#---Se ha encontrado un posible error ortogr\u00e1fico.---#---Hijuelo#G\u00fcig\u00fce#Agu\u00edjelo#Agu\u00edzguelo#Am\u00edguelo#Fum\u00edguelo#F\u00faguelo#Guije\u00f1o#Gui\u00e1melo#Gui\u00e1selo#Gui\u00e1telo#Gu\u00edamelo#Gu\u00edaselo#Gu\u00edatelo#Gu\u00edelo#Gu\u00edemelo#Gu\u00edeselo#Gu\u00edetelo#Gu\u00edllelo#Gu\u00edndelo#Gu\u00edpelo#Gu\u00edselo#Gu\u00edtelo#Gu\u00ed\u00f1elo#H\u00farguelo#Ju\u00e9guelo#J\u00fazguelo#L\u00edguelo#M\u00edguelo#P\u00farguelo#Ru\u00e9guelo#S\u00edguelo#Gui\u00f3nelo---#---Guijuelo\">Guijuelo<\/span><span>, como los mejores ib\u00e9ricos, es un lomo embuchado de bellota. Elaborado de manera tradicional (al estilo de\u00a0<\/span><span class=\"hiddenSpellError\" onkeypress=\"MORFOLOGIK_RULE_ES---#---undefined---#---Se ha encontrado un posible error ortogr\u00e1fico.---#---Hijuelo#G\u00fcig\u00fce#Agu\u00edjelo#Agu\u00edzguelo#Am\u00edguelo#Fum\u00edguelo#F\u00faguelo#Guije\u00f1o#Gui\u00e1melo#Gui\u00e1selo#Gui\u00e1telo#Gu\u00edamelo#Gu\u00edaselo#Gu\u00edatelo#Gu\u00edelo#Gu\u00edemelo#Gu\u00edeselo#Gu\u00edetelo#Gu\u00edllelo#Gu\u00edndelo#Gu\u00edpelo#Gu\u00edselo#Gu\u00edtelo#Gu\u00ed\u00f1elo#H\u00farguelo#Ju\u00e9guelo#J\u00fazguelo#L\u00edguelo#M\u00edguelo#P\u00farguelo#Ru\u00e9guelo#S\u00edguelo#Gui\u00f3nelo---#---Guijuelo\">Guijuelo<\/span><span>) y obtenido a partir de lomos de cerdos criados en la paz y tranquilidad de la dehesa, en plena libertad. Y bien alimentados a base de bellotas (aut\u00f3ctonas de la zona) y de hierbas y pastos naturales. Se madura durante cuatro meses.<\/span><\/p>\n<p><span>Un lomo conocido para ser bajo en grasas y por<\/span><span>\u00a0su sabor aut\u00e9ntico e intenso. Cada corte invita a probar otro. Un buen lomo, que podemos aprovechar en aperitivos o tambi\u00e9n nos puede servir para un delicioso <a href=\"https:\/\/escofetoliver.com\/es\/?s=almuerzo\">almuerzo<\/a>.<\/span><\/p>\n<p><strong>Sin al\u00e9rgenos.<\/strong><\/p>\n<p><span><strong>Ingredientes:<\/strong> Lomo, sal, pimiento,\u00a0<\/span><span>especies<\/span><span>\u00a0naturales, az\u00facares, conservantes (E-250 y E-252) y antioxidante (E-301).<\/span><\/p>\n<p><strong>Caducidad:\u00a0<\/strong>Conservar en lugar seco y fresco.<\/p>\n<p>&nbsp;<\/p>\n","protected":false},"excerpt":{"rendered":"<p><span>Podemos elaborar bocadillos de pan, ya sea solo o con tomate. Colocando varias lonchas de lomo de manera uniforme. Una buena idea es combinarlo con <a href=\"https:\/\/escofetoliver.com\/es\/tienda\/quesos-yogures\/queso-loncha\/gran-sierra-es\/\">queso<\/a>.<\/span><\/p>\n<p>&nbsp;<\/p>\n<p>&nbsp;<\/p>\n<p>&nbsp;<\/p>\n<p>&nbsp;<\/p>\n<p>&nbsp;<\/p>\n<p>&nbsp;<\/p>\n","protected":false},"featured_media":28208,"comment_status":"open","ping_status":"closed","template":"","meta":{"_acf_changed":false},"product_brand":[],"product_cat":[5932],"product_tag":[6014,7550,7495,7556,7515,7589,7516,7590,7517,7591,7518,7592,7519,7594,7528,7595,7530,7533,7535],"class_list":{"0":"post-28216","1":"product","2":"type-product","3":"status-publish","4":"has-post-thumbnail","6":"product_cat-ibericos","7":"product_tag-carn-online","8":"product_tag-llom-es","9":"product_tag-escofet-oliver-es","10":"product_tag-carn-barcelona-es","11":"product_tag-compra-carn-es","12":"product_tag-llom-embotit-es","13":"product_tag-compra-carne-es","14":"product_tag-llom-embotit-iberic-dalga-es","15":"product_tag-compra-carne-barcelona-es","16":"product_tag-llonganissa-es","17":"product_tag-compra-carn-barcelona-es","18":"product_tag-salchichon-es","19":"product_tag-carniceria-online-es","20":"product_tag-embutido-es","21":"product_tag-venta-carne-es","22":"product_tag-fuet-es","23":"product_tag-carne-online-es","24":"product_tag-venta-carn-es","25":"product_tag-carnisseria-online-es","26":"pa_preciokg-10448","27":"pa_promotional-no-es-2","29":"first","30":"instock","31":"taxable","32":"shipping-taxable","33":"purchasable","34":"product-type-simple"},"acf":[],"_links":{"self":[{"href":"https:\/\/escofetoliver.com\/es\/wp-json\/wp\/v2\/product\/28216","targetHints":{"allow":["GET"]}}],"collection":[{"href":"https:\/\/escofetoliver.com\/es\/wp-json\/wp\/v2\/product"}],"about":[{"href":"https:\/\/escofetoliver.com\/es\/wp-json\/wp\/v2\/types\/product"}],"replies":[{"embeddable":true,"href":"https:\/\/escofetoliver.com\/es\/wp-json\/wp\/v2\/comments?post=28216"}],"wp:featuredmedia":[{"embeddable":true,"href":"https:\/\/escofetoliver.com\/es\/wp-json\/wp\/v2\/media\/28208"}],"wp:attachment":[{"href":"https:\/\/escofetoliver.com\/es\/wp-json\/wp\/v2\/media?parent=28216"}],"wp:term":[{"taxonomy":"product_brand","embeddable":true,"href":"https:\/\/escofetoliver.com\/es\/wp-json\/wp\/v2\/product_brand?post=28216"},{"taxonomy":"product_cat","embeddable":true,"href":"https:\/\/escofetoliver.com\/es\/wp-json\/wp\/v2\/product_cat?post=28216"},{"taxonomy":"product_tag","embeddable":true,"href":"https:\/\/escofetoliver.com\/es\/wp-json\/wp\/v2\/product_tag?post=28216"}],"curies":[{"name":"wp","href":"https:\/\/api.w.org\/{rel}","templated":true}]}}