{"id":28200,"date":"2009-12-16T02:19:18","date_gmt":"2009-12-16T02:19:18","guid":{"rendered":"http:\/\/carnescofetacasa.com\/Producte\/jamon-iberico-bellota\/"},"modified":"2025-02-05T16:14:46","modified_gmt":"2025-02-05T15:14:46","slug":"jamon-iberico-bellota","status":"publish","type":"product","link":"https:\/\/escofetoliver.com\/es\/tienda\/embutidos\/ibericos\/jamon-iberico-bellota\/","title":{"rendered":"Jam\u00f3n Ib\u00e9rico de bellota loncheado &#8211; 100 g"},"content":{"rendered":"<p>Jam\u00f3n de Guijuelo de primera calidad, con la garant\u00eda Escofet.<\/p>\n<p>Ingredientes: <span>Jam\u00f3n de cerdo ib\u00e9rico de\u00a0<\/span><span>bellota<\/span><span>, sal marina, antioxidante: E-331 y conservadores: E-250 y E-252.<\/span><\/p>\n<p>Caducidad: Entre 4-6 meses.<\/p>\n","protected":false},"excerpt":{"rendered":"<p>Bolsa al vac\u00edo con aproximadamente 100 g de producto cortado.<\/p>\n","protected":false},"featured_media":28192,"comment_status":"open","ping_status":"closed","template":"","meta":{"_acf_changed":false},"product_brand":[],"product_cat":[5932],"product_tag":[7495,7518,7535,7556,7584,11079,6014],"class_list":{"0":"post-28200","1":"product","2":"type-product","3":"status-publish","4":"has-post-thumbnail","6":"product_cat-ibericos","7":"product_tag-escofet-oliver-es","8":"product_tag-compra-carn-barcelona-es","9":"product_tag-carnisseria-online-es","10":"product_tag-carn-barcelona-es","11":"product_tag-pernil-es","12":"product_tag-vuelta-cole","13":"product_tag-carn-online","14":"pa_promotional-no-es-2","16":"first","17":"instock","18":"taxable","19":"shipping-taxable","20":"purchasable","21":"product-type-simple"},"acf":[],"_links":{"self":[{"href":"https:\/\/escofetoliver.com\/es\/wp-json\/wp\/v2\/product\/28200","targetHints":{"allow":["GET"]}}],"collection":[{"href":"https:\/\/escofetoliver.com\/es\/wp-json\/wp\/v2\/product"}],"about":[{"href":"https:\/\/escofetoliver.com\/es\/wp-json\/wp\/v2\/types\/product"}],"replies":[{"embeddable":true,"href":"https:\/\/escofetoliver.com\/es\/wp-json\/wp\/v2\/comments?post=28200"}],"wp:featuredmedia":[{"embeddable":true,"href":"https:\/\/escofetoliver.com\/es\/wp-json\/wp\/v2\/media\/28192"}],"wp:attachment":[{"href":"https:\/\/escofetoliver.com\/es\/wp-json\/wp\/v2\/media?parent=28200"}],"wp:term":[{"taxonomy":"product_brand","embeddable":true,"href":"https:\/\/escofetoliver.com\/es\/wp-json\/wp\/v2\/product_brand?post=28200"},{"taxonomy":"product_cat","embeddable":true,"href":"https:\/\/escofetoliver.com\/es\/wp-json\/wp\/v2\/product_cat?post=28200"},{"taxonomy":"product_tag","embeddable":true,"href":"https:\/\/escofetoliver.com\/es\/wp-json\/wp\/v2\/product_tag?post=28200"}],"curies":[{"name":"wp","href":"https:\/\/api.w.org\/{rel}","templated":true}]}}