{"id":28162,"date":"2009-12-16T02:19:01","date_gmt":"2009-12-16T02:19:01","guid":{"rendered":"http:\/\/carnescofetacasa.com\/Producte\/hamburguesa\/"},"modified":"2025-03-11T12:12:49","modified_gmt":"2025-03-11T11:12:49","slug":"hamburguesa","status":"publish","type":"product","link":"https:\/\/escofetoliver.com\/es\/tienda\/elaborados\/hamburguesas\/hamburguesa\/","title":{"rendered":"Hamburguesas de Ternera &#8211; 2 unidades &#8211; 250 g"},"content":{"rendered":"<p><span>La hamburguesa de ternera la elaboramos con la mejor carne de becerra, de primera calidad y animales criados en las granjas que mejor trabajan en Catalu\u00f1a.<\/span><\/p>\n<p><span>El proceso de elaboraci\u00f3n, empieza con la carne magra de ternera, que reduce el nivel de grasa del producto; adem\u00e1s que tiene un sabor bastante delicioso para disfrutarla.<\/span><\/p>\n<p><span>La hamburguesa de ternera de\u00a0<\/span><span class=\"hiddenSpellError\" onkeypress=\"MORFOLOGIK_RULE_ES---#---undefined---#---Se ha encontrado un posible error ortogr\u00e1fico.---#---Escoc\u00e9s#Escoger#Escoge#Escopeta#Escogen#Esc\u00f3lex#Escoges#Escotes#Escob\u00e9n#Escolte#Escuecen#Escobeta#Escores#Escuece#Escoced#Escocer#Escocete#Escoc\u00e9#Escode#Escoden#Escodes#Escod\u00e9#Escofieta#Escoged#Escogete#Escog\u00e9#Escog\u00e9s#Escoleta#Escore#Escoren#Escor\u00e9#Escote#Escoten#Escot\u00e9#Escueces#Esc\u00f3dete#Esc\u00f3gete#Esc\u00f3rete#Esc\u00f3tete#Estofe#Estofen#Estofes#Estof\u00e9#Est\u00f3fete---#---Escofet\">Escofet<\/span><span>\u00a0Oliver es uno de nuestros mejores <a href=\"https:\/\/escofetoliver.com\/es\/categoria-del-producto\/elaborados\/\">elaborados<\/a> y gustar\u00e1 a todo el mundo, porque su textura suave la hace f\u00e1cil de probar, adem\u00e1s que es perfecta para cocinar a la plancha o a la brasa.\u00a0<\/span><span>Adem\u00e1s,<\/span><span>\u00a0nosotros le damos un toque con una buena condimentaci\u00f3n de sal y especies.<\/span><\/p>\n<p><span>&#8212;<\/span><\/p>\n<p><span>La <a href=\"https:\/\/escofetoliver.com\/es\/categoria-del-producto\/carniceria\/ternera\/\">carne de becerra o ternera<\/a>, es un alimento completo y esencial para desarrollar una dieta que sea sana y equilibrada, destacando sobre todo por su elevado nivel proteico. Las prote\u00ednas de la carne de ternera<\/span><span>\u00a0son de una alta digestibilidad y de gran valor biol\u00f3gico, puesto que aportan amino\u00e1cidos esenciales que son necesarios para las funciones de crecimiento y reparaci\u00f3n de tejidos de nuestro organismo.<\/span><\/p>\n<p><span>Adem\u00e1s,<\/span><span>\u00a0es rica en vitaminas del grupo B y por la aportaci\u00f3n de minerales al organismo como son el fosfato, calcio, magnesio y hierro.<\/span><\/p>\n<p>&nbsp;<\/p>\n<div style=\"width: 640px;\" class=\"wp-video\"><video class=\"wp-video-shortcode\" id=\"video-28162-1\" width=\"640\" height=\"360\" preload=\"metadata\" controls=\"controls\"><source type=\"video\/mp4\" src=\"https:\/\/escofetoliver.com\/wp-content\/uploads\/2025\/02\/Burgers-Castellano.mp4?_=1\" \/><a href=\"https:\/\/escofetoliver.com\/wp-content\/uploads\/2025\/02\/Burgers-Castellano.mp4\">https:\/\/escofetoliver.com\/wp-content\/uploads\/2025\/02\/Burgers-Castellano.mp4<\/a><\/video><\/div>\n<p>&nbsp;<\/p>\n<p><span style=\"font-size: 17px;\"><strong>Elaborado con preparado de carne.<\/strong><\/span><\/p>\n","protected":false},"excerpt":{"rendered":"<p>La presentaci\u00f3n es en una bandeja con 2 piezas de aproximadamente 125 g cada una.<\/p>\n","protected":false},"featured_media":51080,"comment_status":"open","ping_status":"closed","template":"","meta":{"_acf_changed":false},"product_brand":[],"product_cat":[5858,5948],"product_tag":[11060,11089,11249,7495,7497,7509,7510,7535,7556],"class_list":{"0":"post-28162","1":"product","2":"type-product","3":"status-publish","4":"has-post-thumbnail","6":"product_cat-elaborados","7":"product_cat-hamburguesas","8":"product_tag-seleccion-barbacoa","9":"product_tag-con-preparado-ternera","10":"product_tag-proteina-escofet-oliver-esp","11":"product_tag-escofet-oliver-es","12":"product_tag-catalunya-es","13":"product_tag-vedella-es","14":"product_tag-ternera-es","15":"product_tag-carnisseria-online-es","16":"product_tag-carn-barcelona-es","17":"pa_preciokg-2090-es","18":"pa_promotional-no-es-2","20":"first","21":"instock","22":"taxable","23":"shipping-taxable","24":"purchasable","25":"product-type-simple"},"acf":[],"_links":{"self":[{"href":"https:\/\/escofetoliver.com\/es\/wp-json\/wp\/v2\/product\/28162","targetHints":{"allow":["GET"]}}],"collection":[{"href":"https:\/\/escofetoliver.com\/es\/wp-json\/wp\/v2\/product"}],"about":[{"href":"https:\/\/escofetoliver.com\/es\/wp-json\/wp\/v2\/types\/product"}],"replies":[{"embeddable":true,"href":"https:\/\/escofetoliver.com\/es\/wp-json\/wp\/v2\/comments?post=28162"}],"wp:featuredmedia":[{"embeddable":true,"href":"https:\/\/escofetoliver.com\/es\/wp-json\/wp\/v2\/media\/51080"}],"wp:attachment":[{"href":"https:\/\/escofetoliver.com\/es\/wp-json\/wp\/v2\/media?parent=28162"}],"wp:term":[{"taxonomy":"product_brand","embeddable":true,"href":"https:\/\/escofetoliver.com\/es\/wp-json\/wp\/v2\/product_brand?post=28162"},{"taxonomy":"product_cat","embeddable":true,"href":"https:\/\/escofetoliver.com\/es\/wp-json\/wp\/v2\/product_cat?post=28162"},{"taxonomy":"product_tag","embeddable":true,"href":"https:\/\/escofetoliver.com\/es\/wp-json\/wp\/v2\/product_tag?post=28162"}],"curies":[{"name":"wp","href":"https:\/\/api.w.org\/{rel}","templated":true}]}}