{"id":28156,"date":"2009-12-16T02:18:57","date_gmt":"2009-12-16T02:18:57","guid":{"rendered":"http:\/\/carnescofetacasa.com\/Producte\/salchichas-cerdo\/"},"modified":"2026-03-03T11:56:07","modified_gmt":"2026-03-03T10:56:07","slug":"salchichas-cerdo","status":"publish","type":"product","link":"https:\/\/escofetoliver.com\/es\/tienda\/elaborados\/frescos-es\/salchichas-cerdo\/","title":{"rendered":"Salchichas de cerdo  &#8211; 8 unidades &#8211; 350 g"},"content":{"rendered":"<p>Las salchichas de cerdo son un elaborado fresco a parir de carne picada de la mejor calidad salpimentada. Las elaboramos siguiendo la receta tradicional con carne picada del mejor magro que reduce el nivel de grasa del producto, condimentada con sal y especias, embutida dentro de una tripa natural. La carne de cerdo es rica en prote\u00ednas, hierro y vitamina B12. El cerdo contiene una proporci\u00f3n de \u00e1cidos grasos monoinsaturados i de vitamina B1 superior a otro tipo de carnes. Es una carne muy sabrosa necesaria para cualquier tipo de dieta equilibrada. Adem\u00e1s, tambi\u00e9n es una de las m\u00e1s consumidas por su sabor, textura y propiedades nutricionales.<\/p>\n<p>Es un producto perfecto para cocinar a la plancha como a la parrilla. Se puede acompa\u00f1ar con todo tipo de guarniciones como: patatas, verduras, pasta, legumbres&#8230;<\/p>\n<p>&nbsp;<\/p>\n<div style=\"width: 640px;\" class=\"wp-video\"><video class=\"wp-video-shortcode\" id=\"video-28156-1\" width=\"640\" height=\"360\" preload=\"metadata\" controls=\"controls\"><source type=\"video\/mp4\" src=\"https:\/\/escofetoliver.com\/wp-content\/uploads\/2025\/02\/Salchichas-100-frescas.mp4?_=1\" \/><a href=\"https:\/\/escofetoliver.com\/wp-content\/uploads\/2025\/02\/Salchichas-100-frescas.mp4\">https:\/\/escofetoliver.com\/wp-content\/uploads\/2025\/02\/Salchichas-100-frescas.mp4<\/a><\/video><\/div>\n<p>&nbsp;<\/p>\n<p>&nbsp;<\/p>\n<p>&nbsp;<\/p>\n<p>&nbsp;<\/p>\n","protected":false},"excerpt":{"rendered":"<p><span>La presentaci\u00f3n es en una bandeja con 8 salchichas elaboradas con cerdo, haciendo aproximadamente unos 350 g por bandeja de salchichas.<\/span><\/p>\n","protected":false},"featured_media":54674,"comment_status":"open","ping_status":"closed","template":"","meta":{"_acf_changed":false},"product_brand":[],"product_cat":[5858,5946],"product_tag":[6074,10198,7495,10199,7536,10200,7544,10201,7546,7679,11249,8141,8320,9019],"class_list":{"0":"post-28156","1":"product","2":"type-product","3":"status-publish","4":"has-post-thumbnail","6":"product_cat-elaborados","7":"product_cat-frescos-es","8":"product_tag-salchichas","9":"product_tag-lomo-de-cerdo-guisado-es","10":"product_tag-escofet-oliver-es","11":"product_tag-costillas-de-cerdo-es","12":"product_tag-carns-escofet-es","13":"product_tag-precio-es","14":"product_tag-carn-es","15":"product_tag-vitamina-es","16":"product_tag-porc-es","17":"product_tag-salsitxes-es","18":"product_tag-proteinas-escofet-oliver","19":"product_tag-artesanal-es","20":"product_tag-cocina-es","21":"product_tag-platos-es","22":"product_shipping_class-entrega-en-domicilio","23":"pa_preciokg-11231","24":"pa_promotional-no-es-2","26":"first","27":"instock","28":"taxable","29":"shipping-taxable","30":"purchasable","31":"product-type-simple"},"acf":[],"_links":{"self":[{"href":"https:\/\/escofetoliver.com\/es\/wp-json\/wp\/v2\/product\/28156","targetHints":{"allow":["GET"]}}],"collection":[{"href":"https:\/\/escofetoliver.com\/es\/wp-json\/wp\/v2\/product"}],"about":[{"href":"https:\/\/escofetoliver.com\/es\/wp-json\/wp\/v2\/types\/product"}],"replies":[{"embeddable":true,"href":"https:\/\/escofetoliver.com\/es\/wp-json\/wp\/v2\/comments?post=28156"}],"wp:featuredmedia":[{"embeddable":true,"href":"https:\/\/escofetoliver.com\/es\/wp-json\/wp\/v2\/media\/54674"}],"wp:attachment":[{"href":"https:\/\/escofetoliver.com\/es\/wp-json\/wp\/v2\/media?parent=28156"}],"wp:term":[{"taxonomy":"product_brand","embeddable":true,"href":"https:\/\/escofetoliver.com\/es\/wp-json\/wp\/v2\/product_brand?post=28156"},{"taxonomy":"product_cat","embeddable":true,"href":"https:\/\/escofetoliver.com\/es\/wp-json\/wp\/v2\/product_cat?post=28156"},{"taxonomy":"product_tag","embeddable":true,"href":"https:\/\/escofetoliver.com\/es\/wp-json\/wp\/v2\/product_tag?post=28156"}],"curies":[{"name":"wp","href":"https:\/\/api.w.org\/{rel}","templated":true}]}}