{"id":28132,"date":"2009-12-16T02:18:44","date_gmt":"2009-12-16T01:18:44","guid":{"rendered":"http:\/\/carnescofetacasa.com\/Producte\/entra-a\/"},"modified":"2025-10-14T14:01:36","modified_gmt":"2025-10-14T12:01:36","slug":"entrana-ternera","status":"publish","type":"product","link":"https:\/\/escofetoliver.com\/es\/tienda\/carniceria\/ternera\/entrana-ternera\/","title":{"rendered":"Entra\u00f1a de Ternera &#8211; 1 pieza &#8211; 450 g"},"content":{"rendered":"<p><span data-contrast=\"none\">La <\/span><b><span data-contrast=\"none\">Entra\u00f1a<\/span><\/b><span data-contrast=\"none\"> es una parte de la <\/span><b><span data-contrast=\"none\">Ternera<\/span><\/b><span data-contrast=\"none\"> muy adecuada para una alimentaci\u00f3n sana o una dieta, ya que se puede cocinar (adem\u00e1s de a la brasa) a la plancha.<\/span><span data-ccp-props=\"{&quot;201341983&quot;:0,&quot;335551550&quot;:6,&quot;335551620&quot;:6,&quot;335559739&quot;:160,&quot;335559740&quot;:259}\">\u00a0<\/span><\/p>\n<p><span data-contrast=\"auto\">La <\/span><b><span data-contrast=\"auto\">Ternera<\/span><\/b><span data-contrast=\"auto\"> es un alimento esencial para una dieta sana y equilibrada, destacando por las prote\u00ednas de alta digestibilidad y gran valor biol\u00f3gico, ya que aportan amino\u00e1cidos necesarios por nuestro crecimiento y la reparaci\u00f3n de tejidos del organismo. Tambi\u00e9n es rica en vitaminas (del grupo B) y es una gran fuente de minerales como son el f\u00f3sforo, calcio, magnesio y hierro.<\/span><span data-ccp-props=\"{&quot;201341983&quot;:0,&quot;335559739&quot;:160,&quot;335559740&quot;:259}\">\u00a0<\/span><\/p>\n<p><span data-contrast=\"auto\">Escofet Oliver madura la carne de ternera un m\u00ednimo de 7 d\u00edas en refrigeraci\u00f3n para obtener una carne muy sabrosa y melosa.<\/span><span data-ccp-props=\"{&quot;201341983&quot;:0,&quot;335559739&quot;:160,&quot;335559740&quot;:259}\">\u00a0<\/span><\/p>\n<p><span data-contrast=\"none\">Sin AL\u00c9RGENOS.<\/span><span data-ccp-props=\"{&quot;201341983&quot;:0,&quot;335559739&quot;:160,&quot;335559740&quot;:259}\">\u00a0<\/span><\/p>\n","protected":false},"excerpt":{"rendered":"<p>Bandeja con 1 pieza de carne de ternera de aproximadamente 450 g.<\/p>\n","protected":false},"featured_media":28128,"comment_status":"open","ping_status":"closed","template":"","meta":{"_acf_changed":false},"product_brand":[],"product_cat":[5854,5886,5940],"product_tag":[7510,7515,7535,7556,7495,11249,7509],"class_list":{"0":"post-28132","1":"product","2":"type-product","3":"status-publish","4":"has-post-thumbnail","6":"product_cat-carniceria","7":"product_cat-ternera","8":"product_cat-carne-argentina","9":"product_tag-ternera-es","10":"product_tag-compra-carn-es","11":"product_tag-carnisseria-online-es","12":"product_tag-carn-barcelona-es","13":"product_tag-escofet-oliver-es","14":"product_tag-proteinas-escofet-oliver","15":"product_tag-vedella-es","16":"product_shipping_class-entrega-en-domicilio","17":"pa_preciokg-2500-es","18":"pa_presentacio-safata-2","19":"pa_promotional-no-es-2","21":"first","22":"instock","23":"taxable","24":"shipping-taxable","25":"purchasable","26":"product-type-simple"},"acf":[],"_links":{"self":[{"href":"https:\/\/escofetoliver.com\/es\/wp-json\/wp\/v2\/product\/28132","targetHints":{"allow":["GET"]}}],"collection":[{"href":"https:\/\/escofetoliver.com\/es\/wp-json\/wp\/v2\/product"}],"about":[{"href":"https:\/\/escofetoliver.com\/es\/wp-json\/wp\/v2\/types\/product"}],"replies":[{"embeddable":true,"href":"https:\/\/escofetoliver.com\/es\/wp-json\/wp\/v2\/comments?post=28132"}],"wp:featuredmedia":[{"embeddable":true,"href":"https:\/\/escofetoliver.com\/es\/wp-json\/wp\/v2\/media\/28128"}],"wp:attachment":[{"href":"https:\/\/escofetoliver.com\/es\/wp-json\/wp\/v2\/media?parent=28132"}],"wp:term":[{"taxonomy":"product_brand","embeddable":true,"href":"https:\/\/escofetoliver.com\/es\/wp-json\/wp\/v2\/product_brand?post=28132"},{"taxonomy":"product_cat","embeddable":true,"href":"https:\/\/escofetoliver.com\/es\/wp-json\/wp\/v2\/product_cat?post=28132"},{"taxonomy":"product_tag","embeddable":true,"href":"https:\/\/escofetoliver.com\/es\/wp-json\/wp\/v2\/product_tag?post=28132"}],"curies":[{"name":"wp","href":"https:\/\/api.w.org\/{rel}","templated":true}]}}