{"id":28126,"date":"2009-12-16T02:18:40","date_gmt":"2009-12-16T01:18:40","guid":{"rendered":"http:\/\/carnescofetacasa.com\/Producte\/churrasco\/"},"modified":"2023-07-13T11:40:39","modified_gmt":"2023-07-13T09:40:39","slug":"churrasco","status":"publish","type":"product","link":"https:\/\/escofetoliver.com\/es\/tienda\/carniceria\/ternera\/churrasco\/","title":{"rendered":"Churrasco de Ternera &#8211; 4 cortes &#8211; 700 g"},"content":{"rendered":"<p><span data-contrast=\"none\">Nuestro<\/span><b><span data-contrast=\"none\"> Churrasco <\/span><\/b><span data-contrast=\"none\">es un corte de carne de <\/span><b><span data-contrast=\"none\">Ternera<\/span><\/b><span data-contrast=\"none\"> (marca Escofresc), de primera calidad. Es una carne especialmente adecuada para preparar a la plancha o a la brasa.<\/span><span data-ccp-props=\"{&quot;201341983&quot;:0,&quot;335551550&quot;:6,&quot;335551620&quot;:6,&quot;335559739&quot;:160,&quot;335559740&quot;:259}\">\u00a0<\/span><\/p>\n<p><span data-contrast=\"auto\">La <\/span><b><span data-contrast=\"auto\">Ternera<\/span><\/b><span data-contrast=\"auto\"> es un alimento esencial para una dieta sana y equilibrada, destacando por las prote\u00ednas de alta digestibilidad y gran valor biol\u00f3gico, ya que aportan amino\u00e1cidos necesarios por nuestro crecimiento y la reparaci\u00f3n de tejidos del organismo. Tambi\u00e9n es rica en vitaminas (del grupo B) y es una gran fuente de minerales como son el f\u00f3sforo, calcio, magnesio y hierro.<\/span><span data-ccp-props=\"{&quot;201341983&quot;:0,&quot;335559739&quot;:160,&quot;335559740&quot;:259}\">\u00a0<\/span><\/p>\n<p><span data-contrast=\"auto\">Escofet Oliver madura la carne de ternera un m\u00ednimo de 7 d\u00edas en refrigeraci\u00f3n para obtener una carne muy sabrosa y melosa.<\/span><span data-ccp-props=\"{&quot;201341983&quot;:0,&quot;335559739&quot;:160,&quot;335559740&quot;:259}\">\u00a0<\/span><\/p>\n<p><span data-contrast=\"none\">Sin AL\u00c9RGENOS.<\/span><span data-ccp-props=\"{&quot;201341983&quot;:0,&quot;335559739&quot;:160,&quot;335559740&quot;:259}\">\u00a0<\/span><\/p>\n","protected":false},"excerpt":{"rendered":"<p>Bandeja con 4 piezas de aproximadamente 175 g cada una.<\/p>\n","protected":false},"featured_media":54503,"comment_status":"open","ping_status":"closed","template":"","meta":{"_acf_changed":false},"product_brand":[],"product_cat":[5854,5886,5940],"product_tag":[7495,7509,7518,7535,7556,7626],"class_list":{"0":"post-28126","1":"product","2":"type-product","3":"status-publish","4":"has-post-thumbnail","6":"product_cat-carniceria","7":"product_cat-ternera","8":"product_cat-carne-argentina","9":"product_tag-escofet-oliver-es","10":"product_tag-vedella-es","11":"product_tag-compra-carn-barcelona-es","12":"product_tag-carnisseria-online-es","13":"product_tag-carn-barcelona-es","14":"product_tag-barbacoa-es","15":"product_shipping_class-entrega-en-domicilio","16":"pa_preciokg-2450-es","17":"pa_presentacio-safata-2","18":"pa_promotional-no-es-2","20":"first","21":"instock","22":"taxable","23":"shipping-taxable","24":"purchasable","25":"product-type-simple"},"acf":[],"_links":{"self":[{"href":"https:\/\/escofetoliver.com\/es\/wp-json\/wp\/v2\/product\/28126","targetHints":{"allow":["GET"]}}],"collection":[{"href":"https:\/\/escofetoliver.com\/es\/wp-json\/wp\/v2\/product"}],"about":[{"href":"https:\/\/escofetoliver.com\/es\/wp-json\/wp\/v2\/types\/product"}],"replies":[{"embeddable":true,"href":"https:\/\/escofetoliver.com\/es\/wp-json\/wp\/v2\/comments?post=28126"}],"wp:featuredmedia":[{"embeddable":true,"href":"https:\/\/escofetoliver.com\/es\/wp-json\/wp\/v2\/media\/54503"}],"wp:attachment":[{"href":"https:\/\/escofetoliver.com\/es\/wp-json\/wp\/v2\/media?parent=28126"}],"wp:term":[{"taxonomy":"product_brand","embeddable":true,"href":"https:\/\/escofetoliver.com\/es\/wp-json\/wp\/v2\/product_brand?post=28126"},{"taxonomy":"product_cat","embeddable":true,"href":"https:\/\/escofetoliver.com\/es\/wp-json\/wp\/v2\/product_cat?post=28126"},{"taxonomy":"product_tag","embeddable":true,"href":"https:\/\/escofetoliver.com\/es\/wp-json\/wp\/v2\/product_tag?post=28126"}],"curies":[{"name":"wp","href":"https:\/\/api.w.org\/{rel}","templated":true}]}}