{"id":28082,"date":"2009-12-16T02:18:20","date_gmt":"2009-12-16T01:18:20","guid":{"rendered":"http:\/\/carnescofetacasa.com\/Producte\/muslo-pollo\/"},"modified":"2025-03-21T12:26:58","modified_gmt":"2025-03-21T11:26:58","slug":"muslo-pollo","status":"publish","type":"product","link":"https:\/\/escofetoliver.com\/es\/tienda\/pollos-huevos\/polleria-es\/muslo-pollo\/","title":{"rendered":"Muslo de pollo &#8211; 2 unidades &#8211; 650 g"},"content":{"rendered":"<p>Nuestro <strong>Muslo de Pollo\u00a0<\/strong>es un producto catal\u00e1n, de proximidad. Una carne de pollo seleccionada seg\u00fan los criterios de m\u00e1xima calidad.<\/p>\n<p>Perfecta para cocinarse a la plancha o tambi\u00e9n asada. Un alimento bajo en grasas y colesterol si se cocina sin piel.<\/p>\n<p>La carne de\u00a0<strong>Pollo<\/strong> es muy rica en prote\u00ednas, aporta una gran cantidad de vitaminas (del grupo B) al organismo, y es una buena fuente de hierro, fosfato y cinc.<\/p>\n<p>&nbsp;<\/p>\n<p>SIN ALERGENOS<\/p>\n","protected":false},"excerpt":{"rendered":"<p>La presentaci\u00f3n es en una bandeja de aproximadamente 650 g con 2 piezas.<\/p>\n","protected":false},"featured_media":28078,"comment_status":"open","ping_status":"closed","template":"","meta":{"_acf_changed":false},"product_brand":[],"product_cat":[5856,5880],"product_tag":[7535,9036,7563,10044,7565,7568,7741,8429,6044,9023,7495,9035],"class_list":{"0":"post-28082","1":"product","2":"type-product","3":"status-publish","4":"has-post-thumbnail","6":"product_cat-pollos-huevos","7":"product_cat-polleria-es","8":"product_tag-carnisseria-online-es","9":"product_tag-pollos-es","10":"product_tag-proximitat-es","11":"product_tag-pollos-es-2","12":"product_tag-pollastre-es","13":"product_tag-cuixa-pollastre-es","14":"product_tag-brou-es","15":"product_tag-dieta-es","16":"product_tag-pollo","17":"product_tag-salut-es","18":"product_tag-escofet-oliver-es","19":"product_tag-polleria-es","20":"product_shipping_class-entrega-en-domicilio","21":"pa_preciokg-750-es","22":"pa_presentacio-safata-2","23":"pa_promotional-no-es-2","25":"first","26":"instock","27":"taxable","28":"shipping-taxable","29":"purchasable","30":"product-type-simple"},"acf":[],"_links":{"self":[{"href":"https:\/\/escofetoliver.com\/es\/wp-json\/wp\/v2\/product\/28082","targetHints":{"allow":["GET"]}}],"collection":[{"href":"https:\/\/escofetoliver.com\/es\/wp-json\/wp\/v2\/product"}],"about":[{"href":"https:\/\/escofetoliver.com\/es\/wp-json\/wp\/v2\/types\/product"}],"replies":[{"embeddable":true,"href":"https:\/\/escofetoliver.com\/es\/wp-json\/wp\/v2\/comments?post=28082"}],"wp:featuredmedia":[{"embeddable":true,"href":"https:\/\/escofetoliver.com\/es\/wp-json\/wp\/v2\/media\/28078"}],"wp:attachment":[{"href":"https:\/\/escofetoliver.com\/es\/wp-json\/wp\/v2\/media?parent=28082"}],"wp:term":[{"taxonomy":"product_brand","embeddable":true,"href":"https:\/\/escofetoliver.com\/es\/wp-json\/wp\/v2\/product_brand?post=28082"},{"taxonomy":"product_cat","embeddable":true,"href":"https:\/\/escofetoliver.com\/es\/wp-json\/wp\/v2\/product_cat?post=28082"},{"taxonomy":"product_tag","embeddable":true,"href":"https:\/\/escofetoliver.com\/es\/wp-json\/wp\/v2\/product_tag?post=28082"}],"curies":[{"name":"wp","href":"https:\/\/api.w.org\/{rel}","templated":true}]}}