{"id":28076,"date":"2009-12-16T02:18:17","date_gmt":"2009-12-16T01:18:17","guid":{"rendered":"http:\/\/carnescofetacasa.com\/Producte\/pechuga-pollo\/"},"modified":"2026-03-03T10:52:45","modified_gmt":"2026-03-03T09:52:45","slug":"pechuga-pollo","status":"publish","type":"product","link":"https:\/\/escofetoliver.com\/es\/tienda\/pollos-huevos\/polleria-es\/pechuga-pollo\/","title":{"rendered":"Pechuga de pollo cortada &#8211; 6 cortes &#8211; 380 g"},"content":{"rendered":"<p>Nuestra pechuga de pollo cortada es una pieza del mejor pollo de PROXIMIDAD. Nosotros la seleccionamos siguiendo unos criterios de m\u00e1xima calidad: el origen, si es una carne natural, los nutrientes&#8230;<\/p>\n<p>Por nosotros, la pechuga de pollo es una carne perfecta para una buena alimentaci\u00f3n y tambi\u00e9n para las mejores dietas. Se come sin piel y es un alimento muy bajo en grasas y colesterol. En la cocina la podemos preparar para hacer a la plancha, por ejemplo, <span class=\"hiddenGrammarError\" onkeypress=\"UPPERCASE_SENTENCE_START---#---undefined---#---Esta frase no empieza con may\u00fascula.---#---O---#---o\">o<\/span><span>\u00a0tambi\u00e9n puede dar mucho a nuestros platos si las preparamos con unas\u00a0<\/span><span class=\"hiddenSpellError\" onkeypress=\"MORFOLOGIK_RULE_ES---#---undefined---#---Se ha encontrado un posible error ortogr\u00e1fico.---#---salci\u00f1as#salitas#salsinas#sal sitas---#---salsitas\">salsitas<\/span><span> o las a\u00f1adimos para enriquecer nuestra ensalada.<\/span><\/p>\n<p><span>Un alimento de la mejor selecci\u00f3n para cuidarse.<\/span><\/p>\n<p>&#8212;<\/p>\n<p>El <a href=\"https:\/\/escofetoliver.com\/es\/categoria-del-producto\/pollos-huevos\/polleria-es\/\">pollo<\/a> es un animal con una carne magra muy rica en prote\u00ednas. Una de las carnes m\u00e1s consumidas y preferidas por los consumidores, dado que no tiene mucha grasa, adem\u00e1s que incluye una alta variedad de vitaminas (del grupo B) buenas para el organismo, y es una buena fuente de hierro, fosfato y zinc. Muy vers\u00e1til y bastante elemental para una alimentaci\u00f3n decente y equilibrada.<\/p>\n<p>&nbsp;<\/p>\n<p>SIN ALERGENOS.<\/p>\n","protected":false},"excerpt":{"rendered":"<p>La presentaci\u00f3n es en una bandeja con 6 cortes de aproximadamente 380 g en total.<\/p>\n<p>Cocinar completamente antes de su consumo.<\/p>\n","protected":false},"featured_media":54668,"comment_status":"open","ping_status":"closed","template":"","meta":{"_acf_changed":false},"product_brand":[],"product_cat":[5856,5880],"product_tag":[9035,6044,11114,7495,11249,7535,7556,7565,8429,9023],"class_list":{"0":"post-28076","1":"product","2":"type-product","3":"status-publish","4":"has-post-thumbnail","6":"product_cat-pollos-huevos","7":"product_cat-polleria-es","8":"product_tag-polleria-es","9":"product_tag-pollo","10":"product_tag-ano-nuevo-fresco-saludable","11":"product_tag-escofet-oliver-es","12":"product_tag-proteinas-escofet-oliver","13":"product_tag-carnisseria-online-es","14":"product_tag-carn-barcelona-es","15":"product_tag-pollastre-es","16":"product_tag-dieta-es","17":"product_tag-salut-es","18":"product_shipping_class-entrega-en-domicilio","19":"pa_preciokg-1290-es","20":"pa_presentacio-safata-2","22":"first","23":"instock","24":"featured","25":"taxable","26":"shipping-taxable","27":"purchasable","28":"product-type-simple"},"acf":[],"_links":{"self":[{"href":"https:\/\/escofetoliver.com\/es\/wp-json\/wp\/v2\/product\/28076","targetHints":{"allow":["GET"]}}],"collection":[{"href":"https:\/\/escofetoliver.com\/es\/wp-json\/wp\/v2\/product"}],"about":[{"href":"https:\/\/escofetoliver.com\/es\/wp-json\/wp\/v2\/types\/product"}],"replies":[{"embeddable":true,"href":"https:\/\/escofetoliver.com\/es\/wp-json\/wp\/v2\/comments?post=28076"}],"wp:featuredmedia":[{"embeddable":true,"href":"https:\/\/escofetoliver.com\/es\/wp-json\/wp\/v2\/media\/54668"}],"wp:attachment":[{"href":"https:\/\/escofetoliver.com\/es\/wp-json\/wp\/v2\/media?parent=28076"}],"wp:term":[{"taxonomy":"product_brand","embeddable":true,"href":"https:\/\/escofetoliver.com\/es\/wp-json\/wp\/v2\/product_brand?post=28076"},{"taxonomy":"product_cat","embeddable":true,"href":"https:\/\/escofetoliver.com\/es\/wp-json\/wp\/v2\/product_cat?post=28076"},{"taxonomy":"product_tag","embeddable":true,"href":"https:\/\/escofetoliver.com\/es\/wp-json\/wp\/v2\/product_tag?post=28076"}],"curies":[{"name":"wp","href":"https:\/\/api.w.org\/{rel}","templated":true}]}}