{"id":28070,"date":"2009-12-16T02:18:14","date_gmt":"2009-12-16T01:18:14","guid":{"rendered":"http:\/\/carnescofetacasa.com\/Producte\/pechuga-pavo\/"},"modified":"2025-03-25T11:53:16","modified_gmt":"2025-03-25T10:53:16","slug":"pechuga-pavo","status":"publish","type":"product","link":"https:\/\/escofetoliver.com\/es\/tienda\/pollos-huevos\/polleria-es\/pechuga-pavo\/","title":{"rendered":"Pechuga de pavo cortada &#8211; 4 cortes &#8211; 400 g"},"content":{"rendered":"<p>Los filetes de pechuga de pavo que ofrecemos son perfectos para cocinar a la parrilla, aportando una textura jugosa y un sabor exquisito que cautiva los paladares m\u00e1s exigentes. No solo destaca por su sabor irresistible sino tambi\u00e9n por su versatilidad en la cocina. Se puede condimentar (con unas gotas de lim\u00f3n, ajo, hierbas arom\u00e1ticas&#8230;) para darle un toque personalizado. Excelente para cuidarse y mantener una dieta equilibrada, siendo siempre una aut\u00e9ntica delicia culinaria.<\/p>\n<p>Nos comprometemos a ofrecerte la pechuga de pavo de m\u00e1xima calidad. Seleccionamos cada pieza con rigor para asegurar la frescura y el valor nutricional.<\/p>\n<p>Adem\u00e1s de ser sabrosa, es una fuente nutricional rica en prote\u00ednas, esenciales para tus tejidos. Contiene hierro, f\u00f3sforo y zinc, minerales que contribuyen al buen funcionamiento del organismo. Adem\u00e1s, est\u00e1 llena de vitaminas del grupo B, que son clave para la energ\u00eda y el bienestar general.<\/p>\n<p>Garantizamos que nuestra pechuga de pavo est\u00e9 fresca y en las mejores condiciones. As\u00ed, puedes disfrutar de un producto que no solo es nutritivo, sino tambi\u00e9n sabroso y saludable.<\/p>\n<hr \/>\n<p>&nbsp;<\/p>\n","protected":false},"excerpt":{"rendered":"<p>4 filetes cortados de pechuga de pavo en bandeja. Cada corte son aproximadamente 100 g.<\/p>\n","protected":false},"featured_media":52957,"comment_status":"open","ping_status":"closed","template":"","meta":{"_acf_changed":false},"product_brand":[],"product_cat":[5856,5880],"product_tag":[11249,7704,8429,6044,7495,9023,7535,9035,7556,10044,7565,7567,11114,7703],"class_list":{"0":"post-28070","1":"product","2":"type-product","3":"status-publish","4":"has-post-thumbnail","6":"product_cat-pollos-huevos","7":"product_cat-polleria-es","8":"product_tag-proteinas-escofet-oliver","9":"product_tag-pavo-es","10":"product_tag-dieta-es","11":"product_tag-pollo","12":"product_tag-escofet-oliver-es","13":"product_tag-salut-es","14":"product_tag-carnisseria-online-es","15":"product_tag-polleria-es","16":"product_tag-carn-barcelona-es","17":"product_tag-pollos-es-2","18":"product_tag-pollastre-es","19":"product_tag-pit-gall-dindi-es","20":"product_tag-ano-nuevo-fresco-saludable","21":"product_tag-gall-dindi-es","22":"product_shipping_class-entrega-en-domicilio","23":"pa_preciokg-1400-es","24":"pa_presentacio-safata-2","25":"pa_promotional-no-es-2","27":"first","28":"instock","29":"taxable","30":"shipping-taxable","31":"purchasable","32":"product-type-simple"},"acf":[],"_links":{"self":[{"href":"https:\/\/escofetoliver.com\/es\/wp-json\/wp\/v2\/product\/28070","targetHints":{"allow":["GET"]}}],"collection":[{"href":"https:\/\/escofetoliver.com\/es\/wp-json\/wp\/v2\/product"}],"about":[{"href":"https:\/\/escofetoliver.com\/es\/wp-json\/wp\/v2\/types\/product"}],"replies":[{"embeddable":true,"href":"https:\/\/escofetoliver.com\/es\/wp-json\/wp\/v2\/comments?post=28070"}],"wp:featuredmedia":[{"embeddable":true,"href":"https:\/\/escofetoliver.com\/es\/wp-json\/wp\/v2\/media\/52957"}],"wp:attachment":[{"href":"https:\/\/escofetoliver.com\/es\/wp-json\/wp\/v2\/media?parent=28070"}],"wp:term":[{"taxonomy":"product_brand","embeddable":true,"href":"https:\/\/escofetoliver.com\/es\/wp-json\/wp\/v2\/product_brand?post=28070"},{"taxonomy":"product_cat","embeddable":true,"href":"https:\/\/escofetoliver.com\/es\/wp-json\/wp\/v2\/product_cat?post=28070"},{"taxonomy":"product_tag","embeddable":true,"href":"https:\/\/escofetoliver.com\/es\/wp-json\/wp\/v2\/product_tag?post=28070"}],"curies":[{"name":"wp","href":"https:\/\/api.w.org\/{rel}","templated":true}]}}