{"id":28044,"date":"2009-12-16T02:18:03","date_gmt":"2009-12-16T01:18:03","guid":{"rendered":"http:\/\/carnescofetacasa.com\/Producte\/pierna-cabrito\/"},"modified":"2024-04-08T09:27:14","modified_gmt":"2024-04-08T07:27:14","slug":"pierna-cabrito","status":"publish","type":"product","link":"https:\/\/escofetoliver.com\/es\/tienda\/carniceria\/cabrito\/pierna-cabrito\/","title":{"rendered":"Pierna de Cabrito para horno"},"content":{"rendered":"<p><strong>Muslo de cabrito<\/strong> de la mejor calidad. Una pieza pensada expresamente para preparar la horno.<\/p>\n<p>La carne de\u00a0<strong>Cabrito<\/strong> es una carne fresca f\u00e1cil de digerir, rica en prote\u00ednas, amino\u00e1cidos y vitaminas del grupo B.<\/p>\n","protected":false},"excerpt":{"rendered":"<p>Bandeja con 1 pieza de aproximadamente 500 g de peso.<\/p>\n","protected":false},"featured_media":28040,"comment_status":"open","ping_status":"closed","template":"","meta":{"_acf_changed":false},"product_brand":[],"product_cat":[5922,5854],"product_tag":[7495,7535,7556,7559],"class_list":{"0":"post-28044","1":"product","2":"type-product","3":"status-publish","4":"has-post-thumbnail","6":"product_cat-cabrito","7":"product_cat-carniceria","8":"product_tag-escofet-oliver-es","9":"product_tag-carnisseria-online-es","10":"product_tag-carn-barcelona-es","11":"product_tag-cordero-cabrito","12":"product_shipping_class-entrega-en-domicilio","13":"pa_preciokg-10015","14":"pa_promotional-no-es-2","16":"first","17":"instock","18":"taxable","19":"shipping-taxable","20":"purchasable","21":"product-type-simple"},"acf":[],"_links":{"self":[{"href":"https:\/\/escofetoliver.com\/es\/wp-json\/wp\/v2\/product\/28044","targetHints":{"allow":["GET"]}}],"collection":[{"href":"https:\/\/escofetoliver.com\/es\/wp-json\/wp\/v2\/product"}],"about":[{"href":"https:\/\/escofetoliver.com\/es\/wp-json\/wp\/v2\/types\/product"}],"replies":[{"embeddable":true,"href":"https:\/\/escofetoliver.com\/es\/wp-json\/wp\/v2\/comments?post=28044"}],"wp:featuredmedia":[{"embeddable":true,"href":"https:\/\/escofetoliver.com\/es\/wp-json\/wp\/v2\/media\/28040"}],"wp:attachment":[{"href":"https:\/\/escofetoliver.com\/es\/wp-json\/wp\/v2\/media?parent=28044"}],"wp:term":[{"taxonomy":"product_brand","embeddable":true,"href":"https:\/\/escofetoliver.com\/es\/wp-json\/wp\/v2\/product_brand?post=28044"},{"taxonomy":"product_cat","embeddable":true,"href":"https:\/\/escofetoliver.com\/es\/wp-json\/wp\/v2\/product_cat?post=28044"},{"taxonomy":"product_tag","embeddable":true,"href":"https:\/\/escofetoliver.com\/es\/wp-json\/wp\/v2\/product_tag?post=28044"}],"curies":[{"name":"wp","href":"https:\/\/api.w.org\/{rel}","templated":true}]}}