{"id":28038,"date":"2009-12-16T02:18:00","date_gmt":"2009-12-16T01:18:00","guid":{"rendered":"http:\/\/carnescofetacasa.com\/Producte\/espalda-cabrito\/"},"modified":"2024-08-06T10:14:16","modified_gmt":"2024-08-06T08:14:16","slug":"paletilla-cabrito","status":"publish","type":"product","link":"https:\/\/escofetoliver.com\/es\/tienda\/carniceria\/cabrito\/paletilla-cabrito\/","title":{"rendered":"Paletilla de Cabrito &#8211; 1 pieza &#8211; 450 g"},"content":{"rendered":"<p>Nuestra <strong>Paletilla de cabrito<\/strong> de primera calidad para preparar las mejores recetas al horno.<\/p>\n<p>La carne de\u00a0<strong>Cabrito<\/strong> es una carne fresca f\u00e1cil de digerir, rica en prote\u00ednas, amino\u00e1cidos y vitaminas del grupo B.<\/p>\n","protected":false},"excerpt":{"rendered":"<p>Bandeja con 1 pieza de aproximadamente 450 g de peso.<\/p>\n","protected":false},"featured_media":28034,"comment_status":"open","ping_status":"closed","template":"","meta":{"_acf_changed":false},"product_brand":[],"product_cat":[5854,5922],"product_tag":[7495,7535,7544,7559],"class_list":{"0":"post-28038","1":"product","2":"type-product","3":"status-publish","4":"has-post-thumbnail","6":"product_cat-carniceria","7":"product_cat-cabrito","8":"product_tag-escofet-oliver-es","9":"product_tag-carnisseria-online-es","10":"product_tag-carn-es","11":"product_tag-cordero-cabrito","12":"product_shipping_class-entrega-en-domicilio","13":"pa_promotional-no-es-2","15":"first","16":"instock","17":"taxable","18":"shipping-taxable","19":"purchasable","20":"product-type-simple"},"acf":[],"_links":{"self":[{"href":"https:\/\/escofetoliver.com\/es\/wp-json\/wp\/v2\/product\/28038","targetHints":{"allow":["GET"]}}],"collection":[{"href":"https:\/\/escofetoliver.com\/es\/wp-json\/wp\/v2\/product"}],"about":[{"href":"https:\/\/escofetoliver.com\/es\/wp-json\/wp\/v2\/types\/product"}],"replies":[{"embeddable":true,"href":"https:\/\/escofetoliver.com\/es\/wp-json\/wp\/v2\/comments?post=28038"}],"wp:featuredmedia":[{"embeddable":true,"href":"https:\/\/escofetoliver.com\/es\/wp-json\/wp\/v2\/media\/28034"}],"wp:attachment":[{"href":"https:\/\/escofetoliver.com\/es\/wp-json\/wp\/v2\/media?parent=28038"}],"wp:term":[{"taxonomy":"product_brand","embeddable":true,"href":"https:\/\/escofetoliver.com\/es\/wp-json\/wp\/v2\/product_brand?post=28038"},{"taxonomy":"product_cat","embeddable":true,"href":"https:\/\/escofetoliver.com\/es\/wp-json\/wp\/v2\/product_cat?post=28038"},{"taxonomy":"product_tag","embeddable":true,"href":"https:\/\/escofetoliver.com\/es\/wp-json\/wp\/v2\/product_tag?post=28038"}],"curies":[{"name":"wp","href":"https:\/\/api.w.org\/{rel}","templated":true}]}}