{"id":28032,"date":"2009-12-16T02:17:57","date_gmt":"2009-12-16T01:17:57","guid":{"rendered":"http:\/\/carnescofetacasa.com\/Producte\/carre-cabrit\/"},"modified":"2025-03-13T09:10:39","modified_gmt":"2025-03-13T08:10:39","slug":"costillas-chuletas-de-cabrito","status":"publish","type":"product","link":"https:\/\/escofetoliver.com\/es\/tienda\/carniceria\/cabrito\/costillas-chuletas-de-cabrito\/","title":{"rendered":"Costillas y chuletas de Cabrito &#8211; 14 piezas &#8211; 440 g"},"content":{"rendered":"<p>Descubre nuestras exquisitas costillas y chuletas de cabrito, una elecci\u00f3n de primera calidad ideal para tus mejores recetas. Perfectas para cocinar a la plancha, estas piezas destacan por su sabor y ternura incomparables.<\/p>\n<p>La carne de cabrito es fresca y f\u00e1cil de digerir, adem\u00e1s de ser una excelente fuente de prote\u00ednas, amino\u00e1cidos esenciales y vitaminas del grupo B. \u00a1Una delicia nutritiva que no puedes dejar de probar!<\/p>\n","protected":false},"excerpt":{"rendered":"<p>Bandeja de 440 g de peso con 14 piezas. A\u00f1adimos el cuello del carr\u00e9 para completar el peso.<\/p>\n","protected":false},"featured_media":28028,"comment_status":"open","ping_status":"closed","template":"","meta":{"_acf_changed":false},"product_brand":[],"product_cat":[5854,5922],"product_tag":[7559],"class_list":{"0":"post-28032","1":"product","2":"type-product","3":"status-publish","4":"has-post-thumbnail","6":"product_cat-carniceria","7":"product_cat-cabrito","8":"product_tag-cordero-cabrito","9":"product_shipping_class-entrega-en-domicilio","10":"pa_preciokg-4900-es","11":"pa_promotional-no-es-2","13":"first","14":"instock","15":"taxable","16":"shipping-taxable","17":"purchasable","18":"product-type-simple"},"acf":[],"_links":{"self":[{"href":"https:\/\/escofetoliver.com\/es\/wp-json\/wp\/v2\/product\/28032","targetHints":{"allow":["GET"]}}],"collection":[{"href":"https:\/\/escofetoliver.com\/es\/wp-json\/wp\/v2\/product"}],"about":[{"href":"https:\/\/escofetoliver.com\/es\/wp-json\/wp\/v2\/types\/product"}],"replies":[{"embeddable":true,"href":"https:\/\/escofetoliver.com\/es\/wp-json\/wp\/v2\/comments?post=28032"}],"wp:featuredmedia":[{"embeddable":true,"href":"https:\/\/escofetoliver.com\/es\/wp-json\/wp\/v2\/media\/28028"}],"wp:attachment":[{"href":"https:\/\/escofetoliver.com\/es\/wp-json\/wp\/v2\/media?parent=28032"}],"wp:term":[{"taxonomy":"product_brand","embeddable":true,"href":"https:\/\/escofetoliver.com\/es\/wp-json\/wp\/v2\/product_brand?post=28032"},{"taxonomy":"product_cat","embeddable":true,"href":"https:\/\/escofetoliver.com\/es\/wp-json\/wp\/v2\/product_cat?post=28032"},{"taxonomy":"product_tag","embeddable":true,"href":"https:\/\/escofetoliver.com\/es\/wp-json\/wp\/v2\/product_tag?post=28032"}],"curies":[{"name":"wp","href":"https:\/\/api.w.org\/{rel}","templated":true}]}}