{"id":28008,"date":"2009-12-16T02:17:42","date_gmt":"2009-12-16T02:17:42","guid":{"rendered":"http:\/\/carnescofetacasa.com\/Producte\/18\/"},"modified":"2025-05-02T12:59:05","modified_gmt":"2025-05-02T10:59:05","slug":"carne-picada-de-cerdo-400-g","status":"publish","type":"product","link":"https:\/\/escofetoliver.com\/es\/tienda\/carniceria\/cerdo\/carne-picada-de-cerdo-400-g\/","title":{"rendered":"Preparado de carne de cerdo &#8211; 400 g"},"content":{"rendered":"<p>Preparado de carne de cerdo de la mejor calidad para hacer de la carne picada uno de los mejores ingredientes para tus platos.<\/p>\n<p>La carne de cerdo es rica en prote\u00ednas, hierro y vitamina B12. El cerdo contiene una proporci\u00f3n de \u00e1cidos grasos monoinsaturados i de vitamina B1 superior a otro tipo de carnes. Es una carne muy sabrosa necesaria para cualquier tipo de dieta equilibrada. Adem\u00e1s, tambi\u00e9n es una de las m\u00e1s consumidas por su sabor, textura y propiedades nutricionales<\/p>\n<p>Esta carne picada es excelente como ingrediente principal de hamburguesas y alb\u00f3ndigas, tambi\u00e9n como relleno de empanadas, pastas (raviolis, maultasche o las lasagnas) entre otros.<\/p>\n<p>La presentaci\u00f3n es en una bandeja de 400 g de carne magra de cerdo.<\/p>\n","protected":false},"excerpt":{"rendered":"<p>La presentaci\u00f3n es en una bandeja de 400 g de carne magra de cerdo.<\/p>\n","protected":false},"featured_media":51090,"comment_status":"open","ping_status":"closed","template":"","meta":{"_acf_changed":false},"product_brand":[],"product_cat":[5854,5906],"product_tag":[8951,8952,8955,8956,6014,7519,7530,7535],"class_list":{"0":"post-28008","1":"product","2":"type-product","3":"status-publish","4":"has-post-thumbnail","6":"product_cat-carniceria","7":"product_cat-cerdo","8":"product_tag-botiga-de-carns-es","9":"product_tag-tienda-de-carnes-es","10":"product_tag-comprar-carne-online-es","11":"product_tag-precios-carniceria","12":"product_tag-carn-online","13":"product_tag-carniceria-online-es","14":"product_tag-carne-online-es","15":"product_tag-carnisseria-online-es","16":"product_shipping_class-entrega-en-domicilio","17":"pa_preciokg-1150-es","18":"pa_promotional-no-es-2","20":"first","21":"instock","22":"taxable","23":"shipping-taxable","24":"purchasable","25":"product-type-simple"},"acf":[],"_links":{"self":[{"href":"https:\/\/escofetoliver.com\/es\/wp-json\/wp\/v2\/product\/28008","targetHints":{"allow":["GET"]}}],"collection":[{"href":"https:\/\/escofetoliver.com\/es\/wp-json\/wp\/v2\/product"}],"about":[{"href":"https:\/\/escofetoliver.com\/es\/wp-json\/wp\/v2\/types\/product"}],"replies":[{"embeddable":true,"href":"https:\/\/escofetoliver.com\/es\/wp-json\/wp\/v2\/comments?post=28008"}],"wp:featuredmedia":[{"embeddable":true,"href":"https:\/\/escofetoliver.com\/es\/wp-json\/wp\/v2\/media\/51090"}],"wp:attachment":[{"href":"https:\/\/escofetoliver.com\/es\/wp-json\/wp\/v2\/media?parent=28008"}],"wp:term":[{"taxonomy":"product_brand","embeddable":true,"href":"https:\/\/escofetoliver.com\/es\/wp-json\/wp\/v2\/product_brand?post=28008"},{"taxonomy":"product_cat","embeddable":true,"href":"https:\/\/escofetoliver.com\/es\/wp-json\/wp\/v2\/product_cat?post=28008"},{"taxonomy":"product_tag","embeddable":true,"href":"https:\/\/escofetoliver.com\/es\/wp-json\/wp\/v2\/product_tag?post=28008"}],"curies":[{"name":"wp","href":"https:\/\/api.w.org\/{rel}","templated":true}]}}