{"id":27996,"date":"2009-12-16T02:17:35","date_gmt":"2009-12-16T02:17:35","guid":{"rendered":"http:\/\/carnescofetacasa.com\/Producte\/chuleta-cerdo\/"},"modified":"2023-07-14T11:17:57","modified_gmt":"2023-07-14T09:17:57","slug":"chuleta-cerdo","status":"publish","type":"product","link":"https:\/\/escofetoliver.com\/es\/tienda\/carniceria\/cerdo\/chuleta-cerdo\/","title":{"rendered":"Chuleta de Cerdo &#8211; 2 unidades &#8211; 300 g"},"content":{"rendered":"<p>La chuleta de cerdo es uno de los cortes de carne m\u00e1s apreciados del cerdo. Se trata de una carne sabrosa y tierna.<\/p>\n<p>La carne de cerdo es rica en prote\u00ednas, hierro y vitamina B12. El cerdo contiene una proporci\u00f3n de \u00e1cidos grasos monoinsaturados i de vitamina B1 superior a otro tipo de carnes. Es una carne muy sabrosa necesaria para cualquier tipo de dieta equilibrada. Adem\u00e1s, tambi\u00e9n es una de las m\u00e1s consumidas por su sabor, textura y propiedades nutricionales.<\/p>\n<p>Es un producto perfecto para cocinar a la plancha como a la brasa, acompa\u00f1ado de unas patatas fritas, una ensalada o unas verduras.<\/p>\n","protected":false},"excerpt":{"rendered":"<p>La presentaci\u00f3n es en una bandeja con 4 cortes de aproximadamente 140 g cada uno (560 g).<\/p>\n","protected":false},"featured_media":51096,"comment_status":"open","ping_status":"closed","template":"","meta":{"_acf_changed":false},"product_brand":[],"product_cat":[5854,5906],"product_tag":[7495,7535,7544,7546,11060],"class_list":{"0":"post-27996","1":"product","2":"type-product","3":"status-publish","4":"has-post-thumbnail","6":"product_cat-carniceria","7":"product_cat-cerdo","8":"product_tag-escofet-oliver-es","9":"product_tag-carnisseria-online-es","10":"product_tag-carn-es","11":"product_tag-porc-es","12":"product_tag-seleccion-barbacoa","13":"product_shipping_class-entrega-en-domicilio","14":"pa_preciokg-10026","15":"pa_promotional-no-es-2","17":"first","18":"instock","19":"taxable","20":"shipping-taxable","21":"purchasable","22":"product-type-simple"},"acf":[],"_links":{"self":[{"href":"https:\/\/escofetoliver.com\/es\/wp-json\/wp\/v2\/product\/27996","targetHints":{"allow":["GET"]}}],"collection":[{"href":"https:\/\/escofetoliver.com\/es\/wp-json\/wp\/v2\/product"}],"about":[{"href":"https:\/\/escofetoliver.com\/es\/wp-json\/wp\/v2\/types\/product"}],"replies":[{"embeddable":true,"href":"https:\/\/escofetoliver.com\/es\/wp-json\/wp\/v2\/comments?post=27996"}],"wp:featuredmedia":[{"embeddable":true,"href":"https:\/\/escofetoliver.com\/es\/wp-json\/wp\/v2\/media\/51096"}],"wp:attachment":[{"href":"https:\/\/escofetoliver.com\/es\/wp-json\/wp\/v2\/media?parent=27996"}],"wp:term":[{"taxonomy":"product_brand","embeddable":true,"href":"https:\/\/escofetoliver.com\/es\/wp-json\/wp\/v2\/product_brand?post=27996"},{"taxonomy":"product_cat","embeddable":true,"href":"https:\/\/escofetoliver.com\/es\/wp-json\/wp\/v2\/product_cat?post=27996"},{"taxonomy":"product_tag","embeddable":true,"href":"https:\/\/escofetoliver.com\/es\/wp-json\/wp\/v2\/product_tag?post=27996"}],"curies":[{"name":"wp","href":"https:\/\/api.w.org\/{rel}","templated":true}]}}