{"id":27972,"date":"2009-12-16T02:17:22","date_gmt":"2009-12-16T02:17:22","guid":{"rendered":"http:\/\/carnescofetacasa.com\/Producte\/lomo-cerdo-pieza\/"},"modified":"2025-04-01T10:41:40","modified_gmt":"2025-04-01T08:41:40","slug":"lomo-cerdo-pieza","status":"publish","type":"product","link":"https:\/\/escofetoliver.com\/es\/tienda\/carniceria\/cerdo\/lomo-cerdo-pieza\/","title":{"rendered":"Lomo de Cerdo entero &#8211; 1 kg"},"content":{"rendered":"<p>El lomo de cerdo se extraen de la cinta de lomo de cerdo, una de las partes m\u00e1s tiernas del cerdo . El lomo de cerdo es de gran calidad.<\/p>\n<p>La carne de cerdo es rica en prote\u00ednas, hierro y vitamina B12. El cerdo contiene una proporci\u00f3n de \u00e1cidos grasos monoinsaturados i de vitamina B1 superior a otro tipo de carnes. Es una carne muy sabrosa necesaria para cualquier tipo de dieta equilibrada. Adem\u00e1s, tambi\u00e9n es una de las m\u00e1s consumidas por su sabor, textura y propiedades nutricionales.<\/p>\n<p>Es un producto perfecto para cocinar a la plancha o asado,acompa\u00f1ado de unas patatas fritas, una ensalada o unas verduras.<\/p>\n<p><strong>Sin al\u00e9rgenos.<\/strong><\/p>\n","protected":false},"excerpt":{"rendered":"<p>La presentaci\u00f3n es en una bandeja con 1 pieza, aproximadamente 1 kg.<\/p>\n","protected":false},"featured_media":51046,"comment_status":"open","ping_status":"closed","template":"","meta":{"_acf_changed":false},"product_brand":[],"product_cat":[5854,5906],"product_tag":[7544,7546,7547,7548,7550,11120],"class_list":{"0":"post-27972","1":"product","2":"type-product","3":"status-publish","4":"has-post-thumbnail","6":"product_cat-carniceria","7":"product_cat-cerdo","8":"product_tag-carn-es","9":"product_tag-porc-es","10":"product_tag-online-es","11":"product_tag-compra-es","12":"product_tag-llom-es","13":"product_tag-filetes-cerdo","14":"product_shipping_class-entrega-en-domicilio","15":"pa_preciokg-1250-es","17":"first","18":"instock","19":"taxable","20":"shipping-taxable","21":"purchasable","22":"product-type-simple"},"acf":[],"_links":{"self":[{"href":"https:\/\/escofetoliver.com\/es\/wp-json\/wp\/v2\/product\/27972","targetHints":{"allow":["GET"]}}],"collection":[{"href":"https:\/\/escofetoliver.com\/es\/wp-json\/wp\/v2\/product"}],"about":[{"href":"https:\/\/escofetoliver.com\/es\/wp-json\/wp\/v2\/types\/product"}],"replies":[{"embeddable":true,"href":"https:\/\/escofetoliver.com\/es\/wp-json\/wp\/v2\/comments?post=27972"}],"wp:featuredmedia":[{"embeddable":true,"href":"https:\/\/escofetoliver.com\/es\/wp-json\/wp\/v2\/media\/51046"}],"wp:attachment":[{"href":"https:\/\/escofetoliver.com\/es\/wp-json\/wp\/v2\/media?parent=27972"}],"wp:term":[{"taxonomy":"product_brand","embeddable":true,"href":"https:\/\/escofetoliver.com\/es\/wp-json\/wp\/v2\/product_brand?post=27972"},{"taxonomy":"product_cat","embeddable":true,"href":"https:\/\/escofetoliver.com\/es\/wp-json\/wp\/v2\/product_cat?post=27972"},{"taxonomy":"product_tag","embeddable":true,"href":"https:\/\/escofetoliver.com\/es\/wp-json\/wp\/v2\/product_tag?post=27972"}],"curies":[{"name":"wp","href":"https:\/\/api.w.org\/{rel}","templated":true}]}}