{"id":27966,"date":"2009-12-16T02:17:18","date_gmt":"2009-12-16T02:17:18","guid":{"rendered":"http:\/\/carnescofetacasa.com\/Producte\/solomillo-cerdo\/"},"modified":"2023-07-27T12:04:50","modified_gmt":"2023-07-27T10:04:50","slug":"solomillo-cerdo","status":"publish","type":"product","link":"https:\/\/escofetoliver.com\/es\/tienda\/carniceria\/cerdo\/solomillo-cerdo\/","title":{"rendered":"Solomillo de Cerdo &#8211; 1 unidad &#8211; 450 g"},"content":{"rendered":"<p>El solomillo de cerdo es una carne muy tierna y magra de primera calidad, con poca grasa. Por eso, el solomillo se considera en la cocina una pieza selecta y muy vers\u00e1til.<\/p>\n<p>La carne de cerdo es rica en prote\u00ednas, hierro y vitamina B12. El cerdo contiene una proporci\u00f3n de \u00e1cidos grasos monoinsaturados i de vitamina B1 superior a otro tipo de carnes. Es una carne muy sabrosa necesaria para cualquier tipo de dieta equilibrada. Adem\u00e1s, tambi\u00e9n es una de las m\u00e1s consumidas por su sabor, textura y propiedades nutricionales.<\/p>\n<p>Es un producto perfecto para cocinar tanto a la plancha como rustido, se deshar\u00e1 en la boca.<\/p>\n<p>La presentaci\u00f3n es en una bandeja con 1 unidades, aproximadamente 350g.<\/p>\n","protected":false},"excerpt":{"rendered":"<p>La presentaci\u00f3n es en una bandeja con 1 unidades, aproximadamente 450g.<\/p>\n","protected":false},"featured_media":51050,"comment_status":"open","ping_status":"closed","template":"","meta":{"_acf_changed":false},"product_brand":[],"product_cat":[5854,5906],"product_tag":[11249,7507,7544,7546,7547,7548,11120],"class_list":{"0":"post-27966","1":"product","2":"type-product","3":"status-publish","4":"has-post-thumbnail","6":"product_cat-carniceria","7":"product_cat-cerdo","8":"product_tag-proteinas-escofet-oliver","9":"product_tag-filet-es","10":"product_tag-carn-es","11":"product_tag-porc-es","12":"product_tag-online-es","13":"product_tag-compra-es","14":"product_tag-filetes-cerdo","15":"product_shipping_class-entrega-en-domicilio","16":"pa_preciokg-1600-es","17":"pa_promotional-no-es-2","19":"first","20":"instock","21":"taxable","22":"shipping-taxable","23":"purchasable","24":"product-type-simple"},"acf":[],"_links":{"self":[{"href":"https:\/\/escofetoliver.com\/es\/wp-json\/wp\/v2\/product\/27966","targetHints":{"allow":["GET"]}}],"collection":[{"href":"https:\/\/escofetoliver.com\/es\/wp-json\/wp\/v2\/product"}],"about":[{"href":"https:\/\/escofetoliver.com\/es\/wp-json\/wp\/v2\/types\/product"}],"replies":[{"embeddable":true,"href":"https:\/\/escofetoliver.com\/es\/wp-json\/wp\/v2\/comments?post=27966"}],"wp:featuredmedia":[{"embeddable":true,"href":"https:\/\/escofetoliver.com\/es\/wp-json\/wp\/v2\/media\/51050"}],"wp:attachment":[{"href":"https:\/\/escofetoliver.com\/es\/wp-json\/wp\/v2\/media?parent=27966"}],"wp:term":[{"taxonomy":"product_brand","embeddable":true,"href":"https:\/\/escofetoliver.com\/es\/wp-json\/wp\/v2\/product_brand?post=27966"},{"taxonomy":"product_cat","embeddable":true,"href":"https:\/\/escofetoliver.com\/es\/wp-json\/wp\/v2\/product_cat?post=27966"},{"taxonomy":"product_tag","embeddable":true,"href":"https:\/\/escofetoliver.com\/es\/wp-json\/wp\/v2\/product_tag?post=27966"}],"curies":[{"name":"wp","href":"https:\/\/api.w.org\/{rel}","templated":true}]}}