{"id":27956,"date":"2009-12-16T02:17:15","date_gmt":"2009-12-16T02:17:15","guid":{"rendered":"http:\/\/carnescofetacasa.com\/Producte\/picada-ternera\/"},"modified":"2026-03-03T11:07:14","modified_gmt":"2026-03-03T10:07:14","slug":"picada-ternera","status":"publish","type":"product","link":"https:\/\/escofetoliver.com\/es\/tienda\/carniceria\/ternera\/picada-ternera\/","title":{"rendered":"Preparado de carne de Ternera &#8211; 400 g"},"content":{"rendered":"<p>La <strong>Ternera<\/strong> es un alimento esencial para una dieta sana y equilibrada, destacando por las prote\u00ednas de alta digestibilidad y gran valor biol\u00f3gico, ya que aportan amino\u00e1cidos necesarios por nuestro crecimiento y la reparaci\u00f3n de tejidos del organismo. Tambi\u00e9n es rica en vitaminas (del grupo B) y es una gran fuente de minerales como son el f\u00f3sforo, calcio, magnesio y hierro.<\/p>\n<div class=\"traductor-checkbox form-group\">\n<div class=\"row\">\n<div><\/div>\n<\/div>\n<\/div>\n<div class=\"col-sm-offset-2 col-sm-5\">Prova aquesta recepta amb el nostre preparat de carn de vedella.<\/div>\n<div><\/div>\n<div>\n<p><iframe loading=\"lazy\" title=\"Spaguetti con carne picada\" width=\"540\" height=\"960\" src=\"https:\/\/www.youtube.com\/embed\/e_dwfTtLxh4?feature=oembed\" frameborder=\"0\" allow=\"accelerometer; autoplay; clipboard-write; encrypted-media; gyroscope; picture-in-picture; web-share\" referrerpolicy=\"strict-origin-when-cross-origin\" allowfullscreen><\/iframe><\/p>\n<\/div>\n","protected":false},"excerpt":{"rendered":"<p><span>La presentaci\u00f3n es en bandeja. Con una cantidad de 400 g, aproximadamente, de preparado con base de carne picada de becerra.<\/span><\/p>\n<p><span>De calidad y proximidad, es ideal para hamburguesas, alb\u00f3ndigas, rellenar empanadas o elaborar salsas bolo\u00f1esas. Es un ingrediente vers\u00e1til y sabroso para tus platos.<\/span><\/p>\n","protected":false},"featured_media":52299,"comment_status":"open","ping_status":"closed","template":"","meta":{"_acf_changed":false},"product_brand":[],"product_cat":[5886],"product_tag":[8951,8952,8953,8955,7509,8956,7519,7535,7544,11249],"class_list":{"0":"post-27956","1":"product","2":"type-product","3":"status-publish","4":"has-post-thumbnail","6":"product_cat-ternera","7":"product_tag-botiga-de-carns-es","8":"product_tag-tienda-de-carnes-es","9":"product_tag-comprar-carn-online-es","10":"product_tag-comprar-carne-online-es","11":"product_tag-vedella-es","12":"product_tag-precios-carniceria","13":"product_tag-carniceria-online-es","14":"product_tag-carnisseria-online-es","15":"product_tag-carn-es","16":"product_tag-proteina-escofet-oliver-esp","17":"product_shipping_class-entrega-en-domicilio","18":"pa_preciokg-2090-es","19":"pa_presentacio-a-granel","20":"pa_presentacio-safata-2","21":"pa_promotional-no-es-2","23":"first","24":"instock","25":"featured","26":"taxable","27":"shipping-taxable","28":"purchasable","29":"product-type-simple"},"acf":[],"_links":{"self":[{"href":"https:\/\/escofetoliver.com\/es\/wp-json\/wp\/v2\/product\/27956","targetHints":{"allow":["GET"]}}],"collection":[{"href":"https:\/\/escofetoliver.com\/es\/wp-json\/wp\/v2\/product"}],"about":[{"href":"https:\/\/escofetoliver.com\/es\/wp-json\/wp\/v2\/types\/product"}],"replies":[{"embeddable":true,"href":"https:\/\/escofetoliver.com\/es\/wp-json\/wp\/v2\/comments?post=27956"}],"wp:featuredmedia":[{"embeddable":true,"href":"https:\/\/escofetoliver.com\/es\/wp-json\/wp\/v2\/media\/52299"}],"wp:attachment":[{"href":"https:\/\/escofetoliver.com\/es\/wp-json\/wp\/v2\/media?parent=27956"}],"wp:term":[{"taxonomy":"product_brand","embeddable":true,"href":"https:\/\/escofetoliver.com\/es\/wp-json\/wp\/v2\/product_brand?post=27956"},{"taxonomy":"product_cat","embeddable":true,"href":"https:\/\/escofetoliver.com\/es\/wp-json\/wp\/v2\/product_cat?post=27956"},{"taxonomy":"product_tag","embeddable":true,"href":"https:\/\/escofetoliver.com\/es\/wp-json\/wp\/v2\/product_tag?post=27956"}],"curies":[{"name":"wp","href":"https:\/\/api.w.org\/{rel}","templated":true}]}}