{"id":27944,"date":"2009-12-16T02:17:08","date_gmt":"2009-12-16T02:17:08","guid":{"rendered":"http:\/\/carnescofetacasa.com\/Producte\/fricando\/"},"modified":"2025-10-13T10:50:03","modified_gmt":"2025-10-13T08:50:03","slug":"fricando","status":"publish","type":"product","link":"https:\/\/escofetoliver.com\/es\/tienda\/carniceria\/ternera\/fricando\/","title":{"rendered":"Fricand\u00f3 de Ternera &#8211; 6 cortes &#8211; 360 g"},"content":{"rendered":"<p>Ternera de primera calidad, con la denominaci\u00f3n Marca Escofresc, especialmente preparada para cocinar fricand\u00f3.<\/p>\n","protected":false},"excerpt":{"rendered":"<p>Bandeja con 6 piezas de aproximadamente 60 g cada una.<\/p>\n","protected":false},"featured_media":27936,"comment_status":"open","ping_status":"closed","template":"","meta":{"_acf_changed":false},"product_brand":[],"product_cat":[5886],"product_tag":[11249,7509,7510,7536,7539,7540,7541,7542,7543],"class_list":{"0":"post-27944","1":"product","2":"type-product","3":"status-publish","4":"has-post-thumbnail","6":"product_cat-ternera","7":"product_tag-proteinas-escofet-oliver","8":"product_tag-vedella-es","9":"product_tag-ternera-es","10":"product_tag-carns-escofet-es","11":"product_tag-fricando-vedella-es","12":"product_tag-vedella-proximitat-es","13":"product_tag-vedella-benestar-animal-es","14":"product_tag-ternera-barcelona-es","15":"product_tag-compra-ternera-online-es","16":"product_shipping_class-entrega-en-domicilio","17":"pa_presentacio-safata-2","19":"first","20":"instock","21":"taxable","22":"shipping-taxable","23":"purchasable","24":"product-type-simple"},"acf":[],"_links":{"self":[{"href":"https:\/\/escofetoliver.com\/es\/wp-json\/wp\/v2\/product\/27944","targetHints":{"allow":["GET"]}}],"collection":[{"href":"https:\/\/escofetoliver.com\/es\/wp-json\/wp\/v2\/product"}],"about":[{"href":"https:\/\/escofetoliver.com\/es\/wp-json\/wp\/v2\/types\/product"}],"replies":[{"embeddable":true,"href":"https:\/\/escofetoliver.com\/es\/wp-json\/wp\/v2\/comments?post=27944"}],"wp:featuredmedia":[{"embeddable":true,"href":"https:\/\/escofetoliver.com\/es\/wp-json\/wp\/v2\/media\/27936"}],"wp:attachment":[{"href":"https:\/\/escofetoliver.com\/es\/wp-json\/wp\/v2\/media?parent=27944"}],"wp:term":[{"taxonomy":"product_brand","embeddable":true,"href":"https:\/\/escofetoliver.com\/es\/wp-json\/wp\/v2\/product_brand?post=27944"},{"taxonomy":"product_cat","embeddable":true,"href":"https:\/\/escofetoliver.com\/es\/wp-json\/wp\/v2\/product_cat?post=27944"},{"taxonomy":"product_tag","embeddable":true,"href":"https:\/\/escofetoliver.com\/es\/wp-json\/wp\/v2\/product_tag?post=27944"}],"curies":[{"name":"wp","href":"https:\/\/api.w.org\/{rel}","templated":true}]}}