{"id":27934,"date":"2009-12-16T02:17:04","date_gmt":"2009-12-16T01:17:04","guid":{"rendered":"http:\/\/carnescofetacasa.com\/Producte\/bistec-ternera\/"},"modified":"2026-03-05T10:52:33","modified_gmt":"2026-03-05T09:52:33","slug":"bistec-ternera","status":"publish","type":"product","link":"https:\/\/escofetoliver.com\/es\/tienda\/carniceria\/ternera\/bistec-ternera\/","title":{"rendered":"Bistec de Ternera &#8211; 2 cortes &#8211; 260 g"},"content":{"rendered":"<p>La <a href=\"https:\/\/escofetoliver.com\/es\/categoria-del-producto\/carniceria\/ternera\/\">carne de becerra o ternera<\/a>, es un alimento completo y esencial para desarrollar una dieta que sea sana y equilibrada, destacando sobre todo por su elevado nivel proteico. Las prote\u00ednas de la carne de ternera son de una alta digestibilidad y de gran valor biol\u00f3gico, puesto que aportan amino\u00e1cidos esenciales que son necesarios para las funciones de crecimiento y reparaci\u00f3n de tejidos de nuestro organismo.<\/p>\n<p>Adem\u00e1s, es rica en vitaminas del grupo B y por la aportaci\u00f3n de minerales al organismo como son el fosfato, calcio, magnesio y hierro.<\/p>\n","protected":false},"excerpt":{"rendered":"<p><span>La presentaci\u00f3n es en una bandeja. Con 2 cortes de bistec de becerra (del muslo o la tapa) de aproximadamente 130 g cada cual.<\/span><\/p>\n<p>&nbsp;<\/p>\n<p><span>Uno de los cortes m\u00e1s\u00a0importantes de nuestra carnicer\u00eda, preparados a la manera\u00a0m\u00e1s\u00a0tradicional\u00a0por nuestros\u00a0carniceros. Fresca y natural, de granjas de proximidad y con certificaci\u00f3n de Bienestar Animal\u00a0<\/span><span>Welfair<\/span><span>.<\/span><\/p>\n<p><span>A la plancha siempre quedan tiernas y jugosas.<\/span><\/p>\n<p><span>(Marca <a href=\"https:\/\/escofresc.com\/\">Escofresc<\/a><\/span><span>)<\/span><\/p>\n","protected":false},"featured_media":54684,"comment_status":"open","ping_status":"closed","template":"","meta":{"_acf_changed":false},"product_brand":[],"product_cat":[5854,5886],"product_tag":[8955,7535,11114,7536,7874,11249,6014,7495,7511,7518,7523,8951,7530,8952,7533,8953,7534],"class_list":{"0":"post-27934","1":"product","2":"type-product","3":"status-publish","4":"has-post-thumbnail","6":"product_cat-carniceria","7":"product_cat-ternera","8":"product_tag-comprar-carne-online-es","9":"product_tag-carnisseria-online-es","10":"product_tag-ano-nuevo-fresco-saludable","11":"product_tag-carns-escofet-es","12":"product_tag-vedella-catalana-online-es","13":"product_tag-proteinas-escofet-oliver","14":"product_tag-carn-online","15":"product_tag-escofet-oliver-es","16":"product_tag-compra-vedella-es","17":"product_tag-compra-carn-barcelona-es","18":"product_tag-carn-escofet-es","19":"product_tag-botiga-de-carns-es","20":"product_tag-carne-online-es","21":"product_tag-tienda-de-carnes-es","22":"product_tag-venta-carn-es","23":"product_tag-comprar-carn-online-es","24":"product_tag-venta-carn-barcelona-es","25":"product_shipping_class-entrega-en-domicilio","26":"pa_preciokg-2350-es","27":"pa_presentacio-safata-2","28":"pa_promotional-no-es-2","30":"first","31":"instock","32":"taxable","33":"shipping-taxable","34":"purchasable","35":"product-type-simple"},"acf":[],"_links":{"self":[{"href":"https:\/\/escofetoliver.com\/es\/wp-json\/wp\/v2\/product\/27934","targetHints":{"allow":["GET"]}}],"collection":[{"href":"https:\/\/escofetoliver.com\/es\/wp-json\/wp\/v2\/product"}],"about":[{"href":"https:\/\/escofetoliver.com\/es\/wp-json\/wp\/v2\/types\/product"}],"replies":[{"embeddable":true,"href":"https:\/\/escofetoliver.com\/es\/wp-json\/wp\/v2\/comments?post=27934"}],"wp:featuredmedia":[{"embeddable":true,"href":"https:\/\/escofetoliver.com\/es\/wp-json\/wp\/v2\/media\/54684"}],"wp:attachment":[{"href":"https:\/\/escofetoliver.com\/es\/wp-json\/wp\/v2\/media?parent=27934"}],"wp:term":[{"taxonomy":"product_brand","embeddable":true,"href":"https:\/\/escofetoliver.com\/es\/wp-json\/wp\/v2\/product_brand?post=27934"},{"taxonomy":"product_cat","embeddable":true,"href":"https:\/\/escofetoliver.com\/es\/wp-json\/wp\/v2\/product_cat?post=27934"},{"taxonomy":"product_tag","embeddable":true,"href":"https:\/\/escofetoliver.com\/es\/wp-json\/wp\/v2\/product_tag?post=27934"}],"curies":[{"name":"wp","href":"https:\/\/api.w.org\/{rel}","templated":true}]}}