{"id":27928,"date":"2009-12-16T02:17:01","date_gmt":"2009-12-16T02:17:01","guid":{"rendered":"http:\/\/carnescofetacasa.com\/Producte\/carpaccio\/"},"modified":"2025-04-24T10:40:17","modified_gmt":"2025-04-24T08:40:17","slug":"carpaccio","status":"publish","type":"product","link":"https:\/\/escofetoliver.com\/es\/tienda\/carniceria\/ternera\/carpaccio\/","title":{"rendered":"Carpaccio de Ternera &#8211; cortado &#8211; 110 g"},"content":{"rendered":"<p><span data-contrast=\"none\">El <\/span><b><span data-contrast=\"none\">Carpaccio de Ternera<\/span><\/b><span data-contrast=\"none\"> (marca Escofresc) esta presentado en finissimos cortes de carne tierna, los cuales tienen un punto equilibrado de maceraci\u00f3n.<\/span><span data-ccp-props=\"{&quot;201341983&quot;:0,&quot;335559739&quot;:160,&quot;335559740&quot;:259}\">\u00a0<\/span><\/p>\n<p><span data-contrast=\"auto\">La <\/span><b><span data-contrast=\"auto\">Ternera<\/span><\/b><span data-contrast=\"auto\"> es un alimento esencial para una dieta sana y equilibrada, destacando por las prote\u00ednas de alta digestibilidad y gran valor biol\u00f3gico, ya que aportan amino\u00e1cidos necesarios por nuestro crecimiento y la reparaci\u00f3n de tejidos del organismo. Tambi\u00e9n es rica en vitaminas (del grupo B) y es una gran fuente de minerales como son el f\u00f3sforo, calcio, magnesio y hierro.<\/span><span data-ccp-props=\"{&quot;201341983&quot;:0,&quot;335559739&quot;:160,&quot;335559740&quot;:259}\">\u00a0<\/span><\/p>\n<p><span data-contrast=\"auto\">Escofet Oliver madura la carne de ternera un m\u00ednimo de 7 d\u00edas en refrigeraci\u00f3n para obtener una carne muy sabrosa y melosa.<\/span><span data-ccp-props=\"{&quot;201341983&quot;:0,&quot;335559739&quot;:160,&quot;335559740&quot;:259}\">\u00a0<\/span><\/p>\n<p><span data-contrast=\"none\">Sin AL\u00c9RGENOS.<\/span><span data-ccp-props=\"{&quot;201341983&quot;:0,&quot;335559739&quot;:160,&quot;335559740&quot;:259}\">\u00a0<\/span><\/p>\n","protected":false},"excerpt":{"rendered":"<p>La carne se vende <strong>congelada<\/strong> y en cortes para su preparaci\u00f3n en casa.<\/p>\n","protected":false},"featured_media":27924,"comment_status":"open","ping_status":"closed","template":"","meta":{"_acf_changed":false},"product_brand":[],"product_cat":[5886],"product_tag":[7495,7496,7509,7510,8098],"class_list":{"0":"post-27928","1":"product","2":"type-product","3":"status-publish","4":"has-post-thumbnail","6":"product_cat-ternera","7":"product_tag-escofet-oliver-es","8":"product_tag-carns-escofet-oliver-es","9":"product_tag-vedella-es","10":"product_tag-ternera-es","11":"product_tag-vaca-es","12":"product_shipping_class-entrega-en-domicilio","13":"pa_preciokg-10015","14":"pa_presentacio-1bolsaalvacio-es","16":"first","17":"instock","18":"taxable","19":"shipping-taxable","20":"purchasable","21":"product-type-simple"},"acf":[],"_links":{"self":[{"href":"https:\/\/escofetoliver.com\/es\/wp-json\/wp\/v2\/product\/27928","targetHints":{"allow":["GET"]}}],"collection":[{"href":"https:\/\/escofetoliver.com\/es\/wp-json\/wp\/v2\/product"}],"about":[{"href":"https:\/\/escofetoliver.com\/es\/wp-json\/wp\/v2\/types\/product"}],"replies":[{"embeddable":true,"href":"https:\/\/escofetoliver.com\/es\/wp-json\/wp\/v2\/comments?post=27928"}],"wp:featuredmedia":[{"embeddable":true,"href":"https:\/\/escofetoliver.com\/es\/wp-json\/wp\/v2\/media\/27924"}],"wp:attachment":[{"href":"https:\/\/escofetoliver.com\/es\/wp-json\/wp\/v2\/media?parent=27928"}],"wp:term":[{"taxonomy":"product_brand","embeddable":true,"href":"https:\/\/escofetoliver.com\/es\/wp-json\/wp\/v2\/product_brand?post=27928"},{"taxonomy":"product_cat","embeddable":true,"href":"https:\/\/escofetoliver.com\/es\/wp-json\/wp\/v2\/product_cat?post=27928"},{"taxonomy":"product_tag","embeddable":true,"href":"https:\/\/escofetoliver.com\/es\/wp-json\/wp\/v2\/product_tag?post=27928"}],"curies":[{"name":"wp","href":"https:\/\/api.w.org\/{rel}","templated":true}]}}