{"id":27922,"date":"2009-12-16T02:16:57","date_gmt":"2009-12-16T02:16:57","guid":{"rendered":"http:\/\/carnescofetacasa.com\/Producte\/rodo-vedella\/"},"modified":"2023-07-13T11:40:10","modified_gmt":"2023-07-13T09:40:10","slug":"redondo-de-ternera","status":"publish","type":"product","link":"https:\/\/escofetoliver.com\/es\/tienda\/carniceria\/ternera\/redondo-de-ternera\/","title":{"rendered":"Redondo de Ternera &#8211; 6 cortes &#8211; 300 g"},"content":{"rendered":"<p><span>Nuestro Redondo de Ternera tiene la denominaci\u00f3n de m\u00e1xima calidad (Marca\u00a0<\/span><span class=\"hiddenSpellError\" onkeypress=\"MORFOLOGIK_RULE_ES---#---undefined---#---Se ha encontrado un posible error ortogr\u00e1fico.---#---Escores#Encofres#Enc\u00f3frese#Esc\u00f3rese---#---Escofresc\">Escofresc<\/span><span>). Es<\/span><span>\u00a0perfecto para cocinar a la plancha o a la brasa. Tambi\u00e9n es ideal para preparar fricand\u00f3.<\/span><\/p>\n<p><span>La Ternera es una de las carnes rojas m\u00e1s consumidas por su gusto, textura y propiedades nutricionales, y estos bistecs provienen de la parte m\u00e1s magra y tierno.<\/span><\/p>\n<p><span>Es una fuente de hierro, vitaminas B12 y B2, potasio, calcio y magnesio. Tiene un alto contenido en prote\u00ednas y amino\u00e1cidos esenciales por nuestro cuerpo.<\/span><\/p>\n<p><span>SIN AL\u00c9RGENOS<\/span><\/p>\n","protected":false},"excerpt":{"rendered":"<p>Bandeja con 6 piezas de aproximadamente 50 g cada una.<\/p>\n","protected":false},"featured_media":27918,"comment_status":"open","ping_status":"closed","template":"","meta":{"_acf_changed":false},"product_brand":[],"product_cat":[5854,5886],"product_tag":[11249],"class_list":{"0":"post-27922","1":"product","2":"type-product","3":"status-publish","4":"has-post-thumbnail","6":"product_cat-carniceria","7":"product_cat-ternera","8":"product_tag-proteina-escofet-oliver-esp","9":"product_shipping_class-entrega-en-domicilio","10":"pa_preciokg-2300-es","11":"pa_presentacio-safata-2","12":"pa_promotional-no-es-2","14":"first","15":"instock","16":"taxable","17":"shipping-taxable","18":"purchasable","19":"product-type-simple"},"acf":[],"_links":{"self":[{"href":"https:\/\/escofetoliver.com\/es\/wp-json\/wp\/v2\/product\/27922","targetHints":{"allow":["GET"]}}],"collection":[{"href":"https:\/\/escofetoliver.com\/es\/wp-json\/wp\/v2\/product"}],"about":[{"href":"https:\/\/escofetoliver.com\/es\/wp-json\/wp\/v2\/types\/product"}],"replies":[{"embeddable":true,"href":"https:\/\/escofetoliver.com\/es\/wp-json\/wp\/v2\/comments?post=27922"}],"wp:featuredmedia":[{"embeddable":true,"href":"https:\/\/escofetoliver.com\/es\/wp-json\/wp\/v2\/media\/27918"}],"wp:attachment":[{"href":"https:\/\/escofetoliver.com\/es\/wp-json\/wp\/v2\/media?parent=27922"}],"wp:term":[{"taxonomy":"product_brand","embeddable":true,"href":"https:\/\/escofetoliver.com\/es\/wp-json\/wp\/v2\/product_brand?post=27922"},{"taxonomy":"product_cat","embeddable":true,"href":"https:\/\/escofetoliver.com\/es\/wp-json\/wp\/v2\/product_cat?post=27922"},{"taxonomy":"product_tag","embeddable":true,"href":"https:\/\/escofetoliver.com\/es\/wp-json\/wp\/v2\/product_tag?post=27922"}],"curies":[{"name":"wp","href":"https:\/\/api.w.org\/{rel}","templated":true}]}}