{"id":49960,"date":"2023-11-07T11:39:15","date_gmt":"2023-11-07T10:39:15","guid":{"rendered":"https:\/\/escofetoliver.com\/?page_id=49960"},"modified":"2023-11-07T11:45:40","modified_gmt":"2023-11-07T10:45:40","slug":"trabajar-escofet","status":"publish","type":"page","link":"https:\/\/escofetoliver.com\/es\/trabajar-escofet\/","title":{"rendered":"\u00bfQuieres trabajar en Escofet Oliver?"},"content":{"rendered":"\n<p><\/p>\n\n\n\n<p><strong>Escofet Oliver<\/strong> es una empresa familiar con m\u00e1s de sesenta a\u00f1os de experiencia, y con 11 tiendas en la ciudad de Barcelona. El secreto de nuestro \u00e9xito es la dedicaci\u00f3n y la experiencia del equipo de trabajadores de nuestras tiendas, que ayudan a los clientes a encontrar todo aquello que necesitan.<\/p>\n\n\n\n<p><\/p>\n\n\n\n<div class=\"wpcf7 no-js\" id=\"wpcf7-f49862-o1\" lang=\"ca-ES\" dir=\"ltr\" data-wpcf7-id=\"49862\">\n<div class=\"screen-reader-response\"><p role=\"status\" aria-live=\"polite\" aria-atomic=\"true\"><\/p> <ul><\/ul><\/div>\n<form action=\"\/es\/wp-json\/wp\/v2\/pages\/49960#wpcf7-f49862-o1\" method=\"post\" class=\"wpcf7-form init\" aria-label=\"Contact form\" enctype=\"multipart\/form-data\" novalidate=\"novalidate\" data-status=\"init\">\n<fieldset class=\"hidden-fields-container\"><input type=\"hidden\" name=\"_wpcf7\" value=\"49862\" \/><input type=\"hidden\" name=\"_wpcf7_version\" value=\"6.1.5\" \/><input type=\"hidden\" name=\"_wpcf7_locale\" value=\"ca_ES\" \/><input type=\"hidden\" name=\"_wpcf7_unit_tag\" value=\"wpcf7-f49862-o1\" \/><input type=\"hidden\" name=\"_wpcf7_container_post\" value=\"0\" \/><input type=\"hidden\" name=\"_wpcf7_posted_data_hash\" value=\"\" \/><input type=\"hidden\" name=\"_wpcf7_recaptcha_response\" value=\"\" \/>\n<\/fieldset>\n<p><label>Nombre y apellidos*<br \/>\n<span class=\"wpcf7-form-control-wrap\" data-name=\"Nom-Cognoms\"><input size=\"40\" maxlength=\"400\" class=\"wpcf7-form-control wpcf7-text wpcf7-validates-as-required\" aria-required=\"true\" aria-invalid=\"false\" value=\"\" type=\"text\" name=\"Nom-Cognoms\" \/><\/span> <\/label>\n<\/p>\n<p><label>Tu correo*<br \/>\n<span class=\"wpcf7-form-control-wrap\" data-name=\"your-email\"><input size=\"40\" maxlength=\"400\" class=\"wpcf7-form-control wpcf7-email wpcf7-validates-as-required wpcf7-text wpcf7-validates-as-email\" aria-required=\"true\" aria-invalid=\"false\" value=\"\" type=\"email\" name=\"your-email\" \/><\/span> <\/label>\n<\/p>\n<p><label>Tu tel\u00e9fono*<br \/>\n<span class=\"wpcf7-form-control-wrap\" data-name=\"el-teu-telefon\"><input size=\"40\" maxlength=\"400\" class=\"wpcf7-form-control wpcf7-tel wpcf7-validates-as-required wpcf7-text wpcf7-validates-as-tel\" aria-required=\"true\" aria-invalid=\"false\" value=\"\" type=\"tel\" name=\"el-teu-telefon\" \/><\/span> <\/label>\n<\/p>\n<p><label>Adjunta tu CV*<br \/>\n<span class=\"wpcf7-form-control-wrap\" data-name=\"cv\"><input size=\"40\" class=\"wpcf7-form-control wpcf7-file wpcf7-validates-as-required\" accept=\".pdf\" aria-required=\"true\" aria-invalid=\"false\" type=\"file\" name=\"cv\" \/><\/span> <\/label>\n<\/p>\n<p><label>Carta de presentaci\u00f3n<br \/>\n<span class=\"wpcf7-form-control-wrap\" data-name=\"Carta-presentacio\"><textarea cols=\"40\" rows=\"10\" maxlength=\"2000\" class=\"wpcf7-form-control wpcf7-textarea\" aria-invalid=\"false\" name=\"Carta-presentacio\"><\/textarea><\/span> <\/label>\n<\/p>\n<p><label><span class=\"wpcf7-form-control-wrap\" data-name=\"rgdp\"><span class=\"wpcf7-form-control wpcf7-acceptance\"><span class=\"wpcf7-list-item\"><label><input type=\"checkbox\" name=\"rgdp\" value=\"1\" aria-invalid=\"false\" \/><span class=\"wpcf7-list-item-label\">Acepto la <a target=\"_black rel=\"notfollow\" href=\"https:\/\/escofetoliver.com\/es\/politica-de-privacidad\/\">pol\u00edtica de privacidad<\/a><\/span><\/label><\/span><\/span><\/span> <\/label>\n<\/p>\n<p>* Campos obligatorios\n<\/p>\n<p><input class=\"wpcf7-form-control wpcf7-submit has-spinner\" type=\"submit\" value=\"ENV\u00cdA\" \/>\n<\/p><div class=\"wpcf7-response-output\" aria-hidden=\"true\"><\/div>\n<\/form>\n<\/div>\n\n\n\n\n<p><\/p>\n","protected":false},"excerpt":{"rendered":"<p>Escofet Oliver es una empresa familiar con m\u00e1s de sesenta a\u00f1os de experiencia, y con 11 tiendas en la ciudad de Barcelona. El secreto de nuestro \u00e9xito es la dedicaci\u00f3n y la experiencia del equipo de trabajadores de nuestras tiendas, que ayudan a los clientes a encontrar todo aquello que necesitan.<\/p>\n","protected":false},"author":1,"featured_media":49853,"parent":0,"menu_order":6,"comment_status":"closed","ping_status":"closed","template":"page-legal.php","meta":{"_acf_changed":false,"footnotes":""},"coauthors":[149],"class_list":["post-49960","page","type-page","status-publish","has-post-thumbnail","hentry"],"acf":[],"_links":{"self":[{"href":"https:\/\/escofetoliver.com\/es\/wp-json\/wp\/v2\/pages\/49960","targetHints":{"allow":["GET"]}}],"collection":[{"href":"https:\/\/escofetoliver.com\/es\/wp-json\/wp\/v2\/pages"}],"about":[{"href":"https:\/\/escofetoliver.com\/es\/wp-json\/wp\/v2\/types\/page"}],"author":[{"embeddable":true,"href":"https:\/\/escofetoliver.com\/es\/wp-json\/wp\/v2\/users\/1"}],"replies":[{"embeddable":true,"href":"https:\/\/escofetoliver.com\/es\/wp-json\/wp\/v2\/comments?post=49960"}],"version-history":[{"count":3,"href":"https:\/\/escofetoliver.com\/es\/wp-json\/wp\/v2\/pages\/49960\/revisions"}],"predecessor-version":[{"id":49966,"href":"https:\/\/escofetoliver.com\/es\/wp-json\/wp\/v2\/pages\/49960\/revisions\/49966"}],"wp:featuredmedia":[{"embeddable":true,"href":"https:\/\/escofetoliver.com\/es\/wp-json\/wp\/v2\/media\/49853"}],"wp:attachment":[{"href":"https:\/\/escofetoliver.com\/es\/wp-json\/wp\/v2\/media?parent=49960"}],"wp:term":[{"taxonomy":"author","embeddable":true,"href":"https:\/\/escofetoliver.com\/es\/wp-json\/wp\/v2\/coauthors?post=49960"}],"curies":[{"name":"wp","href":"https:\/\/api.w.org\/{rel}","templated":true}]}}