{"id":38310,"date":"2021-05-29T11:06:00","date_gmt":"2021-05-29T11:06:00","guid":{"rendered":"http:\/\/carnescofetacasa.com\/condicions-generals\/"},"modified":"2024-02-23T12:37:41","modified_gmt":"2024-02-23T11:37:41","slug":"condicions-generals","status":"publish","type":"page","link":"https:\/\/escofetoliver.com\/es\/condicions-generals\/","title":{"rendered":"Condiciones generales"},"content":{"rendered":"\n<h2 class=\"wp-block-heading\">INFORMACI\u00d3N Y CONDICIONES GENERALES DE COMPRA<\/h2>\n\n\n\n<p>El presente acuerdo regula las condiciones generales de compra de los productos ofertados en esta p\u00e1gina web por parte de ESCO CARNS 2000, S. L. U. con domicilio en la Calle de Casanova, n\u00fam. 144 Bajos 2 \u2013 08036 BARCELONA, provista de C. I. F. n\u00ba B62151956, e inscrita en el Registro Mercantil de Barcelona con los siguientes datos: Tomo n\u00fam. 32325, Folio n\u00fam. 191, Hoja B 206891<\/p>\n\n\n\n<p>El cliente, en el momento que completa el proceso de registro, y compra alguno de nuestros productos, acepta y se somete expresamente a las cl\u00e1usulas especificadas a continuaci\u00f3n, as\u00ed como a las condiciones de acceso a nuestro portal y su pol\u00edtica de privacidad, accesibles a trav\u00e9s del enlace \u00abAvisos Legales\u00bb.<\/p>\n\n\n\n<p>El cliente reconoce disponer de capacidad legal suficiente para obligarse contractualmente.<\/p>\n\n\n\n<h3 class=\"wp-block-heading\"><strong>1. Procedimientos de compra<\/strong><\/h3>\n\n\n\n<p>Escoger productos y a\u00f1adirlos a la Cesta de la Compra (los productos alcoh\u00f3licos de la secci\u00f3n de vinos y cavas s\u00f3lo podr\u00e1n ser comprados por personas que hayan llegado a la mayor\u00eda de edad legal).<\/p>\n\n\n\n<ul class=\"wp-block-list\">\n<li>A\u00f1adirlos a la Cesta de la Compra.<\/li>\n\n\n\n<li>Efectuar la orden de compra.<\/li>\n\n\n\n<li>Registrarse como usuario.<\/li>\n\n\n\n<li>Rellenar el formulario.<\/li>\n\n\n\n<li>Escoger modalidad de pago.<\/li>\n\n\n\n<li>Efectuar el pago por tarjeta de cr\u00e9dito u orden de env\u00edo contra reembolso.<\/li>\n<\/ul>\n\n\n\n<h3 class=\"wp-block-heading\"><strong>2. Pre<\/strong>cios<\/h3>\n\n\n\n<p>En contraprestaci\u00f3n por los productos adquiridos, el cliente acepta pagar expresamente a&nbsp;ESCO CARNS 2000, S.L.U.&nbsp;, las cantidades especificadas en el momento de la compra en la relaci\u00f3n de precios establecida en la p\u00e1gina web escofetoliver.com para el correspondiente producto escogido.<\/p>\n\n\n\n<p>Todos los precios publicados incluyen el Impuesto sobre el Valor A\u00f1adido (IVA) correspondiente.<\/p>\n\n\n\n<p>ESCO CARNS 2000, S.L.U.&nbsp;puede modificar los precios de sus productos, as\u00ed como decidir qu\u00e9 productos comercializa en su p\u00e1gina web.<\/p>\n\n\n\n<p>Los gastos de env\u00edo NO est\u00e1n incluidos en los precios de los productos, a los que se les a\u00f1adir\u00e1 un importe fijo por cada pedido, indicado cuando se efect\u00faa la orden de compra, por los gastos de gesti\u00f3n, embalaje y env\u00edo. S\u00f3lo ser\u00e1n gratuitos aquellos env\u00edos que superen los importes de compra indicados en la p\u00e1gina web.<\/p>\n\n\n\n<h3 class=\"wp-block-heading\"><strong>3. Pag<\/strong>o<\/h3>\n\n\n\n<p>Se aceptan las siguientes formas de pago:<\/p>\n\n\n\n<p>Online, mediante Tarjeta de Cr\u00e9dito, transferencia bancaria, PayPal, y&nbsp;Bizum. Este sistema es totalmente seguro y el m\u00e1s r\u00e1pido. La transacci\u00f3n se realiza conectando directamente con la entidad bancaria y nuestra empresa no tiene conocimiento de los datos referentes a la tarjeta de cr\u00e9dito del cliente. Utilizando este sistema preparamos directamente el pedido y el cliente la recibe en su domicilio sin m\u00e1s tr\u00e1mites.<\/p>\n\n\n\n<p>Todos los procedimientos de pago se realizan por medio de servicios seguros, garantizando a ESCO&nbsp;CARNS&nbsp;2000, S.L.U.&nbsp;la confidencialidad de las comunicaciones que mantenga con el cliente.<\/p>\n\n\n\n<p>Las tarjetas de cr\u00e9dito aceptadas son Visa,&nbsp;Visa&nbsp;Electron&nbsp;y&nbsp;MasterCard.<\/p>\n\n\n\n<p>En el caso de hacer el pago mediante&nbsp;Bizum&nbsp;el pedido se servir\u00e1, como muy pronto, 24 h m\u00e1s tarde a la espera de confirmaci\u00f3n bancaria.<\/p>\n\n\n\n<h3 class=\"wp-block-heading\"><strong>4. Productos y disponibilidad<\/strong><\/h3>\n\n\n\n<p>ESCO CARNS 2000, S. L. U. no puede garantizar en todo momento la disponibilidad de los productos ofertados en su p\u00e1gina web. En el caso de que el producto comprado se encuentre agotado, el usuario tendr\u00e1 la opci\u00f3n de escoger otro, o solicitar la devoluci\u00f3n del importe abonado.<\/p>\n\n\n\n<p>Todas las im\u00e1genes de nuestros productos publicadas en nuestra p\u00e1gina web tienen car\u00e1cter exclusivamente orientativo, a efectos de facilitar al usuario su identificaci\u00f3n y descripci\u00f3n. En consecuencia, el producto final adquirido por el cliente puede diferir de la imagen ofrecida en la p\u00e1gina web. Asimismo, el peso ofertado del producto es aproximado, pudiendo diferir ligeramente, tanto a la baja como al alza.<\/p>\n\n\n\n<p>Las bebidas alcoh\u00f3licas unicamente pueden ser compradas por mayores de edad.<\/p>\n\n\n\n<h3 class=\"wp-block-heading\"><strong>5. Envi<\/strong>os<\/h3>\n\n\n\n<p>El cliente debe facilitar la entrega del producto comprado, y debe poner en conocimiento de ESCO&nbsp;CARNS&nbsp;2000, S. L. U. las franjas horarias preferibles para la entrega de la compra, dentro del horario laboral. ESCO CARNS 2000, S. L. U. queda exonerada por cualquier retraso extraordinario debido a problemas para la recepci\u00f3n del producto por parte del cliente.<\/p>\n\n\n\n<p>Si por cualquier motivo necesita modificar la direcci\u00f3n o el horario de entrega, puede comunicarlo a nuestro departamento de Atenci\u00f3n al Cliente.<\/p>\n\n\n\n<p>Se a\u00f1adir\u00e1 un importe fijo por cada pedido, correspondiente a los gastos de gesti\u00f3n, embalaje y env\u00edo, excepto para las compras superiores a los importes estipulados en la p\u00e1gina web.<\/p>\n\n\n\n<p>En caso de que el env\u00edo se reciba con golpes o en mal estado, se deber\u00e1 indicar en el Albar\u00e1n de entrega del transportista. No se podr\u00e1n aceptar reclamaciones por problemas de env\u00edo si no se indica ninguna incidencia en el Albar\u00e1n de entrega.<\/p>\n\n\n\n<h3 class=\"wp-block-heading\"><strong>6. Impuestos<\/strong><\/h3>\n\n\n\n<p>Todos nuestros precios incluyen el IVA correspondiente.<\/p>\n\n\n\n<h3 class=\"wp-block-heading\"><strong>7. Facturas<\/strong><\/h3>\n\n\n\n<p>Cuando se realiza una compra a trav\u00e9s de nuestra web, el usuario recibe autom\u00e1ticamente una Factura en su direcci\u00f3n de correo electr\u00f3nico, o en mano en&nbsp;los pagos contra reembolso.<\/p>\n\n\n\n<p>El cliente es responsable de la confirmaci\u00f3n de la recepci\u00f3n de las notificaciones y de ponernos en conocimiento de cualquier modificaci\u00f3n sobre sus datos, quedando ESCO&nbsp;CARNS&nbsp;2000, S. L. U. exonerada de cualquier responsabilidad derivada por esta circunstancia.<\/p>\n\n\n\n<h3 class=\"wp-block-heading\"><strong>8. Devoluciones<\/strong><\/h3>\n\n\n\n<p>Tienes derecho a desistir de este contrato en un plazo de 14 d\u00edas naturales sin justificaci\u00f3n. El plazo de desistimiento expirar\u00e1 en el plazo de 14 d\u00edas naturales que usted o un tercero indicado por usted, distinto del transportista, haya adquirido la posesi\u00f3n de la orden de compra.<\/p>\n\n\n\n<p>Para ejercer el derecho de desistimiento, deber\u00e1 notificarnos su decisi\u00f3n de desistir del pedido de compra mediante declaraci\u00f3n inequ\u00edvoca (por ejemplo, carta enviada por correo postal, o correo electr\u00f3nico): ESCO\u00a0CARNS\u00a02000, S. L. U. Calle de Casanova,\u00a0n\u00ba\u00a0144\u00a0bajos 2 \u2013 08036 Barcelona,\u00a0tel. 93 477 43 17, o por correo a <a href=\"mailto:info@escofetoliver.com\">info@escofetoliver.com<\/a>.<\/p>\n\n\n\n<h4 class=\"wp-block-heading\">Consecuencias del desistimiento<\/h4>\n\n\n\n<p>En caso de desistimiento por parte de USTED, le reembolsaremos todos los pagos recibidos de USTED, incluidos los gastos de env\u00edo (a excepci\u00f3n de los gastos adicionales resultantes de tu elecci\u00f3n del m\u00e9todo de entrega diferente de la forma de entrega ordinaria menos costosa que ofrecemos) sin demora indebida y, en todo caso, no m\u00e1s tarde de 14 d\u00edas naturales desde la fecha en que se nos informe de la decisi\u00f3n de USTED de desistir DE este pedido de compra.<\/p>\n\n\n\n<p>Procederemos a realizar este reembolso utilizando el mismo medio de pago utilizado por USTED para la transacci\u00f3n inicial, salvo que USTED haya proporcionado expresamente lo contrario; en cualquier caso, no incurrir\u00e1 en ning\u00fan gasto como consecuencia de la devoluci\u00f3n.<\/p>\n\n\n\n<p>Recogeremos la mercanc\u00eda y nos encargaremos de los gastos de devoluci\u00f3n de la mercanc\u00eda. S\u00f3lo ser\u00e1 responsable de la disminuci\u00f3n del valor de los bienes resultantes de una manipulaci\u00f3n distinta de la necesaria para establecer la naturaleza, las caracter\u00edsticas y el funcionamiento de la mercanc\u00eda. El derecho de desistimiento no se aplicar\u00e1 a los contratos relativos a:<\/p>\n\n\n\n<ul class=\"wp-block-list\">\n<li>El suministro de bienes realizado seg\u00fan las especificaciones del consumidor y usuario o claramente personalizado.<\/li>\n\n\n\n<li>El suministro de bienes que puedan deteriorarse o caducar r\u00e1pidamente.<\/li>\n\n\n\n<li>El suministro de bienes sellados que no sean aptos para su devoluci\u00f3n por motivos de protecci\u00f3n o higiene sanitaria y que hayan sido desprecintados despu\u00e9s de la entrega.<\/li>\n\n\n\n<li>El suministro de mercanc\u00edas que tras su entrega y teniendo en cuenta su naturaleza se han mezclado indisociablemente con otros bienes.<\/li>\n<\/ul>\n\n\n\n<p>Puede informarnos del su derecho a desistir del presente contrato a trav\u00e9s del correo electr\u00f3nico <a href=\"mailto:info@escofetoliver.com\">info@escofetoliver.com<\/a><\/p>\n\n\n\n<p>Tiene a su disposici\u00f3n en formato de PDF el <a href=\"https:\/\/escofetoliver.com\/wp-content\/uploads\/2022\/11\/Formulario-de-desestimiento-CAST-1.pdf\">formulario de desistimiento<\/a> para que pueda lo pueda rellenar y nos lo haga llegar a la misma direcci\u00f3n de correo electr\u00f3nico.<\/p>\n\n\n\n<h3 class=\"wp-block-heading\"><strong>9. Compromiso, aceptaci\u00f3n y validez del contacte<\/strong><\/h3>\n\n\n\n<p>Tal y como se indica en la pol\u00edtica de privacidad de nuestra p\u00e1gina web, el cliente es el responsable de facilitar sus datos de forma exacta y verdadera, as\u00ed como de la actualizaci\u00f3n de las mismas.<\/p>\n\n\n\n<p>El cliente reconoce haber le\u00eddo y aceptado las condiciones legales de uso y la pol\u00edtica de privacidad de la p\u00e1gina web.<\/p>\n\n\n\n<p>El cliente reconoce que ha entendido toda la informaci\u00f3n respecto a los productos ofrecidos en nuestra p\u00e1gina web, as\u00ed como todas las condiciones y estipulaciones recogidas en el presente contrato electr\u00f3nico, y afirma que son suficientes para la exclusi\u00f3n del error en el consentimiento del presente contrato y, por tanto, las acepta \u00edntegramente y expresamente.<\/p>\n\n\n\n<p>El cliente es plenamente consciente de que la aceptaci\u00f3n y ejecuci\u00f3n del presente contrato tendr\u00e1 lugar por medio del suministro de sus datos y la pulsaci\u00f3n del bot\u00f3n \u00abclick\u00bb correspondiente indicado en nuestra p\u00e1gina web y que se perfeccionar\u00e1 con el pago del producto.<\/p>\n\n\n\n<p>Todas las notificaciones entre las partes se realizar\u00e1n a trav\u00e9s de correo electr\u00f3nico. El cliente es responsable de la confirmaci\u00f3n de la recepci\u00f3n de las notificaciones y de poner en conocimiento de ESCO&nbsp;CARNS&nbsp;2000, S. L. U. de cualquier modificaci\u00f3n sobre sus datos, quedando&nbsp;est\u00e1&nbsp;exonerada de cualquier responsabilidad derivada por esta circunstancia. En caso de modificaci\u00f3n, el cliente deber\u00e1 ponerlo en conocimiento de ESCO CARNES 2000, S. L. U. al e-mail o tel\u00e9fonos indicados en este contrato.<\/p>\n\n\n\n<h3 class=\"wp-block-heading\"><strong>10. Normativa Aplicable<\/strong><\/h3>\n\n\n\n<p>El presente contrato tiene car\u00e1cter mercantil y se regir\u00e1 e interpretar\u00e1 de acuerdo a las leyes espa\u00f1olas. <\/p>\n\n\n\n<h3 class=\"wp-block-heading\"><strong>11. Otras<\/strong><\/h3>\n\n\n\n<p>Para cualquier otra duda o consulta que no este especificada anteriormente, llamar a nuestro Servicio de Atenci\u00f3n al Cliente, con telefono 93 477 43 17 o bien enviar la consulta a <a href=\"mailto:nfo@escofetoliver.com\">info@escofetoliver.com<\/a>.<\/p>\n","protected":false},"excerpt":{"rendered":"<p>INFORMACI\u00d3N Y CONDICIONES GENERALES DE COMPRA El presente acuerdo regula las condiciones generales de compra de los productos ofertados en esta p\u00e1gina web por parte de ESCO CARNS 2000, S. L. U. con domicilio en la Calle de Casanova, n\u00fam. 144 Bajos 2 \u2013 08036 BARCELONA, provista de C. I. F. n\u00ba B62151956, e inscrita [&hellip;]<\/p>\n","protected":false},"author":1,"featured_media":0,"parent":0,"menu_order":12,"comment_status":"closed","ping_status":"closed","template":"page-legal.php","meta":{"_acf_changed":false,"footnotes":""},"coauthors":[149],"class_list":["post-38310","page","type-page","status-publish","hentry"],"acf":[],"_links":{"self":[{"href":"https:\/\/escofetoliver.com\/es\/wp-json\/wp\/v2\/pages\/38310","targetHints":{"allow":["GET"]}}],"collection":[{"href":"https:\/\/escofetoliver.com\/es\/wp-json\/wp\/v2\/pages"}],"about":[{"href":"https:\/\/escofetoliver.com\/es\/wp-json\/wp\/v2\/types\/page"}],"author":[{"embeddable":true,"href":"https:\/\/escofetoliver.com\/es\/wp-json\/wp\/v2\/users\/1"}],"replies":[{"embeddable":true,"href":"https:\/\/escofetoliver.com\/es\/wp-json\/wp\/v2\/comments?post=38310"}],"version-history":[{"count":1,"href":"https:\/\/escofetoliver.com\/es\/wp-json\/wp\/v2\/pages\/38310\/revisions"}],"predecessor-version":[{"id":51028,"href":"https:\/\/escofetoliver.com\/es\/wp-json\/wp\/v2\/pages\/38310\/revisions\/51028"}],"wp:attachment":[{"href":"https:\/\/escofetoliver.com\/es\/wp-json\/wp\/v2\/media?parent=38310"}],"wp:term":[{"taxonomy":"author","embeddable":true,"href":"https:\/\/escofetoliver.com\/es\/wp-json\/wp\/v2\/coauthors?post=38310"}],"curies":[{"name":"wp","href":"https:\/\/api.w.org\/{rel}","templated":true}]}}