{"id":38298,"date":"2021-05-29T10:22:07","date_gmt":"2021-05-29T10:22:07","guid":{"rendered":"http:\/\/carnescofetacasa.com\/politica-de-privacitat\/"},"modified":"2024-03-18T10:49:26","modified_gmt":"2024-03-18T09:49:26","slug":"politica-de-privacidad","status":"publish","type":"page","link":"https:\/\/escofetoliver.com\/es\/politica-de-privacidad\/","title":{"rendered":"POL\u00cdTICA DE PRIVACIDAD"},"content":{"rendered":"\n<h3 class=\"wp-block-heading\">RESPONSABLE DEL TRATAMIENTO<\/h3>\n\n\n\n<p><strong>Identidad<\/strong>                   <em>ESCO CARNS 2000, S.L.U.<\/em><br><strong>NIF<\/strong>                               <em>B62151956<\/em><br><strong>Direcci\u00f3n postal<\/strong>     <em>C\/ Casanova, n\u00fam. 144 bajos 2 \u2013 08036 Barcelona<\/em><br><strong>Tel\u00e9fono <\/strong>                    <em>93 477 43 17<\/em><br><strong>Correo electr\u00f3nico<\/strong> <em>info@escofetoliver.com<\/em><\/p>\n\n\n\n<p>R.M. de Barcelona, Tom n\u00fam. 32325, Foli n\u00fam. 191, Fulla b 206891<\/p>\n\n\n\n<h3 class=\"wp-block-heading\">FINALIDAD DEL TRATAMIENTO<\/h3>\n\n\n\n<p>Sus datos personales s\u00f3lo se utilizar\u00e1n para las siguientes finalidades:<br>&nbsp;<br>Gesti\u00f3n de productos y servicios contratados<br>Env\u00edo de informaci\u00f3n comercial, por v\u00eda electr\u00f3nica o no electr\u00f3nica, relacionada con los productos y servicios de ESCO CARNS 2000, S.L.U.&nbsp; A t\u00edtulo meramente enunciativo pero no limitativo, ofrece promociones, newsletter, etc. Adem\u00e1s de la realizaci\u00f3n de estudios de mercado; el servicio de atenci\u00f3n al cliente, resoluci\u00f3n de dudas, presentaci\u00f3n de quejas o sugerencias.<br>Los datos personales proporcionados se conservar\u00e1n mientras no se solicite su supresi\u00f3n por el interesado, y en cualquier caso, mientras se mantenga la relaci\u00f3n mercantil.<\/p>\n\n\n\n<h3 class=\"wp-block-heading\">LEGITIMACI\u00d3N DEL TRATAMIENTO<\/h3>\n\n\n\n<p>La base legal para el tratamiento de los datos es la legitimaci\u00f3n por consentimiento del interesado en el caso de que el usuario preste su autorizaci\u00f3n para un tratamiento concreto de datos como por ejemplo al solicitar la suscripci\u00f3n a la newsletter. Asimismo, el tratamiento de datos para el env\u00edo de comunicaciones comerciales&nbsp;relacionadas con el producto adquirido ser\u00e1 sustentado sobre la base del inter\u00e9s leg\u00edtimo en el caso de que exista una relaci\u00f3n comercial o contractual previa.<br>&nbsp;<br>En cualquier caso, ESCO CARNS 2000, S.L.U. estar\u00e1 legitimado el tratamiento de datos cuando sean necesarios para la ejecuci\u00f3n de alg\u00fan contrato. Para \u00e9ste \u00faltimo, la comunicaci\u00f3n de los datos personales m\u00ednimos es un requisito indispensable para suscribir el contrato, por lo que, en caso de no facilitar los mismos puede que ESCO CARNS 2000, S.L.U. no pueda facilitar el producto o servicio contratado.<\/p>\n\n\n\n<p>\u201cConforme al Art. 6, apartado 1, p\u00e1rrafo 1, letra a del RGPD, de haber obtenido previamente su consentimiento expreso a la inscripci\u00f3n a nuestro bolet\u00edn, utilizaremos los datos necesarios para ello para el env\u00edo de comunicaciones comerciales de acuerdo a dicho consentimiento. Usted puede darse de baja del bolet\u00edn en cualquier momento, enviando un mensaje a nuestra direcci\u00f3n de contacto aqu\u00ed descrita&nbsp;<a href=\"mailto:info@carnescofetacasa.com\">info@escofetoliver.co<\/a><a href=\"mailto:info@escofetoliver.com\">m<\/a>&nbsp;o&nbsp;&nbsp;haciendo click en el link previsto para ello en el e-mail con dicha comunicaci\u00f3n comercial. Tras darse de baja bloqueamos su direcci\u00f3n de correo electr\u00f3nico para este uso, siempre que usted no haya dado su consentimiento expreso de que los datos sigan siendo usados, o nos reservemos el derecho de continuar usando sus datos en casos permitidos por la ley y sobre los que les informamos en este documento.<\/p>\n\n\n\n<h3 class=\"wp-block-heading\">DESTINATARIOS DE CESIONES O TRANSFERENCIAS<\/h3>\n\n\n\n<p>ESCO CARNS 2000, S.L.U. informa a los interesados de que no lleva a cabo ninguna cesi\u00f3n, comunicaci\u00f3n o venta de datos dentro o fuera de la UE, salvo por imperativo legal. Si bien, para la adecuada prestaci\u00f3n de un servicio o su correcto funcionamiento, estos datos pueden ser tratados por terceros mediante una relaci\u00f3n contractual, actuando as\u00ed como encargados de tratamiento, y manteniendo as\u00ed la confidencialidad y secreto de la informaci\u00f3n.<\/p>\n\n\n\n<h3 class=\"wp-block-heading\">DERECHOS DE LAS PERSONAS INTERESADAS<\/h3>\n\n\n\n<p>Cualquier persona tiene derecho a obtener confirmaci\u00f3n sobre s\u00ed misma, ya que en ESCO CARNS 2000, S.L.U., se tratan datos personales que (le conciernan estos datos, o no).<\/p>\n\n\n\n<p>Por otro lado, cualquier interesado podr\u00e1 solicitar el ejercicio de los siguientes derechos ante ESCO CARNS 2000, S.L.U. presentando un escrito a la direcci\u00f3n postal que mostramos en el encabezamiento de esta p\u00e1gina:<\/p>\n\n\n\n<p>&#8211; Derecho de acceso: Permite al interesado conocer y obtener informaci\u00f3n sobre sus datos de car\u00e1cter personal sometidos a tratamiento.<\/p>\n\n\n\n<p>&#8211; Derecho de rectificaci\u00f3n o supresi\u00f3n: Permite corregir errores, modificar los datos que resulten ser inexactos o incompletos y garantizar la certeza de la informaci\u00f3n objeto del tratamiento.<\/p>\n\n\n\n<p>&#8211; Derecho de cancelaci\u00f3n: Permite que se supriman los datos que resulten ser inadecuados o excesivos.<\/p>\n\n\n\n<p>&#8211; Derecho de oposici\u00f3n: Derecho del interesado a que no se lleve a cabo el tratamiento de sus datos de car\u00e1cter personal o se cese en el mismo.<\/p>\n\n\n\n<p>&#8211; Limitaci\u00f3n del tratamiento: Conlleva el marcado de los datos personales conservados, con la finalidad de limitar su futuro tratamiento.<\/p>\n\n\n\n<p>&#8211; Portabilidad de los datos: Facilitaci\u00f3n de los datos objeto de tratamiento al interesado, a fin de que este pueda transmitirlos a otro responsable, sin impedimentos.<\/p>\n\n\n\n<p>&#8211; Derecho a no ser objeto de decisiones individuales automatizadas&nbsp;(incluida la elaboraci\u00f3n de perfiles): Es el derecho a no ser objeto de una decisi\u00f3n basada en el tratamiento automatizado que produzca efectos o afecte significativamente.<\/p>\n\n\n\n<p><br>El interesado puede, en cualquier momento, revocar el consentimiento previamente otorgado para usar sus datos. En el caso de que revoque el consentimiento para almacenar y procesas sus datos, ESCO CARNS 2000, S.L.U. no podr\u00e1 proporcionarle determinados servicios. &nbsp;<br>&nbsp;<br>En caso de desatenci\u00f3n de alguno de los citados derechos el interesado podr\u00e1 interponer la correspondiente reclamaci\u00f3n de tutela ante la Agencia Espa\u00f1ola de Protecci\u00f3n de Datos.<\/p>\n\n\n\n<p>El Trustbadge de Trusted Shops est\u00e1 integrado en esta p\u00e1gina web para mostrar su sello de calidad y las valoraciones recopiladas, as\u00ed como para ofrecer productos de Trusted Shops a compradores despu\u00e9s de realizar un pedido.<\/p>\n\n\n\n<p>Esto es necesario para la satisfacci\u00f3n de nuestros intereses leg\u00edtimos al comercializar nuestra oferta y para garantizar la seguridad de una compra, comforme al art\u00edculo 6 p\u00e1rrago f del RGPD. El Trustbadge, y los servicios anunciados con el mismo, forman parte de la oferta de Trusted Shops GmbH, Subbelrather Str. 15C, Colonia C.P. 50823, Alemania. Un proveedor de redes distribuci\u00f3n (CDN por sus siglas en ingl\u00e9s) provee el Trustbadge, como parte del procesamiento del pedido.<br><br>Trusted Shops GmbH utiliza proveedores de servicios de los EE.UU. Se garantiza un nivel adecuado de protecci\u00f3n de datos. Puedes encontrar m\u00e1s informaci\u00f3n sobre la seguridad de los datos de Trusted Shops GmbH aqu\u00ed: https:\/\/www.trustedshops.es\/aviso-legal\/<br><br>Cada vez que se consulta el Trustbadge, el servidor web guarda autom\u00e1ticamente un archivo de registro del servidor, que contiene la direcci\u00f3n IP, la fecha y la hora de la visita, la cantidad de datos transmitidos y el proveedor solicitante (datos de acceso), a la vez que registra la visita. Los datos de acceso individuales se almacenan en una base de datos de seguridad para el an\u00e1lisis de problemas de seguridad. Los archivos de registro se eliminan autom\u00e1ticamente, a m\u00e1s tardar, 90 d\u00edas despu\u00e9s de su creaci\u00f3n.<br><br>Los datos personales adicionales se transferir\u00e1n a Trusted Shops GmbH, en la medida en que, una vez formalizado un pedido, hayas optado por el uso de los productos de Trusted Shops o ya te hayas registrado para disfrutar de su uso. En este caso, se aplicar\u00e1 el acuerdo contractual establecido entre t\u00fa y Trusted Shops. Con este fin, los datos personales se recopilan autom\u00e1ticamente a partir de los datos del pedido. Independientemente de que est\u00e9 registrado o no como cliente de Trusted Shops, el cliente queda registrado mediante un par\u00e1metro neutral, la direcci\u00f3n de correo electr\u00f3nico encriptada mediante una funci\u00f3n de cifrado unidireccional. La direcci\u00f3n de correo electr\u00f3nico se convierte a este valor hash, que Trusted Shops no puede descifrar antes de su transmisi\u00f3n. Despu\u00e9s de comprobar una coincidencia, el par\u00e1metro se elimina autom\u00e1ticamente.<br><br>Esto es necesario para el cumplimiento de nuestros leg\u00edtimos intereses y los de Trusted Shops en la provisi\u00f3n de la protecci\u00f3n del comprador vinculada al pedido espec\u00edfico y los servicios de revisi\u00f3n transaccional conforme al art\u00edculo 6 p\u00e1rrafo f del RGPD. Puedes encontrar m\u00e1s detalles, incluido el derecho a presentar una objeci\u00f3n, en la Pol\u00edtica de privacidad de Trusted Shops vinculada anteriormente y dentro del Trustbadge.<\/p>\n","protected":false},"excerpt":{"rendered":"<p>RESPONSABLE DEL TRATAMIENTO Identidad ESCO CARNS 2000, S.L.U.NIF B62151956Direcci\u00f3n postal C\/ Casanova, n\u00fam. 144 bajos 2 \u2013 08036 BarcelonaTel\u00e9fono 93 477 43 17Correo electr\u00f3nico info@escofetoliver.com R.M. de Barcelona, Tom n\u00fam. 32325, Foli n\u00fam. 191, Fulla b 206891 FINALIDAD DEL TRATAMIENTO Sus datos personales s\u00f3lo se utilizar\u00e1n para las siguientes finalidades:&nbsp;Gesti\u00f3n de productos y servicios contratadosEnv\u00edo [&hellip;]<\/p>\n","protected":false},"author":1,"featured_media":0,"parent":0,"menu_order":13,"comment_status":"closed","ping_status":"closed","template":"page-legal.php","meta":{"_acf_changed":false,"footnotes":""},"coauthors":[149],"class_list":["post-38298","page","type-page","status-publish","hentry"],"acf":[],"_links":{"self":[{"href":"https:\/\/escofetoliver.com\/es\/wp-json\/wp\/v2\/pages\/38298","targetHints":{"allow":["GET"]}}],"collection":[{"href":"https:\/\/escofetoliver.com\/es\/wp-json\/wp\/v2\/pages"}],"about":[{"href":"https:\/\/escofetoliver.com\/es\/wp-json\/wp\/v2\/types\/page"}],"author":[{"embeddable":true,"href":"https:\/\/escofetoliver.com\/es\/wp-json\/wp\/v2\/users\/1"}],"replies":[{"embeddable":true,"href":"https:\/\/escofetoliver.com\/es\/wp-json\/wp\/v2\/comments?post=38298"}],"version-history":[{"count":2,"href":"https:\/\/escofetoliver.com\/es\/wp-json\/wp\/v2\/pages\/38298\/revisions"}],"predecessor-version":[{"id":51289,"href":"https:\/\/escofetoliver.com\/es\/wp-json\/wp\/v2\/pages\/38298\/revisions\/51289"}],"wp:attachment":[{"href":"https:\/\/escofetoliver.com\/es\/wp-json\/wp\/v2\/media?parent=38298"}],"wp:term":[{"taxonomy":"author","embeddable":true,"href":"https:\/\/escofetoliver.com\/es\/wp-json\/wp\/v2\/coauthors?post=38298"}],"curies":[{"name":"wp","href":"https:\/\/api.w.org\/{rel}","templated":true}]}}