{"id":38280,"date":"2021-05-28T20:56:18","date_gmt":"2021-05-28T20:56:18","guid":{"rendered":"http:\/\/carnescofetacasa.com\/?page_id=38280"},"modified":"2023-09-08T12:32:10","modified_gmt":"2023-09-08T10:32:10","slug":"bienestar-animal","status":"publish","type":"page","link":"https:\/\/escofetoliver.com\/es\/bienestar-animal\/","title":{"rendered":"BIENESTAR ANIMAL"},"content":{"rendered":"\n<h2 class=\"wp-block-heading\">Nuestros productos tienen el Certificado de Bienestar Animal.<\/h2>\n\n\n\n<p>El Bienestar Animal es uno de los pilares esenciales en la producci\u00f3n ganadera. Tiene el objetivo de garantizar la seguridad y la calidad alimentaria. Por ese motivo, el cuidado de nuestros animales es una m\u00e1xima prioridad para nuestra empresa.<\/p>\n\n\n\n<p>En&nbsp;Escofet&nbsp;Oliver trabajamos con varias granjas en el territorio catal\u00e1n, y con profesionales de la ganader\u00eda con larga trayectoria y conocimiento del sector.<\/p>\n\n\n\n<p>En estas granjas los animales son criados en las mejores condiciones, y en un ambiente&nbsp;id\u00f3neo. Trabajamos para que puedan expresar un comportamiento normal, y evaluamos peri\u00f3dicamente su salud para evitar el dolor, las lesiones o las enfermedades. Llevando a cabo un control exhaustivo de la alimentaci\u00f3n de nuestros animales; priorizando los piensos de origen vegetal y libres de transg\u00e9nicos.<\/p>\n\n\n\n<p>Cuidamos la calidad del producto desde su origen y garantizamos el bienestar de los animales en todo el proceso de producci\u00f3n.<\/p>\n\n\n\n<p><iframe loading=\"lazy\" title=\"Certificado de Bienestar Animal Escofet Oliver\" width=\"640\" height=\"360\" src=\"https:\/\/www.youtube.com\/embed\/uOjhqdrvA24?feature=oembed\" frameborder=\"0\" allow=\"accelerometer; autoplay; clipboard-write; encrypted-media; gyroscope; picture-in-picture; web-share\" referrerpolicy=\"strict-origin-when-cross-origin\" allowfullscreen><\/iframe><\/p>\n\n\n\n<h2 class=\"wp-block-heading\">\u00bfQu\u00e9 significa el Certificado Welfair?<\/h2>\n\n\n\n<p>Certifica que nuestras carnes provienen de animales que est\u00e1n bien cuidados. Y lo hace resaltando los siguientes aspectos:<\/p>\n\n\n\n<ol class=\"wp-block-list\">\n<li>Tienen buena alimentaci\u00f3n.<\/li>\n\n\n\n<li>Viven en un buen entorno.<\/li>\n\n\n\n<li>Presentan, en todo momento, una muy buena salud.<\/li>\n\n\n\n<li>Tienen un buen comportamiento y tambi\u00e9n son bien tratados.<\/li>\n<\/ol>\n\n\n\n<h2 class=\"wp-block-heading\">\u00bfC\u00f3mo funciona?<\/h2>\n\n\n\n<p>La certificaci\u00f3n se fundamenta en una auditor\u00eda exhaustiva del bienestar de los animales, a trav\u00e9s de la observaci\u00f3n directa de los animales y de su entorno.<\/p>\n\n\n\n<p>Cuenta con la supervisi\u00f3n de cient\u00edficos y t\u00e9cnicos especializados de gran prestigio y reconocimiento mundial (dentro del marco del proyecto europeo Welfare Quality\u00ae), los cuales llevan a cabo una evaluaci\u00f3n y control continuo que permite a los productores conocer el estado real de sus instalaciones y de sus animales, para as\u00ed poder realizar una mejora constante gracias al programa de certificaci\u00f3n.<\/p>\n\n\n\n<p>El certificado Welfair garantiza, de forma oficial, a los consumidores las buenas pr\u00e1cticas hacia los animales; as\u00ed como la calidad del producto que llega al consumo final.<\/p>\n\n\n\n<p><a href=\"https:\/\/www.animalwelfair.com\/ca\/\">www.animalwelfair.com<\/a><\/p>\n","protected":false},"excerpt":{"rendered":"<p>Nuestros productos tienen el Certificado de Bienestar Animal. El Bienestar Animal es uno de los pilares esenciales en la producci\u00f3n ganadera. Tiene el objetivo de garantizar la seguridad y la calidad alimentaria. Por ese motivo, el cuidado de nuestros animales es una m\u00e1xima prioridad para nuestra empresa. En&nbsp;Escofet&nbsp;Oliver trabajamos con varias granjas en el territorio [&hellip;]<\/p>\n","protected":false},"author":1,"featured_media":48866,"parent":0,"menu_order":6,"comment_status":"closed","ping_status":"closed","template":"page-legal.php","meta":{"_acf_changed":false,"footnotes":""},"coauthors":[149],"class_list":["post-38280","page","type-page","status-publish","has-post-thumbnail","hentry"],"acf":[],"_links":{"self":[{"href":"https:\/\/escofetoliver.com\/es\/wp-json\/wp\/v2\/pages\/38280","targetHints":{"allow":["GET"]}}],"collection":[{"href":"https:\/\/escofetoliver.com\/es\/wp-json\/wp\/v2\/pages"}],"about":[{"href":"https:\/\/escofetoliver.com\/es\/wp-json\/wp\/v2\/types\/page"}],"author":[{"embeddable":true,"href":"https:\/\/escofetoliver.com\/es\/wp-json\/wp\/v2\/users\/1"}],"replies":[{"embeddable":true,"href":"https:\/\/escofetoliver.com\/es\/wp-json\/wp\/v2\/comments?post=38280"}],"version-history":[{"count":0,"href":"https:\/\/escofetoliver.com\/es\/wp-json\/wp\/v2\/pages\/38280\/revisions"}],"wp:featuredmedia":[{"embeddable":true,"href":"https:\/\/escofetoliver.com\/es\/wp-json\/wp\/v2\/media\/48866"}],"wp:attachment":[{"href":"https:\/\/escofetoliver.com\/es\/wp-json\/wp\/v2\/media?parent=38280"}],"wp:term":[{"taxonomy":"author","embeddable":true,"href":"https:\/\/escofetoliver.com\/es\/wp-json\/wp\/v2\/coauthors?post=38280"}],"curies":[{"name":"wp","href":"https:\/\/api.w.org\/{rel}","templated":true}]}}