{"id":38203,"date":"2021-05-28T16:04:15","date_gmt":"2021-05-28T16:04:15","guid":{"rendered":"http:\/\/carnescofetacasa.com\/historia\/"},"modified":"2022-10-13T12:44:57","modified_gmt":"2022-10-13T10:44:57","slug":"historia","status":"publish","type":"page","link":"https:\/\/escofetoliver.com\/es\/historia\/","title":{"rendered":"HISTORIA"},"content":{"rendered":"\n<p>Escofet Oliver somos una empresa familiar dedicada a la venta de productos c\u00e1rnicos desde hace m\u00e1s de 60 a\u00f1os. La primera carnicer\u00eda Escofet Oliver abri\u00f3 en la calle Villarroel de Barcelona, y desde entonces contamos con tiendas en diferentes Mercados centenarios de Barcelona, como el del Ninot y el de Sant Antoni, as\u00ed como en el Mercado del Carmelo. Durante todos estos a\u00f1os, toda la familia Escofet Oliver nos hemos dedicado a ofrecer la mejor atenci\u00f3n y servicio a nuestros clientes, con una filosof\u00eda basada en: <\/p>\n\n\n\n<p><\/p>\n\n\n\n<p><\/p>\n\n\n\n<h2 class=\"wp-block-heading\">PRODUCTOS DE CALIDAD<\/h2>\n\n\n\n<p>En las carnicer\u00edas de Escofet Oliver ofrecemos las mejores carnes, embutidos y productos elaborados del mercado. Por esta raz\u00f3n, muchos de nuestros productos presentan denominaci\u00f3n de origen certificada.<\/p>\n\n\n\n<p><\/p>\n\n\n\n<h2 class=\"wp-block-heading\">SATISFACCI\u00d3N DEL CLIENTE<\/h2>\n\n\n\n<p>Para nosotros el cliente siempre es lo primero. Por eso, damos el mejor servicio, con iniciativas que buscan su satisfacci\u00f3n, como la personalizaci\u00f3n de cada tienda con espacios especiales seg\u00fan sus necesidades.<\/p>\n\n\n\n<p><\/p>\n\n\n\n<h2 class=\"wp-block-heading\">TRADICI\u00d3N<\/h2>\n\n\n\n<p>En Escofet Oliver somos fieles a nuestras marcas, tanto a las propias como a las de nuestros proveedores, para poder ofrecer a nuestros clientes los productos de siempre. Igualmente, tambi\u00e9n introducimos novedades peri\u00f3dicamente, para brindar la oportunidad de experimentar con nuevos sabores.<\/p>\n","protected":false},"excerpt":{"rendered":"<p>Escofet Oliver somos una empresa familiar dedicada a la venta de productos c\u00e1rnicos desde hace m\u00e1s de 60 a\u00f1os. La primera carnicer\u00eda Escofet Oliver abri\u00f3 en la calle Villarroel de Barcelona, y desde entonces contamos con tiendas en diferentes Mercados centenarios de Barcelona, como el del Ninot y el de Sant Antoni, as\u00ed como en [&hellip;]<\/p>\n","protected":false},"author":1,"featured_media":38226,"parent":0,"menu_order":6,"comment_status":"closed","ping_status":"closed","template":"page-legal.php","meta":{"_acf_changed":false,"footnotes":""},"coauthors":[149],"class_list":["post-38203","page","type-page","status-publish","has-post-thumbnail","hentry"],"acf":[],"_links":{"self":[{"href":"https:\/\/escofetoliver.com\/es\/wp-json\/wp\/v2\/pages\/38203","targetHints":{"allow":["GET"]}}],"collection":[{"href":"https:\/\/escofetoliver.com\/es\/wp-json\/wp\/v2\/pages"}],"about":[{"href":"https:\/\/escofetoliver.com\/es\/wp-json\/wp\/v2\/types\/page"}],"author":[{"embeddable":true,"href":"https:\/\/escofetoliver.com\/es\/wp-json\/wp\/v2\/users\/1"}],"replies":[{"embeddable":true,"href":"https:\/\/escofetoliver.com\/es\/wp-json\/wp\/v2\/comments?post=38203"}],"version-history":[{"count":0,"href":"https:\/\/escofetoliver.com\/es\/wp-json\/wp\/v2\/pages\/38203\/revisions"}],"wp:featuredmedia":[{"embeddable":true,"href":"https:\/\/escofetoliver.com\/es\/wp-json\/wp\/v2\/media\/38226"}],"wp:attachment":[{"href":"https:\/\/escofetoliver.com\/es\/wp-json\/wp\/v2\/media?parent=38203"}],"wp:term":[{"taxonomy":"author","embeddable":true,"href":"https:\/\/escofetoliver.com\/es\/wp-json\/wp\/v2\/coauthors?post=38203"}],"curies":[{"name":"wp","href":"https:\/\/api.w.org\/{rel}","templated":true}]}}