{"id":38106,"date":"2021-05-27T06:39:36","date_gmt":"2021-05-27T06:39:36","guid":{"rendered":"http:\/\/carnescofetacasa.com\/zona-dentrega\/"},"modified":"2026-04-01T11:22:23","modified_gmt":"2026-04-01T09:22:23","slug":"como-funciona","status":"publish","type":"page","link":"https:\/\/escofetoliver.com\/es\/como-funciona\/","title":{"rendered":"Zona de entrega"},"content":{"rendered":"\n<p>Introduce tu c\u00f3digo postal y comprueba si est\u00e1 dentro de nuestra \u00e1rea de reparto. No se realizar\u00e1n env\u00edos fuera de la zona que no este dentro de los c\u00f3digos postales aprovados.<\/p>\n","protected":false},"excerpt":{"rendered":"<p>Introduce tu c\u00f3digo postal y comprueba si est\u00e1 dentro de nuestra \u00e1rea de reparto. No se realizar\u00e1n env\u00edos fuera de la zona que no este dentro de los c\u00f3digos postales aprovados.<\/p>\n","protected":false},"author":1,"featured_media":0,"parent":0,"menu_order":1,"comment_status":"closed","ping_status":"closed","template":"zona-dentrega.php","meta":{"_acf_changed":false,"footnotes":""},"coauthors":[149],"class_list":["post-38106","page","type-page","status-publish","hentry"],"acf":[],"_links":{"self":[{"href":"https:\/\/escofetoliver.com\/es\/wp-json\/wp\/v2\/pages\/38106","targetHints":{"allow":["GET"]}}],"collection":[{"href":"https:\/\/escofetoliver.com\/es\/wp-json\/wp\/v2\/pages"}],"about":[{"href":"https:\/\/escofetoliver.com\/es\/wp-json\/wp\/v2\/types\/page"}],"author":[{"embeddable":true,"href":"https:\/\/escofetoliver.com\/es\/wp-json\/wp\/v2\/users\/1"}],"replies":[{"embeddable":true,"href":"https:\/\/escofetoliver.com\/es\/wp-json\/wp\/v2\/comments?post=38106"}],"version-history":[{"count":10,"href":"https:\/\/escofetoliver.com\/es\/wp-json\/wp\/v2\/pages\/38106\/revisions"}],"predecessor-version":[{"id":54061,"href":"https:\/\/escofetoliver.com\/es\/wp-json\/wp\/v2\/pages\/38106\/revisions\/54061"}],"wp:attachment":[{"href":"https:\/\/escofetoliver.com\/es\/wp-json\/wp\/v2\/media?parent=38106"}],"wp:term":[{"taxonomy":"author","embeddable":true,"href":"https:\/\/escofetoliver.com\/es\/wp-json\/wp\/v2\/coauthors?post=38106"}],"curies":[{"name":"wp","href":"https:\/\/api.w.org\/{rel}","templated":true}]}}